{"id":3801,"date":"2026-02-06T11:47:23","date_gmt":"2026-02-06T10:47:23","guid":{"rendered":"https:\/\/www.ets-giroud.fr\/?post_type=product&#038;p=3801"},"modified":"2026-02-06T15:26:23","modified_gmt":"2026-02-06T14:26:23","slug":"ventstream-1-2m","status":"publish","type":"product","link":"https:\/\/www.ets-giroud.fr\/index.php\/produit\/ventstream-1-2m\/","title":{"rendered":"VENTSTREAM &#8211; Purgeur automatique grand d\u00e9bit  1\/2&Prime;M"},"content":{"rendered":"<p>Purgeur d&rsquo;air automatique pour grand d\u00e9bit avec bouchon hygroscopique de s\u00e9curit\u00e9.<\/p>\n<p>Elimine l&rsquo;air des installations de chauffage et \u00e9vite les bruits et la corrosion.<\/p>\n","protected":false},"excerpt":{"rendered":"<p>R\u00e9f\u00e9rence : PVENT15 \/\/ Code article : 0491.151<\/p>\n","protected":false},"featured_media":3802,"comment_status":"open","ping_status":"closed","template":"","meta":[],"product_brand":[71],"product_cat":[78],"product_tag":[],"class_list":{"0":"post-3801","1":"product","2":"type-product","3":"status-publish","4":"has-post-thumbnail","6":"product_brand-thermador","7":"product_cat-purgeur","9":"first","10":"instock","11":"shipping-taxable","12":"product-type-simple"},"yoast_head":"<!-- This site is optimized with the Yoast SEO plugin v27.0 - https:\/\/yoast.com\/product\/yoast-seo-wordpress\/ -->\n<title>VENTSTREAM - Purgeur automatique grand d\u00e9bit 1\/2&quot;M -<\/title>\n<meta name=\"robots\" content=\"index, follow, max-snippet:-1, max-image-preview:large, max-video-preview:-1\" \/>\n<link rel=\"canonical\" href=\"https:\/\/www.ets-giroud.fr\/index.php\/produit\/ventstream-1-2m\/\" \/>\n<meta property=\"og:locale\" content=\"fr_FR\" \/>\n<meta property=\"og:type\" content=\"article\" \/>\n<meta property=\"og:title\" content=\"VENTSTREAM - Purgeur automatique grand d\u00e9bit 1\/2&quot;M -\" \/>\n<meta property=\"og:description\" content=\"R\u00e9f\u00e9rence : PVENT15 \/\/ Code article : 0491.151\" \/>\n<meta property=\"og:url\" content=\"https:\/\/www.ets-giroud.fr\/index.php\/produit\/ventstream-1-2m\/\" \/>\n<meta property=\"article:modified_time\" content=\"2026-02-06T14:26:23+00:00\" \/>\n<meta property=\"og:image\" content=\"http:\/\/www.ets-giroud.fr\/wp-content\/uploads\/2026\/02\/Capture-decran-2026-02-06-114545.png\" \/>\n\t<meta property=\"og:image:width\" content=\"366\" \/>\n\t<meta property=\"og:image:height\" content=\"450\" \/>\n\t<meta property=\"og:image:type\" content=\"image\/png\" \/>\n<meta name=\"twitter:card\" content=\"summary_large_image\" \/>\n<meta name=\"twitter:label1\" content=\"Dur\u00e9e de lecture estim\u00e9e\" \/>\n\t<meta name=\"twitter:data1\" content=\"1 minute\" \/>\n<script type=\"application\/ld+json\" class=\"yoast-schema-graph\">{\"@context\":\"https:\/\/schema.org\",\"@graph\":[{\"@type\":\"WebPage\",\"@id\":\"https:\/\/www.ets-giroud.fr\/index.php\/produit\/ventstream-1-2m\/\",\"url\":\"https:\/\/www.ets-giroud.fr\/index.php\/produit\/ventstream-1-2m\/\",\"name\":\"VENTSTREAM - Purgeur automatique grand d\u00e9bit 1\/2\\\"M -\",\"isPartOf\":{\"@id\":\"https:\/\/www.ets-giroud.fr\/#website\"},\"primaryImageOfPage\":{\"@id\":\"https:\/\/www.ets-giroud.fr\/index.php\/produit\/ventstream-1-2m\/#primaryimage\"},\"image\":{\"@id\":\"https:\/\/www.ets-giroud.fr\/index.php\/produit\/ventstream-1-2m\/#primaryimage\"},\"thumbnailUrl\":\"https:\/\/www.ets-giroud.fr\/wp-content\/uploads\/2026\/02\/Capture-decran-2026-02-06-114545.png\",\"datePublished\":\"2026-02-06T10:47:23+00:00\",\"dateModified\":\"2026-02-06T14:26:23+00:00\",\"breadcrumb\":{\"@id\":\"https:\/\/www.ets-giroud.fr\/index.php\/produit\/ventstream-1-2m\/#breadcrumb\"},\"inLanguage\":\"fr-FR\",\"potentialAction\":[{\"@type\":\"ReadAction\",\"target\":[\"https:\/\/www.ets-giroud.fr\/index.php\/produit\/ventstream-1-2m\/\"]}]},{\"@type\":\"ImageObject\",\"inLanguage\":\"fr-FR\",\"@id\":\"https:\/\/www.ets-giroud.fr\/index.php\/produit\/ventstream-1-2m\/#primaryimage\",\"url\":\"https:\/\/www.ets-giroud.fr\/wp-content\/uploads\/2026\/02\/Capture-decran-2026-02-06-114545.png\",\"contentUrl\":\"https:\/\/www.ets-giroud.fr\/wp-content\/uploads\/2026\/02\/Capture-decran-2026-02-06-114545.png\",\"width\":366,\"height\":450},{\"@type\":\"BreadcrumbList\",\"@id\":\"https:\/\/www.ets-giroud.fr\/index.php\/produit\/ventstream-1-2m\/#breadcrumb\",\"itemListElement\":[{\"@type\":\"ListItem\",\"position\":1,\"name\":\"Accueil\",\"item\":\"https:\/\/www.ets-giroud.fr\/\"},{\"@type\":\"ListItem\",\"position\":2,\"name\":\"Produits\",\"item\":\"https:\/\/www.ets-giroud.fr\/index.php\/shop\/\"},{\"@type\":\"ListItem\",\"position\":3,\"name\":\"VENTSTREAM &#8211; Purgeur automatique grand d\u00e9bit 1\/2&Prime;M\"}]},{\"@type\":\"WebSite\",\"@id\":\"https:\/\/www.ets-giroud.fr\/#website\",\"url\":\"https:\/\/www.ets-giroud.fr\/\",\"name\":\"ETS GIROUD\",\"description\":\"\",\"publisher\":{\"@id\":\"https:\/\/www.ets-giroud.fr\/#organization\"},\"potentialAction\":[{\"@type\":\"SearchAction\",\"target\":{\"@type\":\"EntryPoint\",\"urlTemplate\":\"https:\/\/www.ets-giroud.fr\/?s={search_term_string}\"},\"query-input\":{\"@type\":\"PropertyValueSpecification\",\"valueRequired\":true,\"valueName\":\"search_term_string\"}}],\"inLanguage\":\"fr-FR\"},{\"@type\":\"Organization\",\"@id\":\"https:\/\/www.ets-giroud.fr\/#organization\",\"name\":\"ETS GIROUD\",\"alternateName\":\"ETABLISSEMENT GIROUD VENISSIEUX\",\"url\":\"https:\/\/www.ets-giroud.fr\/\",\"logo\":{\"@type\":\"ImageObject\",\"inLanguage\":\"fr-FR\",\"@id\":\"https:\/\/www.ets-giroud.fr\/#\/schema\/logo\/image\/\",\"url\":\"https:\/\/www.ets-giroud.fr\/wp-content\/uploads\/2023\/02\/LOGO-GIROUD-SS-FOND-Photoroom-2.png\",\"contentUrl\":\"https:\/\/www.ets-giroud.fr\/wp-content\/uploads\/2023\/02\/LOGO-GIROUD-SS-FOND-Photoroom-2.png\",\"width\":1691,\"height\":1038,\"caption\":\"ETS GIROUD\"},\"image\":{\"@id\":\"https:\/\/www.ets-giroud.fr\/#\/schema\/logo\/image\/\"}}]}<\/script>\n<!-- \/ Yoast SEO plugin. -->","yoast_head_json":{"title":"VENTSTREAM - Purgeur automatique grand d\u00e9bit 1\/2\"M -","robots":{"index":"index","follow":"follow","max-snippet":"max-snippet:-1","max-image-preview":"max-image-preview:large","max-video-preview":"max-video-preview:-1"},"canonical":"https:\/\/www.ets-giroud.fr\/index.php\/produit\/ventstream-1-2m\/","og_locale":"fr_FR","og_type":"article","og_title":"VENTSTREAM - Purgeur automatique grand d\u00e9bit 1\/2\"M -","og_description":"R\u00e9f\u00e9rence : PVENT15 \/\/ Code article : 0491.151","og_url":"https:\/\/www.ets-giroud.fr\/index.php\/produit\/ventstream-1-2m\/","article_modified_time":"2026-02-06T14:26:23+00:00","og_image":[{"width":366,"height":450,"url":"http:\/\/www.ets-giroud.fr\/wp-content\/uploads\/2026\/02\/Capture-decran-2026-02-06-114545.png","type":"image\/png"}],"twitter_card":"summary_large_image","twitter_misc":{"Dur\u00e9e de lecture estim\u00e9e":"1 minute"},"schema":{"@context":"https:\/\/schema.org","@graph":[{"@type":"WebPage","@id":"https:\/\/www.ets-giroud.fr\/index.php\/produit\/ventstream-1-2m\/","url":"https:\/\/www.ets-giroud.fr\/index.php\/produit\/ventstream-1-2m\/","name":"VENTSTREAM - Purgeur automatique grand d\u00e9bit 1\/2\"M -","isPartOf":{"@id":"https:\/\/www.ets-giroud.fr\/#website"},"primaryImageOfPage":{"@id":"https:\/\/www.ets-giroud.fr\/index.php\/produit\/ventstream-1-2m\/#primaryimage"},"image":{"@id":"https:\/\/www.ets-giroud.fr\/index.php\/produit\/ventstream-1-2m\/#primaryimage"},"thumbnailUrl":"https:\/\/www.ets-giroud.fr\/wp-content\/uploads\/2026\/02\/Capture-decran-2026-02-06-114545.png","datePublished":"2026-02-06T10:47:23+00:00","dateModified":"2026-02-06T14:26:23+00:00","breadcrumb":{"@id":"https:\/\/www.ets-giroud.fr\/index.php\/produit\/ventstream-1-2m\/#breadcrumb"},"inLanguage":"fr-FR","potentialAction":[{"@type":"ReadAction","target":["https:\/\/www.ets-giroud.fr\/index.php\/produit\/ventstream-1-2m\/"]}]},{"@type":"ImageObject","inLanguage":"fr-FR","@id":"https:\/\/www.ets-giroud.fr\/index.php\/produit\/ventstream-1-2m\/#primaryimage","url":"https:\/\/www.ets-giroud.fr\/wp-content\/uploads\/2026\/02\/Capture-decran-2026-02-06-114545.png","contentUrl":"https:\/\/www.ets-giroud.fr\/wp-content\/uploads\/2026\/02\/Capture-decran-2026-02-06-114545.png","width":366,"height":450},{"@type":"BreadcrumbList","@id":"https:\/\/www.ets-giroud.fr\/index.php\/produit\/ventstream-1-2m\/#breadcrumb","itemListElement":[{"@type":"ListItem","position":1,"name":"Accueil","item":"https:\/\/www.ets-giroud.fr\/"},{"@type":"ListItem","position":2,"name":"Produits","item":"https:\/\/www.ets-giroud.fr\/index.php\/shop\/"},{"@type":"ListItem","position":3,"name":"VENTSTREAM &#8211; Purgeur automatique grand d\u00e9bit 1\/2&Prime;M"}]},{"@type":"WebSite","@id":"https:\/\/www.ets-giroud.fr\/#website","url":"https:\/\/www.ets-giroud.fr\/","name":"ETS GIROUD","description":"","publisher":{"@id":"https:\/\/www.ets-giroud.fr\/#organization"},"potentialAction":[{"@type":"SearchAction","target":{"@type":"EntryPoint","urlTemplate":"https:\/\/www.ets-giroud.fr\/?s={search_term_string}"},"query-input":{"@type":"PropertyValueSpecification","valueRequired":true,"valueName":"search_term_string"}}],"inLanguage":"fr-FR"},{"@type":"Organization","@id":"https:\/\/www.ets-giroud.fr\/#organization","name":"ETS GIROUD","alternateName":"ETABLISSEMENT GIROUD VENISSIEUX","url":"https:\/\/www.ets-giroud.fr\/","logo":{"@type":"ImageObject","inLanguage":"fr-FR","@id":"https:\/\/www.ets-giroud.fr\/#\/schema\/logo\/image\/","url":"https:\/\/www.ets-giroud.fr\/wp-content\/uploads\/2023\/02\/LOGO-GIROUD-SS-FOND-Photoroom-2.png","contentUrl":"https:\/\/www.ets-giroud.fr\/wp-content\/uploads\/2023\/02\/LOGO-GIROUD-SS-FOND-Photoroom-2.png","width":1691,"height":1038,"caption":"ETS GIROUD"},"image":{"@id":"https:\/\/www.ets-giroud.fr\/#\/schema\/logo\/image\/"}}]}},"_links":{"self":[{"href":"https:\/\/www.ets-giroud.fr\/index.php\/wp-json\/wp\/v2\/product\/3801","targetHints":{"allow":["GET"]}}],"collection":[{"href":"https:\/\/www.ets-giroud.fr\/index.php\/wp-json\/wp\/v2\/product"}],"about":[{"href":"https:\/\/www.ets-giroud.fr\/index.php\/wp-json\/wp\/v2\/types\/product"}],"replies":[{"embeddable":true,"href":"https:\/\/www.ets-giroud.fr\/index.php\/wp-json\/wp\/v2\/comments?post=3801"}],"wp:featuredmedia":[{"embeddable":true,"href":"https:\/\/www.ets-giroud.fr\/index.php\/wp-json\/wp\/v2\/media\/3802"}],"wp:attachment":[{"href":"https:\/\/www.ets-giroud.fr\/index.php\/wp-json\/wp\/v2\/media?parent=3801"}],"wp:term":[{"taxonomy":"product_brand","embeddable":true,"href":"https:\/\/www.ets-giroud.fr\/index.php\/wp-json\/wp\/v2\/product_brand?post=3801"},{"taxonomy":"product_cat","embeddable":true,"href":"https:\/\/www.ets-giroud.fr\/index.php\/wp-json\/wp\/v2\/product_cat?post=3801"},{"taxonomy":"product_tag","embeddable":true,"href":"https:\/\/www.ets-giroud.fr\/index.php\/wp-json\/wp\/v2\/product_tag?post=3801"}],"curies":[{"name":"wp","href":"https:\/\/api.w.org\/{rel}","templated":true}]}}