{"id":4593,"date":"2026-02-23T14:38:48","date_gmt":"2026-02-23T13:38:48","guid":{"rendered":"https:\/\/www.ets-giroud.fr\/?post_type=product&#038;p=4593"},"modified":"2026-02-23T14:38:49","modified_gmt":"2026-02-23T13:38:49","slug":"tece-vanne-de-vidange-a2-avec-le-siege-de-soupape-et-selfs","status":"publish","type":"product","link":"https:\/\/www.ets-giroud.fr\/index.php\/produit\/tece-vanne-de-vidange-a2-avec-le-siege-de-soupape-et-selfs\/","title":{"rendered":"TECE vanne de vidange A2 avec le si\u00e8ge de soupape et selfs"},"content":{"rendered":"","protected":false},"excerpt":{"rendered":"<p>R\u00e9f\u00e9rence : 9820223 \/\/ Code article : T9820223<\/p>\n","protected":false},"featured_media":4594,"comment_status":"open","ping_status":"closed","template":"","meta":[],"product_brand":[115],"product_cat":[117],"product_tag":[],"class_list":{"0":"post-4593","1":"product","2":"type-product","3":"status-publish","4":"has-post-thumbnail","6":"product_brand-tece","7":"product_cat-tece-accessoires","9":"first","10":"instock","11":"shipping-taxable","12":"product-type-simple"},"yoast_head":"<!-- This site is optimized with the Yoast SEO plugin v27.0 - https:\/\/yoast.com\/product\/yoast-seo-wordpress\/ -->\n<title>TECE vanne de vidange A2 avec le si\u00e8ge de soupape et selfs -<\/title>\n<meta name=\"robots\" content=\"index, follow, max-snippet:-1, max-image-preview:large, max-video-preview:-1\" \/>\n<link rel=\"canonical\" href=\"https:\/\/www.ets-giroud.fr\/index.php\/produit\/tece-vanne-de-vidange-a2-avec-le-siege-de-soupape-et-selfs\/\" \/>\n<meta property=\"og:locale\" content=\"fr_FR\" \/>\n<meta property=\"og:type\" content=\"article\" \/>\n<meta property=\"og:title\" content=\"TECE vanne de vidange A2 avec le si\u00e8ge de soupape et selfs -\" \/>\n<meta property=\"og:description\" content=\"R\u00e9f\u00e9rence : 9820223 \/\/ Code article : T9820223\" \/>\n<meta property=\"og:url\" content=\"https:\/\/www.ets-giroud.fr\/index.php\/produit\/tece-vanne-de-vidange-a2-avec-le-siege-de-soupape-et-selfs\/\" \/>\n<meta property=\"article:modified_time\" content=\"2026-02-23T13:38:49+00:00\" \/>\n<meta property=\"og:image\" content=\"http:\/\/www.ets-giroud.fr\/wp-content\/uploads\/2026\/02\/Capture-decran-2026-02-23-143707.png\" \/>\n\t<meta property=\"og:image:width\" content=\"441\" \/>\n\t<meta property=\"og:image:height\" content=\"487\" \/>\n\t<meta property=\"og:image:type\" content=\"image\/png\" \/>\n<meta name=\"twitter:card\" content=\"summary_large_image\" \/>\n<meta name=\"twitter:label1\" content=\"Dur\u00e9e de lecture estim\u00e9e\" \/>\n\t<meta name=\"twitter:data1\" content=\"1 minute\" \/>\n<script type=\"application\/ld+json\" class=\"yoast-schema-graph\">{\"@context\":\"https:\/\/schema.org\",\"@graph\":[{\"@type\":\"WebPage\",\"@id\":\"https:\/\/www.ets-giroud.fr\/index.php\/produit\/tece-vanne-de-vidange-a2-avec-le-siege-de-soupape-et-selfs\/\",\"url\":\"https:\/\/www.ets-giroud.fr\/index.php\/produit\/tece-vanne-de-vidange-a2-avec-le-siege-de-soupape-et-selfs\/\",\"name\":\"TECE vanne de vidange A2 avec le si\u00e8ge de soupape et selfs -\",\"isPartOf\":{\"@id\":\"https:\/\/www.ets-giroud.fr\/#website\"},\"primaryImageOfPage\":{\"@id\":\"https:\/\/www.ets-giroud.fr\/index.php\/produit\/tece-vanne-de-vidange-a2-avec-le-siege-de-soupape-et-selfs\/#primaryimage\"},\"image\":{\"@id\":\"https:\/\/www.ets-giroud.fr\/index.php\/produit\/tece-vanne-de-vidange-a2-avec-le-siege-de-soupape-et-selfs\/#primaryimage\"},\"thumbnailUrl\":\"https:\/\/www.ets-giroud.fr\/wp-content\/uploads\/2026\/02\/Capture-decran-2026-02-23-143707.png\",\"datePublished\":\"2026-02-23T13:38:48+00:00\",\"dateModified\":\"2026-02-23T13:38:49+00:00\",\"breadcrumb\":{\"@id\":\"https:\/\/www.ets-giroud.fr\/index.php\/produit\/tece-vanne-de-vidange-a2-avec-le-siege-de-soupape-et-selfs\/#breadcrumb\"},\"inLanguage\":\"fr-FR\",\"potentialAction\":[{\"@type\":\"ReadAction\",\"target\":[\"https:\/\/www.ets-giroud.fr\/index.php\/produit\/tece-vanne-de-vidange-a2-avec-le-siege-de-soupape-et-selfs\/\"]}]},{\"@type\":\"ImageObject\",\"inLanguage\":\"fr-FR\",\"@id\":\"https:\/\/www.ets-giroud.fr\/index.php\/produit\/tece-vanne-de-vidange-a2-avec-le-siege-de-soupape-et-selfs\/#primaryimage\",\"url\":\"https:\/\/www.ets-giroud.fr\/wp-content\/uploads\/2026\/02\/Capture-decran-2026-02-23-143707.png\",\"contentUrl\":\"https:\/\/www.ets-giroud.fr\/wp-content\/uploads\/2026\/02\/Capture-decran-2026-02-23-143707.png\",\"width\":441,\"height\":487},{\"@type\":\"BreadcrumbList\",\"@id\":\"https:\/\/www.ets-giroud.fr\/index.php\/produit\/tece-vanne-de-vidange-a2-avec-le-siege-de-soupape-et-selfs\/#breadcrumb\",\"itemListElement\":[{\"@type\":\"ListItem\",\"position\":1,\"name\":\"Accueil\",\"item\":\"https:\/\/www.ets-giroud.fr\/\"},{\"@type\":\"ListItem\",\"position\":2,\"name\":\"Produits\",\"item\":\"https:\/\/www.ets-giroud.fr\/index.php\/shop\/\"},{\"@type\":\"ListItem\",\"position\":3,\"name\":\"TECE vanne de vidange A2 avec le si\u00e8ge de soupape et selfs\"}]},{\"@type\":\"WebSite\",\"@id\":\"https:\/\/www.ets-giroud.fr\/#website\",\"url\":\"https:\/\/www.ets-giroud.fr\/\",\"name\":\"ETS GIROUD\",\"description\":\"\",\"publisher\":{\"@id\":\"https:\/\/www.ets-giroud.fr\/#organization\"},\"potentialAction\":[{\"@type\":\"SearchAction\",\"target\":{\"@type\":\"EntryPoint\",\"urlTemplate\":\"https:\/\/www.ets-giroud.fr\/?s={search_term_string}\"},\"query-input\":{\"@type\":\"PropertyValueSpecification\",\"valueRequired\":true,\"valueName\":\"search_term_string\"}}],\"inLanguage\":\"fr-FR\"},{\"@type\":\"Organization\",\"@id\":\"https:\/\/www.ets-giroud.fr\/#organization\",\"name\":\"ETS GIROUD\",\"alternateName\":\"ETABLISSEMENT GIROUD VENISSIEUX\",\"url\":\"https:\/\/www.ets-giroud.fr\/\",\"logo\":{\"@type\":\"ImageObject\",\"inLanguage\":\"fr-FR\",\"@id\":\"https:\/\/www.ets-giroud.fr\/#\/schema\/logo\/image\/\",\"url\":\"https:\/\/www.ets-giroud.fr\/wp-content\/uploads\/2023\/02\/LOGO-GIROUD-SS-FOND-Photoroom-2.png\",\"contentUrl\":\"https:\/\/www.ets-giroud.fr\/wp-content\/uploads\/2023\/02\/LOGO-GIROUD-SS-FOND-Photoroom-2.png\",\"width\":1691,\"height\":1038,\"caption\":\"ETS GIROUD\"},\"image\":{\"@id\":\"https:\/\/www.ets-giroud.fr\/#\/schema\/logo\/image\/\"}}]}<\/script>\n<!-- \/ Yoast SEO plugin. -->","yoast_head_json":{"title":"TECE vanne de vidange A2 avec le si\u00e8ge de soupape et selfs -","robots":{"index":"index","follow":"follow","max-snippet":"max-snippet:-1","max-image-preview":"max-image-preview:large","max-video-preview":"max-video-preview:-1"},"canonical":"https:\/\/www.ets-giroud.fr\/index.php\/produit\/tece-vanne-de-vidange-a2-avec-le-siege-de-soupape-et-selfs\/","og_locale":"fr_FR","og_type":"article","og_title":"TECE vanne de vidange A2 avec le si\u00e8ge de soupape et selfs -","og_description":"R\u00e9f\u00e9rence : 9820223 \/\/ Code article : T9820223","og_url":"https:\/\/www.ets-giroud.fr\/index.php\/produit\/tece-vanne-de-vidange-a2-avec-le-siege-de-soupape-et-selfs\/","article_modified_time":"2026-02-23T13:38:49+00:00","og_image":[{"width":441,"height":487,"url":"http:\/\/www.ets-giroud.fr\/wp-content\/uploads\/2026\/02\/Capture-decran-2026-02-23-143707.png","type":"image\/png"}],"twitter_card":"summary_large_image","twitter_misc":{"Dur\u00e9e de lecture estim\u00e9e":"1 minute"},"schema":{"@context":"https:\/\/schema.org","@graph":[{"@type":"WebPage","@id":"https:\/\/www.ets-giroud.fr\/index.php\/produit\/tece-vanne-de-vidange-a2-avec-le-siege-de-soupape-et-selfs\/","url":"https:\/\/www.ets-giroud.fr\/index.php\/produit\/tece-vanne-de-vidange-a2-avec-le-siege-de-soupape-et-selfs\/","name":"TECE vanne de vidange A2 avec le si\u00e8ge de soupape et selfs -","isPartOf":{"@id":"https:\/\/www.ets-giroud.fr\/#website"},"primaryImageOfPage":{"@id":"https:\/\/www.ets-giroud.fr\/index.php\/produit\/tece-vanne-de-vidange-a2-avec-le-siege-de-soupape-et-selfs\/#primaryimage"},"image":{"@id":"https:\/\/www.ets-giroud.fr\/index.php\/produit\/tece-vanne-de-vidange-a2-avec-le-siege-de-soupape-et-selfs\/#primaryimage"},"thumbnailUrl":"https:\/\/www.ets-giroud.fr\/wp-content\/uploads\/2026\/02\/Capture-decran-2026-02-23-143707.png","datePublished":"2026-02-23T13:38:48+00:00","dateModified":"2026-02-23T13:38:49+00:00","breadcrumb":{"@id":"https:\/\/www.ets-giroud.fr\/index.php\/produit\/tece-vanne-de-vidange-a2-avec-le-siege-de-soupape-et-selfs\/#breadcrumb"},"inLanguage":"fr-FR","potentialAction":[{"@type":"ReadAction","target":["https:\/\/www.ets-giroud.fr\/index.php\/produit\/tece-vanne-de-vidange-a2-avec-le-siege-de-soupape-et-selfs\/"]}]},{"@type":"ImageObject","inLanguage":"fr-FR","@id":"https:\/\/www.ets-giroud.fr\/index.php\/produit\/tece-vanne-de-vidange-a2-avec-le-siege-de-soupape-et-selfs\/#primaryimage","url":"https:\/\/www.ets-giroud.fr\/wp-content\/uploads\/2026\/02\/Capture-decran-2026-02-23-143707.png","contentUrl":"https:\/\/www.ets-giroud.fr\/wp-content\/uploads\/2026\/02\/Capture-decran-2026-02-23-143707.png","width":441,"height":487},{"@type":"BreadcrumbList","@id":"https:\/\/www.ets-giroud.fr\/index.php\/produit\/tece-vanne-de-vidange-a2-avec-le-siege-de-soupape-et-selfs\/#breadcrumb","itemListElement":[{"@type":"ListItem","position":1,"name":"Accueil","item":"https:\/\/www.ets-giroud.fr\/"},{"@type":"ListItem","position":2,"name":"Produits","item":"https:\/\/www.ets-giroud.fr\/index.php\/shop\/"},{"@type":"ListItem","position":3,"name":"TECE vanne de vidange A2 avec le si\u00e8ge de soupape et selfs"}]},{"@type":"WebSite","@id":"https:\/\/www.ets-giroud.fr\/#website","url":"https:\/\/www.ets-giroud.fr\/","name":"ETS GIROUD","description":"","publisher":{"@id":"https:\/\/www.ets-giroud.fr\/#organization"},"potentialAction":[{"@type":"SearchAction","target":{"@type":"EntryPoint","urlTemplate":"https:\/\/www.ets-giroud.fr\/?s={search_term_string}"},"query-input":{"@type":"PropertyValueSpecification","valueRequired":true,"valueName":"search_term_string"}}],"inLanguage":"fr-FR"},{"@type":"Organization","@id":"https:\/\/www.ets-giroud.fr\/#organization","name":"ETS GIROUD","alternateName":"ETABLISSEMENT GIROUD VENISSIEUX","url":"https:\/\/www.ets-giroud.fr\/","logo":{"@type":"ImageObject","inLanguage":"fr-FR","@id":"https:\/\/www.ets-giroud.fr\/#\/schema\/logo\/image\/","url":"https:\/\/www.ets-giroud.fr\/wp-content\/uploads\/2023\/02\/LOGO-GIROUD-SS-FOND-Photoroom-2.png","contentUrl":"https:\/\/www.ets-giroud.fr\/wp-content\/uploads\/2023\/02\/LOGO-GIROUD-SS-FOND-Photoroom-2.png","width":1691,"height":1038,"caption":"ETS GIROUD"},"image":{"@id":"https:\/\/www.ets-giroud.fr\/#\/schema\/logo\/image\/"}}]}},"_links":{"self":[{"href":"https:\/\/www.ets-giroud.fr\/index.php\/wp-json\/wp\/v2\/product\/4593","targetHints":{"allow":["GET"]}}],"collection":[{"href":"https:\/\/www.ets-giroud.fr\/index.php\/wp-json\/wp\/v2\/product"}],"about":[{"href":"https:\/\/www.ets-giroud.fr\/index.php\/wp-json\/wp\/v2\/types\/product"}],"replies":[{"embeddable":true,"href":"https:\/\/www.ets-giroud.fr\/index.php\/wp-json\/wp\/v2\/comments?post=4593"}],"wp:featuredmedia":[{"embeddable":true,"href":"https:\/\/www.ets-giroud.fr\/index.php\/wp-json\/wp\/v2\/media\/4594"}],"wp:attachment":[{"href":"https:\/\/www.ets-giroud.fr\/index.php\/wp-json\/wp\/v2\/media?parent=4593"}],"wp:term":[{"taxonomy":"product_brand","embeddable":true,"href":"https:\/\/www.ets-giroud.fr\/index.php\/wp-json\/wp\/v2\/product_brand?post=4593"},{"taxonomy":"product_cat","embeddable":true,"href":"https:\/\/www.ets-giroud.fr\/index.php\/wp-json\/wp\/v2\/product_cat?post=4593"},{"taxonomy":"product_tag","embeddable":true,"href":"https:\/\/www.ets-giroud.fr\/index.php\/wp-json\/wp\/v2\/product_tag?post=4593"}],"curies":[{"name":"wp","href":"https:\/\/api.w.org\/{rel}","templated":true}]}}