{"id":4670,"date":"2026-02-24T08:58:58","date_gmt":"2026-02-24T07:58:58","guid":{"rendered":"https:\/\/www.ets-giroud.fr\/?post_type=product&#038;p=4670"},"modified":"2026-02-24T08:58:58","modified_gmt":"2026-02-24T07:58:58","slug":"manchette-wc-excentre-n8-blanche-a-levres-pour-tube-de-o-93-110mm","status":"publish","type":"product","link":"https:\/\/www.ets-giroud.fr\/index.php\/produit\/manchette-wc-excentre-n8-blanche-a-levres-pour-tube-de-o-93-110mm\/","title":{"rendered":"Manchette WC excentr\u00e9 N\u00b08 blanche \u00e0 l\u00e8vres pour tube de \u00d8 93-110mm"},"content":{"rendered":"<p>Hauteur : 105 mm<br \/>\nExcentr\u00e9 : 20 mm<br \/>\nDiam\u00e8tres : raccordement \u00e0 c\u00e9ramique d. 102 mm =\/- 5 mm, raccordement \u00e0 canalisation d. 100 et 110 mm<br \/>\nMati\u00e8res : polyol\u00e9fine<br \/>\nR\u00e9sistance temp\u00e9rature : -5\u00b0C + 75\u00b0C<br \/>\nR\u00e9sistance chimique : excellent au alcalis, tr\u00e8s bon aux acides, bon aux solvants<\/p>\n","protected":false},"excerpt":{"rendered":"<p>R\u00e9f\u00e9rence : 214-008 \/\/ Code article: 0145.214008<\/p>\n","protected":false},"featured_media":4671,"comment_status":"open","ping_status":"closed","template":"","meta":[],"product_brand":[124],"product_cat":[125],"product_tag":[],"class_list":{"0":"post-4670","1":"product","2":"type-product","3":"status-publish","4":"has-post-thumbnail","6":"product_brand-ceta","7":"product_cat-ceta-accessoires","9":"first","10":"instock","11":"shipping-taxable","12":"product-type-simple"},"yoast_head":"<!-- This site is optimized with the Yoast SEO plugin v27.0 - https:\/\/yoast.com\/product\/yoast-seo-wordpress\/ -->\n<title>Manchette WC excentr\u00e9 N\u00b08 blanche \u00e0 l\u00e8vres pour tube de \u00d8 93-110mm -<\/title>\n<meta name=\"robots\" content=\"index, follow, max-snippet:-1, max-image-preview:large, max-video-preview:-1\" \/>\n<link rel=\"canonical\" href=\"https:\/\/www.ets-giroud.fr\/index.php\/produit\/manchette-wc-excentre-n8-blanche-a-levres-pour-tube-de-o-93-110mm\/\" \/>\n<meta property=\"og:locale\" content=\"fr_FR\" \/>\n<meta property=\"og:type\" content=\"article\" \/>\n<meta property=\"og:title\" content=\"Manchette WC excentr\u00e9 N\u00b08 blanche \u00e0 l\u00e8vres pour tube de \u00d8 93-110mm -\" \/>\n<meta property=\"og:description\" content=\"R\u00e9f\u00e9rence : 214-008 \/\/ Code article: 0145.214008\" \/>\n<meta property=\"og:url\" content=\"https:\/\/www.ets-giroud.fr\/index.php\/produit\/manchette-wc-excentre-n8-blanche-a-levres-pour-tube-de-o-93-110mm\/\" \/>\n<meta property=\"og:image\" content=\"http:\/\/www.ets-giroud.fr\/wp-content\/uploads\/2026\/02\/Capture-decran-2026-02-24-085733.png\" \/>\n\t<meta property=\"og:image:width\" content=\"267\" \/>\n\t<meta property=\"og:image:height\" content=\"278\" \/>\n\t<meta property=\"og:image:type\" content=\"image\/png\" \/>\n<meta name=\"twitter:card\" content=\"summary_large_image\" \/>\n<meta name=\"twitter:label1\" content=\"Dur\u00e9e de lecture estim\u00e9e\" \/>\n\t<meta name=\"twitter:data1\" content=\"1 minute\" \/>\n<script type=\"application\/ld+json\" class=\"yoast-schema-graph\">{\"@context\":\"https:\/\/schema.org\",\"@graph\":[{\"@type\":\"WebPage\",\"@id\":\"https:\/\/www.ets-giroud.fr\/index.php\/produit\/manchette-wc-excentre-n8-blanche-a-levres-pour-tube-de-o-93-110mm\/\",\"url\":\"https:\/\/www.ets-giroud.fr\/index.php\/produit\/manchette-wc-excentre-n8-blanche-a-levres-pour-tube-de-o-93-110mm\/\",\"name\":\"Manchette WC excentr\u00e9 N\u00b08 blanche \u00e0 l\u00e8vres pour tube de \u00d8 93-110mm -\",\"isPartOf\":{\"@id\":\"https:\/\/www.ets-giroud.fr\/#website\"},\"primaryImageOfPage\":{\"@id\":\"https:\/\/www.ets-giroud.fr\/index.php\/produit\/manchette-wc-excentre-n8-blanche-a-levres-pour-tube-de-o-93-110mm\/#primaryimage\"},\"image\":{\"@id\":\"https:\/\/www.ets-giroud.fr\/index.php\/produit\/manchette-wc-excentre-n8-blanche-a-levres-pour-tube-de-o-93-110mm\/#primaryimage\"},\"thumbnailUrl\":\"https:\/\/www.ets-giroud.fr\/wp-content\/uploads\/2026\/02\/Capture-decran-2026-02-24-085733.png\",\"datePublished\":\"2026-02-24T07:58:58+00:00\",\"breadcrumb\":{\"@id\":\"https:\/\/www.ets-giroud.fr\/index.php\/produit\/manchette-wc-excentre-n8-blanche-a-levres-pour-tube-de-o-93-110mm\/#breadcrumb\"},\"inLanguage\":\"fr-FR\",\"potentialAction\":[{\"@type\":\"ReadAction\",\"target\":[\"https:\/\/www.ets-giroud.fr\/index.php\/produit\/manchette-wc-excentre-n8-blanche-a-levres-pour-tube-de-o-93-110mm\/\"]}]},{\"@type\":\"ImageObject\",\"inLanguage\":\"fr-FR\",\"@id\":\"https:\/\/www.ets-giroud.fr\/index.php\/produit\/manchette-wc-excentre-n8-blanche-a-levres-pour-tube-de-o-93-110mm\/#primaryimage\",\"url\":\"https:\/\/www.ets-giroud.fr\/wp-content\/uploads\/2026\/02\/Capture-decran-2026-02-24-085733.png\",\"contentUrl\":\"https:\/\/www.ets-giroud.fr\/wp-content\/uploads\/2026\/02\/Capture-decran-2026-02-24-085733.png\",\"width\":267,\"height\":278},{\"@type\":\"BreadcrumbList\",\"@id\":\"https:\/\/www.ets-giroud.fr\/index.php\/produit\/manchette-wc-excentre-n8-blanche-a-levres-pour-tube-de-o-93-110mm\/#breadcrumb\",\"itemListElement\":[{\"@type\":\"ListItem\",\"position\":1,\"name\":\"Accueil\",\"item\":\"https:\/\/www.ets-giroud.fr\/\"},{\"@type\":\"ListItem\",\"position\":2,\"name\":\"Produits\",\"item\":\"https:\/\/www.ets-giroud.fr\/index.php\/shop\/\"},{\"@type\":\"ListItem\",\"position\":3,\"name\":\"Manchette WC excentr\u00e9 N\u00b08 blanche \u00e0 l\u00e8vres pour tube de \u00d8 93-110mm\"}]},{\"@type\":\"WebSite\",\"@id\":\"https:\/\/www.ets-giroud.fr\/#website\",\"url\":\"https:\/\/www.ets-giroud.fr\/\",\"name\":\"ETS GIROUD\",\"description\":\"\",\"publisher\":{\"@id\":\"https:\/\/www.ets-giroud.fr\/#organization\"},\"potentialAction\":[{\"@type\":\"SearchAction\",\"target\":{\"@type\":\"EntryPoint\",\"urlTemplate\":\"https:\/\/www.ets-giroud.fr\/?s={search_term_string}\"},\"query-input\":{\"@type\":\"PropertyValueSpecification\",\"valueRequired\":true,\"valueName\":\"search_term_string\"}}],\"inLanguage\":\"fr-FR\"},{\"@type\":\"Organization\",\"@id\":\"https:\/\/www.ets-giroud.fr\/#organization\",\"name\":\"ETS GIROUD\",\"alternateName\":\"ETABLISSEMENT GIROUD VENISSIEUX\",\"url\":\"https:\/\/www.ets-giroud.fr\/\",\"logo\":{\"@type\":\"ImageObject\",\"inLanguage\":\"fr-FR\",\"@id\":\"https:\/\/www.ets-giroud.fr\/#\/schema\/logo\/image\/\",\"url\":\"https:\/\/www.ets-giroud.fr\/wp-content\/uploads\/2023\/02\/LOGO-GIROUD-SS-FOND-Photoroom-2.png\",\"contentUrl\":\"https:\/\/www.ets-giroud.fr\/wp-content\/uploads\/2023\/02\/LOGO-GIROUD-SS-FOND-Photoroom-2.png\",\"width\":1691,\"height\":1038,\"caption\":\"ETS GIROUD\"},\"image\":{\"@id\":\"https:\/\/www.ets-giroud.fr\/#\/schema\/logo\/image\/\"}}]}<\/script>\n<!-- \/ Yoast SEO plugin. -->","yoast_head_json":{"title":"Manchette WC excentr\u00e9 N\u00b08 blanche \u00e0 l\u00e8vres pour tube de \u00d8 93-110mm -","robots":{"index":"index","follow":"follow","max-snippet":"max-snippet:-1","max-image-preview":"max-image-preview:large","max-video-preview":"max-video-preview:-1"},"canonical":"https:\/\/www.ets-giroud.fr\/index.php\/produit\/manchette-wc-excentre-n8-blanche-a-levres-pour-tube-de-o-93-110mm\/","og_locale":"fr_FR","og_type":"article","og_title":"Manchette WC excentr\u00e9 N\u00b08 blanche \u00e0 l\u00e8vres pour tube de \u00d8 93-110mm -","og_description":"R\u00e9f\u00e9rence : 214-008 \/\/ Code article: 0145.214008","og_url":"https:\/\/www.ets-giroud.fr\/index.php\/produit\/manchette-wc-excentre-n8-blanche-a-levres-pour-tube-de-o-93-110mm\/","og_image":[{"width":267,"height":278,"url":"http:\/\/www.ets-giroud.fr\/wp-content\/uploads\/2026\/02\/Capture-decran-2026-02-24-085733.png","type":"image\/png"}],"twitter_card":"summary_large_image","twitter_misc":{"Dur\u00e9e de lecture estim\u00e9e":"1 minute"},"schema":{"@context":"https:\/\/schema.org","@graph":[{"@type":"WebPage","@id":"https:\/\/www.ets-giroud.fr\/index.php\/produit\/manchette-wc-excentre-n8-blanche-a-levres-pour-tube-de-o-93-110mm\/","url":"https:\/\/www.ets-giroud.fr\/index.php\/produit\/manchette-wc-excentre-n8-blanche-a-levres-pour-tube-de-o-93-110mm\/","name":"Manchette WC excentr\u00e9 N\u00b08 blanche \u00e0 l\u00e8vres pour tube de \u00d8 93-110mm -","isPartOf":{"@id":"https:\/\/www.ets-giroud.fr\/#website"},"primaryImageOfPage":{"@id":"https:\/\/www.ets-giroud.fr\/index.php\/produit\/manchette-wc-excentre-n8-blanche-a-levres-pour-tube-de-o-93-110mm\/#primaryimage"},"image":{"@id":"https:\/\/www.ets-giroud.fr\/index.php\/produit\/manchette-wc-excentre-n8-blanche-a-levres-pour-tube-de-o-93-110mm\/#primaryimage"},"thumbnailUrl":"https:\/\/www.ets-giroud.fr\/wp-content\/uploads\/2026\/02\/Capture-decran-2026-02-24-085733.png","datePublished":"2026-02-24T07:58:58+00:00","breadcrumb":{"@id":"https:\/\/www.ets-giroud.fr\/index.php\/produit\/manchette-wc-excentre-n8-blanche-a-levres-pour-tube-de-o-93-110mm\/#breadcrumb"},"inLanguage":"fr-FR","potentialAction":[{"@type":"ReadAction","target":["https:\/\/www.ets-giroud.fr\/index.php\/produit\/manchette-wc-excentre-n8-blanche-a-levres-pour-tube-de-o-93-110mm\/"]}]},{"@type":"ImageObject","inLanguage":"fr-FR","@id":"https:\/\/www.ets-giroud.fr\/index.php\/produit\/manchette-wc-excentre-n8-blanche-a-levres-pour-tube-de-o-93-110mm\/#primaryimage","url":"https:\/\/www.ets-giroud.fr\/wp-content\/uploads\/2026\/02\/Capture-decran-2026-02-24-085733.png","contentUrl":"https:\/\/www.ets-giroud.fr\/wp-content\/uploads\/2026\/02\/Capture-decran-2026-02-24-085733.png","width":267,"height":278},{"@type":"BreadcrumbList","@id":"https:\/\/www.ets-giroud.fr\/index.php\/produit\/manchette-wc-excentre-n8-blanche-a-levres-pour-tube-de-o-93-110mm\/#breadcrumb","itemListElement":[{"@type":"ListItem","position":1,"name":"Accueil","item":"https:\/\/www.ets-giroud.fr\/"},{"@type":"ListItem","position":2,"name":"Produits","item":"https:\/\/www.ets-giroud.fr\/index.php\/shop\/"},{"@type":"ListItem","position":3,"name":"Manchette WC excentr\u00e9 N\u00b08 blanche \u00e0 l\u00e8vres pour tube de \u00d8 93-110mm"}]},{"@type":"WebSite","@id":"https:\/\/www.ets-giroud.fr\/#website","url":"https:\/\/www.ets-giroud.fr\/","name":"ETS GIROUD","description":"","publisher":{"@id":"https:\/\/www.ets-giroud.fr\/#organization"},"potentialAction":[{"@type":"SearchAction","target":{"@type":"EntryPoint","urlTemplate":"https:\/\/www.ets-giroud.fr\/?s={search_term_string}"},"query-input":{"@type":"PropertyValueSpecification","valueRequired":true,"valueName":"search_term_string"}}],"inLanguage":"fr-FR"},{"@type":"Organization","@id":"https:\/\/www.ets-giroud.fr\/#organization","name":"ETS GIROUD","alternateName":"ETABLISSEMENT GIROUD VENISSIEUX","url":"https:\/\/www.ets-giroud.fr\/","logo":{"@type":"ImageObject","inLanguage":"fr-FR","@id":"https:\/\/www.ets-giroud.fr\/#\/schema\/logo\/image\/","url":"https:\/\/www.ets-giroud.fr\/wp-content\/uploads\/2023\/02\/LOGO-GIROUD-SS-FOND-Photoroom-2.png","contentUrl":"https:\/\/www.ets-giroud.fr\/wp-content\/uploads\/2023\/02\/LOGO-GIROUD-SS-FOND-Photoroom-2.png","width":1691,"height":1038,"caption":"ETS GIROUD"},"image":{"@id":"https:\/\/www.ets-giroud.fr\/#\/schema\/logo\/image\/"}}]}},"_links":{"self":[{"href":"https:\/\/www.ets-giroud.fr\/index.php\/wp-json\/wp\/v2\/product\/4670","targetHints":{"allow":["GET"]}}],"collection":[{"href":"https:\/\/www.ets-giroud.fr\/index.php\/wp-json\/wp\/v2\/product"}],"about":[{"href":"https:\/\/www.ets-giroud.fr\/index.php\/wp-json\/wp\/v2\/types\/product"}],"replies":[{"embeddable":true,"href":"https:\/\/www.ets-giroud.fr\/index.php\/wp-json\/wp\/v2\/comments?post=4670"}],"wp:featuredmedia":[{"embeddable":true,"href":"https:\/\/www.ets-giroud.fr\/index.php\/wp-json\/wp\/v2\/media\/4671"}],"wp:attachment":[{"href":"https:\/\/www.ets-giroud.fr\/index.php\/wp-json\/wp\/v2\/media?parent=4670"}],"wp:term":[{"taxonomy":"product_brand","embeddable":true,"href":"https:\/\/www.ets-giroud.fr\/index.php\/wp-json\/wp\/v2\/product_brand?post=4670"},{"taxonomy":"product_cat","embeddable":true,"href":"https:\/\/www.ets-giroud.fr\/index.php\/wp-json\/wp\/v2\/product_cat?post=4670"},{"taxonomy":"product_tag","embeddable":true,"href":"https:\/\/www.ets-giroud.fr\/index.php\/wp-json\/wp\/v2\/product_tag?post=4670"}],"curies":[{"name":"wp","href":"https:\/\/api.w.org\/{rel}","templated":true}]}}