{"id":5282,"date":"2026-02-26T15:58:38","date_gmt":"2026-02-26T14:58:38","guid":{"rendered":"https:\/\/www.ets-giroud.fr\/?post_type=product&#038;p=5282"},"modified":"2026-02-27T10:45:56","modified_gmt":"2026-02-27T09:45:56","slug":"extracteur-a-facade-ultra-fine","status":"publish","type":"product","link":"https:\/\/www.ets-giroud.fr\/index.php\/produit\/extracteur-a-facade-ultra-fine\/","title":{"rendered":"Extracteur \u00e0 fa\u00e7ade ultra-fine"},"content":{"rendered":"<div id=\"tab-label-description\" class=\"product-info-custom-title\" aria-labeledby=\"tab-label-description-title\" data-role=\"collapsible\"><strong>Extracteur \u00e0 fa\u00e7ade ultra-fine Filo de Vortice : esth\u00e9tique et \u00e9conomique<\/strong><\/div>\n<div id=\"description\" class=\"data item content\" data-role=\"content\">\n<div class=\"product attribute description\">\n<div class=\"value\">\n<div data-content-type=\"row\" data-appearance=\"contained\" data-element=\"main\">\n<div data-enable-parallax=\"0\" data-parallax-speed=\"0.5\" data-background-images=\"{}\" data-background-type=\"image\" data-video-loop=\"true\" data-video-play-only-visible=\"true\" data-video-lazy-load=\"true\" data-video-fallback-src=\"\" data-element=\"inner\" data-pb-style=\"X06W8HG\">\n<div data-content-type=\"text\" data-appearance=\"default\" data-element=\"main\">\n<p>Isol\u00e9es et prot\u00e9g\u00e9es contre l\u2019humidit\u00e9, les \u00e9claboussures d\u2019eau et la poussi\u00e8re, les\u00a0VMP \u00e0 extraction intermittente murales\u00a0poss\u00e8dent un Indice de Protection et une classe d\u2019isolation garantissant une s\u00e9curit\u00e9 optimale.<\/p>\n<p>Con\u00e7u \u00e0 partir d\u2019une technologie simple et efficace \u00e0 roulement \u00e0 billes, qui lui assure un fonctionnement silencieux et pr\u00e9serve sa long\u00e9vit\u00e9,\u00a0 l\u2019extracteur d\u2019air Filo \u00ab\u00a0Long Life\u00a0\u00bb\u00a0a une dur\u00e9e de vie de 30\u00a0000 heures.<\/p>\n<p>Construite autour de deux solutions techniques (\u00e0 roulements \u00e0 billes ou \u00e0 paliers), la gamme Filo\u00a0 se d\u00e9cline en nombreuses configurations pour tous les usages\u00a0:<\/p>\n<ul>\n<li>4 tailles<\/li>\n<li>Une version basse tension 12 VAC est disponible<\/li>\n<li>Des fonctionnalit\u00e9s vari\u00e9es et compl\u00e9mentaires\u00a0: volets, temporisation sondes d\u2019hygrom\u00e9trie ou de pr\u00e9sence<\/li>\n<\/ul>\n<p><strong>Domaine d\u2019application\u00a0: domestique<\/strong><\/p>\n<p><strong>Quel extracteur individuel mural choisir pour assainir une pi\u00e8ce ?<\/strong><\/p>\n<p>L\u2019a\u00e9rateur intermittent Filo\u00a0se fond dans l\u2019am\u00e9nagement d\u2019un espace int\u00e9rieur de par la finesse de sa fa\u00e7ade\u00a0: 17 mm. Il peut, de ce fait, s\u2019installer dans une salle de bains ou une cuisine discr\u00e8tement et en toute s\u00e9curit\u00e9 gr\u00e2ce \u00e0 son clapet anti-retour souple et d\u00e9montable.<\/p>\n<p>Par ailleurs, il peut \u00eatre \u00e9quip\u00e9 d\u2019un variateur \u00e9lectronique de vitesse\u00a0:<\/p>\n<ul>\n<li>pour r\u00e9gler la vitesse en fonction des besoins<\/li>\n<li>pour r\u00e9duire la consommation d\u2019\u00e9nergie<\/li>\n<\/ul>\n<\/div>\n<\/div>\n<\/div>\n<\/div>\n<\/div>\n<\/div>\n","protected":false},"excerpt":{"rendered":"<p>D\u00e9bit : 85 m3\/h, Pression disponible : 29, Puissance absorb\u00e9e : 15, Pression sonore : 31<\/p>\n","protected":false},"featured_media":5285,"comment_status":"open","ping_status":"closed","template":"","meta":[],"product_brand":[137],"product_cat":[138],"product_tag":[],"class_list":{"0":"post-5282","1":"product","2":"type-product","3":"status-publish","4":"has-post-thumbnail","6":"product_brand-axelair","7":"product_cat-climatisation","9":"first","10":"instock","11":"shipping-taxable","12":"purchasable","13":"product-type-variable"},"yoast_head":"<!-- This site is optimized with the Yoast SEO plugin v27.0 - https:\/\/yoast.com\/product\/yoast-seo-wordpress\/ -->\n<title>Extracteur \u00e0 fa\u00e7ade ultra-fine -<\/title>\n<meta name=\"robots\" content=\"index, follow, max-snippet:-1, max-image-preview:large, max-video-preview:-1\" \/>\n<link rel=\"canonical\" href=\"https:\/\/www.ets-giroud.fr\/index.php\/produit\/extracteur-a-facade-ultra-fine\/\" \/>\n<meta property=\"og:locale\" content=\"fr_FR\" \/>\n<meta property=\"og:type\" content=\"article\" \/>\n<meta property=\"og:title\" content=\"Extracteur \u00e0 fa\u00e7ade ultra-fine -\" \/>\n<meta property=\"og:description\" content=\"D\u00e9bit : 85 m3\/h, Pression disponible : 29, Puissance absorb\u00e9e : 15, Pression sonore : 31\" \/>\n<meta property=\"og:url\" content=\"https:\/\/www.ets-giroud.fr\/index.php\/produit\/extracteur-a-facade-ultra-fine\/\" \/>\n<meta property=\"article:modified_time\" content=\"2026-02-27T09:45:56+00:00\" \/>\n<meta property=\"og:image\" content=\"http:\/\/www.ets-giroud.fr\/wp-content\/uploads\/2026\/02\/Capture-decran-2026-02-26-155453.png\" \/>\n\t<meta property=\"og:image:width\" content=\"600\" \/>\n\t<meta property=\"og:image:height\" content=\"567\" \/>\n\t<meta property=\"og:image:type\" content=\"image\/png\" \/>\n<meta name=\"twitter:card\" content=\"summary_large_image\" \/>\n<meta name=\"twitter:label1\" content=\"Dur\u00e9e de lecture estim\u00e9e\" \/>\n\t<meta name=\"twitter:data1\" content=\"2 minutes\" \/>\n<script type=\"application\/ld+json\" class=\"yoast-schema-graph\">{\"@context\":\"https:\/\/schema.org\",\"@graph\":[{\"@type\":\"WebPage\",\"@id\":\"https:\/\/www.ets-giroud.fr\/index.php\/produit\/extracteur-a-facade-ultra-fine\/\",\"url\":\"https:\/\/www.ets-giroud.fr\/index.php\/produit\/extracteur-a-facade-ultra-fine\/\",\"name\":\"Extracteur \u00e0 fa\u00e7ade ultra-fine -\",\"isPartOf\":{\"@id\":\"https:\/\/www.ets-giroud.fr\/#website\"},\"primaryImageOfPage\":{\"@id\":\"https:\/\/www.ets-giroud.fr\/index.php\/produit\/extracteur-a-facade-ultra-fine\/#primaryimage\"},\"image\":{\"@id\":\"https:\/\/www.ets-giroud.fr\/index.php\/produit\/extracteur-a-facade-ultra-fine\/#primaryimage\"},\"thumbnailUrl\":\"https:\/\/www.ets-giroud.fr\/wp-content\/uploads\/2026\/02\/Capture-decran-2026-02-26-155453.png\",\"datePublished\":\"2026-02-26T14:58:38+00:00\",\"dateModified\":\"2026-02-27T09:45:56+00:00\",\"breadcrumb\":{\"@id\":\"https:\/\/www.ets-giroud.fr\/index.php\/produit\/extracteur-a-facade-ultra-fine\/#breadcrumb\"},\"inLanguage\":\"fr-FR\",\"potentialAction\":[{\"@type\":\"ReadAction\",\"target\":[\"https:\/\/www.ets-giroud.fr\/index.php\/produit\/extracteur-a-facade-ultra-fine\/\"]}]},{\"@type\":\"ImageObject\",\"inLanguage\":\"fr-FR\",\"@id\":\"https:\/\/www.ets-giroud.fr\/index.php\/produit\/extracteur-a-facade-ultra-fine\/#primaryimage\",\"url\":\"https:\/\/www.ets-giroud.fr\/wp-content\/uploads\/2026\/02\/Capture-decran-2026-02-26-155453.png\",\"contentUrl\":\"https:\/\/www.ets-giroud.fr\/wp-content\/uploads\/2026\/02\/Capture-decran-2026-02-26-155453.png\",\"width\":600,\"height\":567},{\"@type\":\"BreadcrumbList\",\"@id\":\"https:\/\/www.ets-giroud.fr\/index.php\/produit\/extracteur-a-facade-ultra-fine\/#breadcrumb\",\"itemListElement\":[{\"@type\":\"ListItem\",\"position\":1,\"name\":\"Accueil\",\"item\":\"https:\/\/www.ets-giroud.fr\/\"},{\"@type\":\"ListItem\",\"position\":2,\"name\":\"Produits\",\"item\":\"https:\/\/www.ets-giroud.fr\/index.php\/shop\/\"},{\"@type\":\"ListItem\",\"position\":3,\"name\":\"Extracteur \u00e0 fa\u00e7ade ultra-fine\"}]},{\"@type\":\"WebSite\",\"@id\":\"https:\/\/www.ets-giroud.fr\/#website\",\"url\":\"https:\/\/www.ets-giroud.fr\/\",\"name\":\"ETS GIROUD\",\"description\":\"\",\"publisher\":{\"@id\":\"https:\/\/www.ets-giroud.fr\/#organization\"},\"potentialAction\":[{\"@type\":\"SearchAction\",\"target\":{\"@type\":\"EntryPoint\",\"urlTemplate\":\"https:\/\/www.ets-giroud.fr\/?s={search_term_string}\"},\"query-input\":{\"@type\":\"PropertyValueSpecification\",\"valueRequired\":true,\"valueName\":\"search_term_string\"}}],\"inLanguage\":\"fr-FR\"},{\"@type\":\"Organization\",\"@id\":\"https:\/\/www.ets-giroud.fr\/#organization\",\"name\":\"ETS GIROUD\",\"alternateName\":\"ETABLISSEMENT GIROUD VENISSIEUX\",\"url\":\"https:\/\/www.ets-giroud.fr\/\",\"logo\":{\"@type\":\"ImageObject\",\"inLanguage\":\"fr-FR\",\"@id\":\"https:\/\/www.ets-giroud.fr\/#\/schema\/logo\/image\/\",\"url\":\"https:\/\/www.ets-giroud.fr\/wp-content\/uploads\/2023\/02\/LOGO-GIROUD-SS-FOND-Photoroom-2.png\",\"contentUrl\":\"https:\/\/www.ets-giroud.fr\/wp-content\/uploads\/2023\/02\/LOGO-GIROUD-SS-FOND-Photoroom-2.png\",\"width\":1691,\"height\":1038,\"caption\":\"ETS GIROUD\"},\"image\":{\"@id\":\"https:\/\/www.ets-giroud.fr\/#\/schema\/logo\/image\/\"}}]}<\/script>\n<!-- \/ Yoast SEO plugin. -->","yoast_head_json":{"title":"Extracteur \u00e0 fa\u00e7ade ultra-fine -","robots":{"index":"index","follow":"follow","max-snippet":"max-snippet:-1","max-image-preview":"max-image-preview:large","max-video-preview":"max-video-preview:-1"},"canonical":"https:\/\/www.ets-giroud.fr\/index.php\/produit\/extracteur-a-facade-ultra-fine\/","og_locale":"fr_FR","og_type":"article","og_title":"Extracteur \u00e0 fa\u00e7ade ultra-fine -","og_description":"D\u00e9bit : 85 m3\/h, Pression disponible : 29, Puissance absorb\u00e9e : 15, Pression sonore : 31","og_url":"https:\/\/www.ets-giroud.fr\/index.php\/produit\/extracteur-a-facade-ultra-fine\/","article_modified_time":"2026-02-27T09:45:56+00:00","og_image":[{"width":600,"height":567,"url":"http:\/\/www.ets-giroud.fr\/wp-content\/uploads\/2026\/02\/Capture-decran-2026-02-26-155453.png","type":"image\/png"}],"twitter_card":"summary_large_image","twitter_misc":{"Dur\u00e9e de lecture estim\u00e9e":"2 minutes"},"schema":{"@context":"https:\/\/schema.org","@graph":[{"@type":"WebPage","@id":"https:\/\/www.ets-giroud.fr\/index.php\/produit\/extracteur-a-facade-ultra-fine\/","url":"https:\/\/www.ets-giroud.fr\/index.php\/produit\/extracteur-a-facade-ultra-fine\/","name":"Extracteur \u00e0 fa\u00e7ade ultra-fine -","isPartOf":{"@id":"https:\/\/www.ets-giroud.fr\/#website"},"primaryImageOfPage":{"@id":"https:\/\/www.ets-giroud.fr\/index.php\/produit\/extracteur-a-facade-ultra-fine\/#primaryimage"},"image":{"@id":"https:\/\/www.ets-giroud.fr\/index.php\/produit\/extracteur-a-facade-ultra-fine\/#primaryimage"},"thumbnailUrl":"https:\/\/www.ets-giroud.fr\/wp-content\/uploads\/2026\/02\/Capture-decran-2026-02-26-155453.png","datePublished":"2026-02-26T14:58:38+00:00","dateModified":"2026-02-27T09:45:56+00:00","breadcrumb":{"@id":"https:\/\/www.ets-giroud.fr\/index.php\/produit\/extracteur-a-facade-ultra-fine\/#breadcrumb"},"inLanguage":"fr-FR","potentialAction":[{"@type":"ReadAction","target":["https:\/\/www.ets-giroud.fr\/index.php\/produit\/extracteur-a-facade-ultra-fine\/"]}]},{"@type":"ImageObject","inLanguage":"fr-FR","@id":"https:\/\/www.ets-giroud.fr\/index.php\/produit\/extracteur-a-facade-ultra-fine\/#primaryimage","url":"https:\/\/www.ets-giroud.fr\/wp-content\/uploads\/2026\/02\/Capture-decran-2026-02-26-155453.png","contentUrl":"https:\/\/www.ets-giroud.fr\/wp-content\/uploads\/2026\/02\/Capture-decran-2026-02-26-155453.png","width":600,"height":567},{"@type":"BreadcrumbList","@id":"https:\/\/www.ets-giroud.fr\/index.php\/produit\/extracteur-a-facade-ultra-fine\/#breadcrumb","itemListElement":[{"@type":"ListItem","position":1,"name":"Accueil","item":"https:\/\/www.ets-giroud.fr\/"},{"@type":"ListItem","position":2,"name":"Produits","item":"https:\/\/www.ets-giroud.fr\/index.php\/shop\/"},{"@type":"ListItem","position":3,"name":"Extracteur \u00e0 fa\u00e7ade ultra-fine"}]},{"@type":"WebSite","@id":"https:\/\/www.ets-giroud.fr\/#website","url":"https:\/\/www.ets-giroud.fr\/","name":"ETS GIROUD","description":"","publisher":{"@id":"https:\/\/www.ets-giroud.fr\/#organization"},"potentialAction":[{"@type":"SearchAction","target":{"@type":"EntryPoint","urlTemplate":"https:\/\/www.ets-giroud.fr\/?s={search_term_string}"},"query-input":{"@type":"PropertyValueSpecification","valueRequired":true,"valueName":"search_term_string"}}],"inLanguage":"fr-FR"},{"@type":"Organization","@id":"https:\/\/www.ets-giroud.fr\/#organization","name":"ETS GIROUD","alternateName":"ETABLISSEMENT GIROUD VENISSIEUX","url":"https:\/\/www.ets-giroud.fr\/","logo":{"@type":"ImageObject","inLanguage":"fr-FR","@id":"https:\/\/www.ets-giroud.fr\/#\/schema\/logo\/image\/","url":"https:\/\/www.ets-giroud.fr\/wp-content\/uploads\/2023\/02\/LOGO-GIROUD-SS-FOND-Photoroom-2.png","contentUrl":"https:\/\/www.ets-giroud.fr\/wp-content\/uploads\/2023\/02\/LOGO-GIROUD-SS-FOND-Photoroom-2.png","width":1691,"height":1038,"caption":"ETS GIROUD"},"image":{"@id":"https:\/\/www.ets-giroud.fr\/#\/schema\/logo\/image\/"}}]}},"_links":{"self":[{"href":"https:\/\/www.ets-giroud.fr\/index.php\/wp-json\/wp\/v2\/product\/5282","targetHints":{"allow":["GET"]}}],"collection":[{"href":"https:\/\/www.ets-giroud.fr\/index.php\/wp-json\/wp\/v2\/product"}],"about":[{"href":"https:\/\/www.ets-giroud.fr\/index.php\/wp-json\/wp\/v2\/types\/product"}],"replies":[{"embeddable":true,"href":"https:\/\/www.ets-giroud.fr\/index.php\/wp-json\/wp\/v2\/comments?post=5282"}],"wp:featuredmedia":[{"embeddable":true,"href":"https:\/\/www.ets-giroud.fr\/index.php\/wp-json\/wp\/v2\/media\/5285"}],"wp:attachment":[{"href":"https:\/\/www.ets-giroud.fr\/index.php\/wp-json\/wp\/v2\/media?parent=5282"}],"wp:term":[{"taxonomy":"product_brand","embeddable":true,"href":"https:\/\/www.ets-giroud.fr\/index.php\/wp-json\/wp\/v2\/product_brand?post=5282"},{"taxonomy":"product_cat","embeddable":true,"href":"https:\/\/www.ets-giroud.fr\/index.php\/wp-json\/wp\/v2\/product_cat?post=5282"},{"taxonomy":"product_tag","embeddable":true,"href":"https:\/\/www.ets-giroud.fr\/index.php\/wp-json\/wp\/v2\/product_tag?post=5282"}],"curies":[{"name":"wp","href":"https:\/\/api.w.org\/{rel}","templated":true}]}}