{"id":5287,"date":"2026-02-26T16:01:52","date_gmt":"2026-02-26T15:01:52","guid":{"rendered":"https:\/\/www.ets-giroud.fr\/?post_type=product&#038;p=5287"},"modified":"2026-02-27T17:06:19","modified_gmt":"2026-02-27T16:06:19","slug":"extracteur-en-conduit-residentiels","status":"publish","type":"product","link":"https:\/\/www.ets-giroud.fr\/index.php\/produit\/extracteur-en-conduit-residentiels\/","title":{"rendered":"Lineo &#8211; Extracteur en conduit r\u00e9sidentiels"},"content":{"rendered":"<p><strong>L\u2019extracteur en conduit Lineo de Vortice\u00a0: la force centrifuge<\/strong><\/p>\n<p>Ses 2 vitesses de rotation permettent \u00e0 l\u2019extracteur en conduit Lineo de Vortice\u00a0de g\u00e9rer des environnements diff\u00e9rents et d\u2019assainir des pi\u00e8ces aux configurations et aux volumes vari\u00e9s. Il a\u00e8re sans surchauffe (max 60 \u00b0 C) et d\u00e9t\u00e9riorations dues aux \u00e9carts de temp\u00e9rature.<\/p>\n<p><strong>Domaine d\u2019application\u00a0: domestique \u2013 Tertiaire et industrie (mod\u00e8les 150 et plus)<\/strong><\/p>\n<p><strong>En cas de besoin de maintenance, doit-on changer la pi\u00e8ce enti\u00e8re\u00a0de l\u2019a\u00e9rateur ?<\/strong><\/p>\n<p>Pratique, lors d\u2019une op\u00e9ration de maintenance n\u00e9cessitant de n\u2019en changer qu\u2019une seule partie, le corps du moteur de ce type d\u2019extracteur centrifuge\u00a0peut se d\u00e9monter facilement, sans d\u00e9placer ni porter atteinte au\u00a0conduit\u00a0en place.<\/p>\n","protected":false},"excerpt":{"rendered":"<p>L\u2019extracteur en conduit Lineo de Vortice\u00a0: la force centrifuge Ses 2 vitesses de rotation permettent \u00e0 l\u2019extracteur en conduit Lineo de Vortice\u00a0de g\u00e9rer des environnements diff\u00e9rents et d\u2019assainir des pi\u00e8ces aux configurations et aux volumes vari\u00e9s. Il a\u00e8re sans surchauffe (max 60 \u00b0 C) et d\u00e9t\u00e9riorations dues aux \u00e9carts de temp\u00e9rature. Domaine d\u2019application\u00a0: domestique \u2013 Tertiaire et industrie (mod\u00e8les 150 et plus) En cas de besoin de maintenance, doit-on changer la pi\u00e8ce enti\u00e8re\u00a0de l\u2019a\u00e9rateur ? Pratique, lors d\u2019une op\u00e9ration de maintenance n\u00e9cessitant de n\u2019en changer qu\u2019une seule partie, le corps du moteur de ce type d\u2019extracteur centrifuge\u00a0peut se d\u00e9monter facilement, sans d\u00e9placer ni porter atteinte au\u00a0conduit\u00a0en place.<\/p>\n","protected":false},"featured_media":5297,"comment_status":"open","ping_status":"closed","template":"","meta":[],"product_brand":[137],"product_cat":[138],"product_tag":[],"class_list":{"0":"post-5287","1":"product","2":"type-product","3":"status-publish","4":"has-post-thumbnail","6":"product_brand-axelair","7":"product_cat-climatisation","9":"first","10":"instock","11":"shipping-taxable","12":"purchasable","13":"product-type-variable"},"yoast_head":"<!-- This site is optimized with the Yoast SEO plugin v27.0 - https:\/\/yoast.com\/product\/yoast-seo-wordpress\/ -->\n<title>Lineo - Extracteur en conduit r\u00e9sidentiels -<\/title>\n<meta name=\"robots\" content=\"index, follow, max-snippet:-1, max-image-preview:large, max-video-preview:-1\" \/>\n<link rel=\"canonical\" href=\"https:\/\/www.ets-giroud.fr\/index.php\/produit\/extracteur-en-conduit-residentiels\/\" \/>\n<meta property=\"og:locale\" content=\"fr_FR\" \/>\n<meta property=\"og:type\" content=\"article\" \/>\n<meta property=\"og:title\" content=\"Lineo - Extracteur en conduit r\u00e9sidentiels -\" \/>\n<meta property=\"og:description\" content=\"L\u2019extracteur en conduit Lineo de Vortice\u00a0: la force centrifuge Ses 2 vitesses de rotation permettent \u00e0 l\u2019extracteur en conduit Lineo de Vortice\u00a0de g\u00e9rer des environnements diff\u00e9rents et d\u2019assainir des pi\u00e8ces aux configurations et aux volumes vari\u00e9s. Il a\u00e8re sans surchauffe (max 60 \u00b0 C) et d\u00e9t\u00e9riorations dues aux \u00e9carts de temp\u00e9rature. Domaine d\u2019application\u00a0: domestique \u2013 Tertiaire et industrie (mod\u00e8les 150 et plus) En cas de besoin de maintenance, doit-on changer la pi\u00e8ce enti\u00e8re\u00a0de l\u2019a\u00e9rateur ? Pratique, lors d\u2019une op\u00e9ration de maintenance n\u00e9cessitant de n\u2019en changer qu\u2019une seule partie, le corps du moteur de ce type d\u2019extracteur centrifuge\u00a0peut se d\u00e9monter facilement, sans d\u00e9placer ni porter atteinte au\u00a0conduit\u00a0en place.\" \/>\n<meta property=\"og:url\" content=\"https:\/\/www.ets-giroud.fr\/index.php\/produit\/extracteur-en-conduit-residentiels\/\" \/>\n<meta property=\"article:modified_time\" content=\"2026-02-27T16:06:19+00:00\" \/>\n<meta property=\"og:image\" content=\"http:\/\/www.ets-giroud.fr\/wp-content\/uploads\/2026\/02\/Capture-decran-2026-02-27-170219.png\" \/>\n\t<meta property=\"og:image:width\" content=\"675\" \/>\n\t<meta property=\"og:image:height\" content=\"565\" \/>\n\t<meta property=\"og:image:type\" content=\"image\/png\" \/>\n<meta name=\"twitter:card\" content=\"summary_large_image\" \/>\n<meta name=\"twitter:label1\" content=\"Dur\u00e9e de lecture estim\u00e9e\" \/>\n\t<meta name=\"twitter:data1\" content=\"1 minute\" \/>\n<script type=\"application\/ld+json\" class=\"yoast-schema-graph\">{\"@context\":\"https:\/\/schema.org\",\"@graph\":[{\"@type\":\"WebPage\",\"@id\":\"https:\/\/www.ets-giroud.fr\/index.php\/produit\/extracteur-en-conduit-residentiels\/\",\"url\":\"https:\/\/www.ets-giroud.fr\/index.php\/produit\/extracteur-en-conduit-residentiels\/\",\"name\":\"Lineo - Extracteur en conduit r\u00e9sidentiels -\",\"isPartOf\":{\"@id\":\"https:\/\/www.ets-giroud.fr\/#website\"},\"primaryImageOfPage\":{\"@id\":\"https:\/\/www.ets-giroud.fr\/index.php\/produit\/extracteur-en-conduit-residentiels\/#primaryimage\"},\"image\":{\"@id\":\"https:\/\/www.ets-giroud.fr\/index.php\/produit\/extracteur-en-conduit-residentiels\/#primaryimage\"},\"thumbnailUrl\":\"https:\/\/www.ets-giroud.fr\/wp-content\/uploads\/2026\/02\/Capture-decran-2026-02-27-170219.png\",\"datePublished\":\"2026-02-26T15:01:52+00:00\",\"dateModified\":\"2026-02-27T16:06:19+00:00\",\"breadcrumb\":{\"@id\":\"https:\/\/www.ets-giroud.fr\/index.php\/produit\/extracteur-en-conduit-residentiels\/#breadcrumb\"},\"inLanguage\":\"fr-FR\",\"potentialAction\":[{\"@type\":\"ReadAction\",\"target\":[\"https:\/\/www.ets-giroud.fr\/index.php\/produit\/extracteur-en-conduit-residentiels\/\"]}]},{\"@type\":\"ImageObject\",\"inLanguage\":\"fr-FR\",\"@id\":\"https:\/\/www.ets-giroud.fr\/index.php\/produit\/extracteur-en-conduit-residentiels\/#primaryimage\",\"url\":\"https:\/\/www.ets-giroud.fr\/wp-content\/uploads\/2026\/02\/Capture-decran-2026-02-27-170219.png\",\"contentUrl\":\"https:\/\/www.ets-giroud.fr\/wp-content\/uploads\/2026\/02\/Capture-decran-2026-02-27-170219.png\",\"width\":675,\"height\":565},{\"@type\":\"BreadcrumbList\",\"@id\":\"https:\/\/www.ets-giroud.fr\/index.php\/produit\/extracteur-en-conduit-residentiels\/#breadcrumb\",\"itemListElement\":[{\"@type\":\"ListItem\",\"position\":1,\"name\":\"Accueil\",\"item\":\"https:\/\/www.ets-giroud.fr\/\"},{\"@type\":\"ListItem\",\"position\":2,\"name\":\"Produits\",\"item\":\"https:\/\/www.ets-giroud.fr\/index.php\/shop\/\"},{\"@type\":\"ListItem\",\"position\":3,\"name\":\"Lineo &#8211; Extracteur en conduit r\u00e9sidentiels\"}]},{\"@type\":\"WebSite\",\"@id\":\"https:\/\/www.ets-giroud.fr\/#website\",\"url\":\"https:\/\/www.ets-giroud.fr\/\",\"name\":\"ETS GIROUD\",\"description\":\"\",\"publisher\":{\"@id\":\"https:\/\/www.ets-giroud.fr\/#organization\"},\"potentialAction\":[{\"@type\":\"SearchAction\",\"target\":{\"@type\":\"EntryPoint\",\"urlTemplate\":\"https:\/\/www.ets-giroud.fr\/?s={search_term_string}\"},\"query-input\":{\"@type\":\"PropertyValueSpecification\",\"valueRequired\":true,\"valueName\":\"search_term_string\"}}],\"inLanguage\":\"fr-FR\"},{\"@type\":\"Organization\",\"@id\":\"https:\/\/www.ets-giroud.fr\/#organization\",\"name\":\"ETS GIROUD\",\"alternateName\":\"ETABLISSEMENT GIROUD VENISSIEUX\",\"url\":\"https:\/\/www.ets-giroud.fr\/\",\"logo\":{\"@type\":\"ImageObject\",\"inLanguage\":\"fr-FR\",\"@id\":\"https:\/\/www.ets-giroud.fr\/#\/schema\/logo\/image\/\",\"url\":\"https:\/\/www.ets-giroud.fr\/wp-content\/uploads\/2023\/02\/LOGO-GIROUD-SS-FOND-Photoroom-2.png\",\"contentUrl\":\"https:\/\/www.ets-giroud.fr\/wp-content\/uploads\/2023\/02\/LOGO-GIROUD-SS-FOND-Photoroom-2.png\",\"width\":1691,\"height\":1038,\"caption\":\"ETS GIROUD\"},\"image\":{\"@id\":\"https:\/\/www.ets-giroud.fr\/#\/schema\/logo\/image\/\"}}]}<\/script>\n<!-- \/ Yoast SEO plugin. -->","yoast_head_json":{"title":"Lineo - Extracteur en conduit r\u00e9sidentiels -","robots":{"index":"index","follow":"follow","max-snippet":"max-snippet:-1","max-image-preview":"max-image-preview:large","max-video-preview":"max-video-preview:-1"},"canonical":"https:\/\/www.ets-giroud.fr\/index.php\/produit\/extracteur-en-conduit-residentiels\/","og_locale":"fr_FR","og_type":"article","og_title":"Lineo - Extracteur en conduit r\u00e9sidentiels -","og_description":"L\u2019extracteur en conduit Lineo de Vortice\u00a0: la force centrifuge Ses 2 vitesses de rotation permettent \u00e0 l\u2019extracteur en conduit Lineo de Vortice\u00a0de g\u00e9rer des environnements diff\u00e9rents et d\u2019assainir des pi\u00e8ces aux configurations et aux volumes vari\u00e9s. Il a\u00e8re sans surchauffe (max 60 \u00b0 C) et d\u00e9t\u00e9riorations dues aux \u00e9carts de temp\u00e9rature. Domaine d\u2019application\u00a0: domestique \u2013 Tertiaire et industrie (mod\u00e8les 150 et plus) En cas de besoin de maintenance, doit-on changer la pi\u00e8ce enti\u00e8re\u00a0de l\u2019a\u00e9rateur ? Pratique, lors d\u2019une op\u00e9ration de maintenance n\u00e9cessitant de n\u2019en changer qu\u2019une seule partie, le corps du moteur de ce type d\u2019extracteur centrifuge\u00a0peut se d\u00e9monter facilement, sans d\u00e9placer ni porter atteinte au\u00a0conduit\u00a0en place.","og_url":"https:\/\/www.ets-giroud.fr\/index.php\/produit\/extracteur-en-conduit-residentiels\/","article_modified_time":"2026-02-27T16:06:19+00:00","og_image":[{"width":675,"height":565,"url":"http:\/\/www.ets-giroud.fr\/wp-content\/uploads\/2026\/02\/Capture-decran-2026-02-27-170219.png","type":"image\/png"}],"twitter_card":"summary_large_image","twitter_misc":{"Dur\u00e9e de lecture estim\u00e9e":"1 minute"},"schema":{"@context":"https:\/\/schema.org","@graph":[{"@type":"WebPage","@id":"https:\/\/www.ets-giroud.fr\/index.php\/produit\/extracteur-en-conduit-residentiels\/","url":"https:\/\/www.ets-giroud.fr\/index.php\/produit\/extracteur-en-conduit-residentiels\/","name":"Lineo - Extracteur en conduit r\u00e9sidentiels -","isPartOf":{"@id":"https:\/\/www.ets-giroud.fr\/#website"},"primaryImageOfPage":{"@id":"https:\/\/www.ets-giroud.fr\/index.php\/produit\/extracteur-en-conduit-residentiels\/#primaryimage"},"image":{"@id":"https:\/\/www.ets-giroud.fr\/index.php\/produit\/extracteur-en-conduit-residentiels\/#primaryimage"},"thumbnailUrl":"https:\/\/www.ets-giroud.fr\/wp-content\/uploads\/2026\/02\/Capture-decran-2026-02-27-170219.png","datePublished":"2026-02-26T15:01:52+00:00","dateModified":"2026-02-27T16:06:19+00:00","breadcrumb":{"@id":"https:\/\/www.ets-giroud.fr\/index.php\/produit\/extracteur-en-conduit-residentiels\/#breadcrumb"},"inLanguage":"fr-FR","potentialAction":[{"@type":"ReadAction","target":["https:\/\/www.ets-giroud.fr\/index.php\/produit\/extracteur-en-conduit-residentiels\/"]}]},{"@type":"ImageObject","inLanguage":"fr-FR","@id":"https:\/\/www.ets-giroud.fr\/index.php\/produit\/extracteur-en-conduit-residentiels\/#primaryimage","url":"https:\/\/www.ets-giroud.fr\/wp-content\/uploads\/2026\/02\/Capture-decran-2026-02-27-170219.png","contentUrl":"https:\/\/www.ets-giroud.fr\/wp-content\/uploads\/2026\/02\/Capture-decran-2026-02-27-170219.png","width":675,"height":565},{"@type":"BreadcrumbList","@id":"https:\/\/www.ets-giroud.fr\/index.php\/produit\/extracteur-en-conduit-residentiels\/#breadcrumb","itemListElement":[{"@type":"ListItem","position":1,"name":"Accueil","item":"https:\/\/www.ets-giroud.fr\/"},{"@type":"ListItem","position":2,"name":"Produits","item":"https:\/\/www.ets-giroud.fr\/index.php\/shop\/"},{"@type":"ListItem","position":3,"name":"Lineo &#8211; Extracteur en conduit r\u00e9sidentiels"}]},{"@type":"WebSite","@id":"https:\/\/www.ets-giroud.fr\/#website","url":"https:\/\/www.ets-giroud.fr\/","name":"ETS GIROUD","description":"","publisher":{"@id":"https:\/\/www.ets-giroud.fr\/#organization"},"potentialAction":[{"@type":"SearchAction","target":{"@type":"EntryPoint","urlTemplate":"https:\/\/www.ets-giroud.fr\/?s={search_term_string}"},"query-input":{"@type":"PropertyValueSpecification","valueRequired":true,"valueName":"search_term_string"}}],"inLanguage":"fr-FR"},{"@type":"Organization","@id":"https:\/\/www.ets-giroud.fr\/#organization","name":"ETS GIROUD","alternateName":"ETABLISSEMENT GIROUD VENISSIEUX","url":"https:\/\/www.ets-giroud.fr\/","logo":{"@type":"ImageObject","inLanguage":"fr-FR","@id":"https:\/\/www.ets-giroud.fr\/#\/schema\/logo\/image\/","url":"https:\/\/www.ets-giroud.fr\/wp-content\/uploads\/2023\/02\/LOGO-GIROUD-SS-FOND-Photoroom-2.png","contentUrl":"https:\/\/www.ets-giroud.fr\/wp-content\/uploads\/2023\/02\/LOGO-GIROUD-SS-FOND-Photoroom-2.png","width":1691,"height":1038,"caption":"ETS GIROUD"},"image":{"@id":"https:\/\/www.ets-giroud.fr\/#\/schema\/logo\/image\/"}}]}},"_links":{"self":[{"href":"https:\/\/www.ets-giroud.fr\/index.php\/wp-json\/wp\/v2\/product\/5287","targetHints":{"allow":["GET"]}}],"collection":[{"href":"https:\/\/www.ets-giroud.fr\/index.php\/wp-json\/wp\/v2\/product"}],"about":[{"href":"https:\/\/www.ets-giroud.fr\/index.php\/wp-json\/wp\/v2\/types\/product"}],"replies":[{"embeddable":true,"href":"https:\/\/www.ets-giroud.fr\/index.php\/wp-json\/wp\/v2\/comments?post=5287"}],"wp:featuredmedia":[{"embeddable":true,"href":"https:\/\/www.ets-giroud.fr\/index.php\/wp-json\/wp\/v2\/media\/5297"}],"wp:attachment":[{"href":"https:\/\/www.ets-giroud.fr\/index.php\/wp-json\/wp\/v2\/media?parent=5287"}],"wp:term":[{"taxonomy":"product_brand","embeddable":true,"href":"https:\/\/www.ets-giroud.fr\/index.php\/wp-json\/wp\/v2\/product_brand?post=5287"},{"taxonomy":"product_cat","embeddable":true,"href":"https:\/\/www.ets-giroud.fr\/index.php\/wp-json\/wp\/v2\/product_cat?post=5287"},{"taxonomy":"product_tag","embeddable":true,"href":"https:\/\/www.ets-giroud.fr\/index.php\/wp-json\/wp\/v2\/product_tag?post=5287"}],"curies":[{"name":"wp","href":"https:\/\/api.w.org\/{rel}","templated":true}]}}