{"id":5313,"date":"2026-02-27T17:57:07","date_gmt":"2026-02-27T16:57:07","guid":{"rendered":"https:\/\/www.ets-giroud.fr\/?post_type=product&#038;p=5313"},"modified":"2026-02-27T18:00:17","modified_gmt":"2026-02-27T17:00:17","slug":"entree-dair-autoreglable-acoustique","status":"publish","type":"product","link":"https:\/\/www.ets-giroud.fr\/index.php\/produit\/entree-dair-autoreglable-acoustique\/","title":{"rendered":"Entr\u00e9e d&rsquo;air autor\u00e9glable acoustique"},"content":{"rendered":"<p>Les entr\u00e9es d\u2019air autor\u00e9glables acoustiques EAA sont install\u00e9es dans les pi\u00e8ces principales des logements pour l\u2019amen\u00e9e d\u2019air neuf des syst\u00e8mes simple flux de ventilation m\u00e9canique.<\/p>\n<p>Elles permettent de r\u00e9pondre aux exigences de la nouvelle r\u00e9glementation acoustique NRA imposant un classement de fa\u00e7ade DnT,Atr de 30 dB.<\/p>\n<p>\u2022 R\u00e9pond \u00e0 un classement de fa\u00e7ade de 30 dB<\/p>\n<p>\u2022 R\u00e9alis\u00e9es en polystyr\u00e8ne blanc<\/p>\n<p>\u2022 Fonctionnement sur parois verticales et sur tous plans inclin\u00e9s<\/p>\n<p>L\u2019\u00e9l\u00e9ment r\u00e9gulateur constitu\u00e9 d\u2019une lame souple polyester assure un d\u00e9bit constant sur une plage de pression comprise entre 20 et 100 Pa.<\/p>\n","protected":false},"excerpt":{"rendered":"<p>Les entr\u00e9es d\u2019air autor\u00e9glables acoustiques EAA sont install\u00e9es dans les pi\u00e8ces principales des logements pour l\u2019amen\u00e9e d\u2019air neuf des syst\u00e8mes simple flux de ventilation m\u00e9canique. Elles permettent de r\u00e9pondre aux exigences de la nouvelle r\u00e9glementation acoustique NRA imposant un classement de fa\u00e7ade DnT,Atr de 30 dB. \u2022 R\u00e9pond \u00e0 un classement de fa\u00e7ade de 30 dB \u2022 R\u00e9alis\u00e9es en polystyr\u00e8ne blanc \u2022 Fonctionnement sur parois verticales et sur tous plans inclin\u00e9s L\u2019\u00e9l\u00e9ment r\u00e9gulateur constitu\u00e9 d\u2019une lame souple polyester assure un d\u00e9bit constant sur une plage de pression comprise entre 20 et 100 Pa.<\/p>\n","protected":false},"featured_media":5314,"comment_status":"open","ping_status":"closed","template":"","meta":[],"product_brand":[137],"product_cat":[138],"product_tag":[],"class_list":{"0":"post-5313","1":"product","2":"type-product","3":"status-publish","4":"has-post-thumbnail","6":"product_brand-axelair","7":"product_cat-climatisation","9":"first","10":"instock","11":"shipping-taxable","12":"purchasable","13":"product-type-variable"},"yoast_head":"<!-- This site is optimized with the Yoast SEO plugin v27.0 - https:\/\/yoast.com\/product\/yoast-seo-wordpress\/ -->\n<title>Entr\u00e9e d&#039;air autor\u00e9glable acoustique -<\/title>\n<meta name=\"robots\" content=\"index, follow, max-snippet:-1, max-image-preview:large, max-video-preview:-1\" \/>\n<link rel=\"canonical\" href=\"https:\/\/www.ets-giroud.fr\/index.php\/produit\/entree-dair-autoreglable-acoustique\/\" \/>\n<meta property=\"og:locale\" content=\"fr_FR\" \/>\n<meta property=\"og:type\" content=\"article\" \/>\n<meta property=\"og:title\" content=\"Entr\u00e9e d&#039;air autor\u00e9glable acoustique -\" \/>\n<meta property=\"og:description\" content=\"Les entr\u00e9es d\u2019air autor\u00e9glables acoustiques EAA sont install\u00e9es dans les pi\u00e8ces principales des logements pour l\u2019amen\u00e9e d\u2019air neuf des syst\u00e8mes simple flux de ventilation m\u00e9canique. Elles permettent de r\u00e9pondre aux exigences de la nouvelle r\u00e9glementation acoustique NRA imposant un classement de fa\u00e7ade DnT,Atr de 30 dB. \u2022 R\u00e9pond \u00e0 un classement de fa\u00e7ade de 30 dB \u2022 R\u00e9alis\u00e9es en polystyr\u00e8ne blanc \u2022 Fonctionnement sur parois verticales et sur tous plans inclin\u00e9s L\u2019\u00e9l\u00e9ment r\u00e9gulateur constitu\u00e9 d\u2019une lame souple polyester assure un d\u00e9bit constant sur une plage de pression comprise entre 20 et 100 Pa.\" \/>\n<meta property=\"og:url\" content=\"https:\/\/www.ets-giroud.fr\/index.php\/produit\/entree-dair-autoreglable-acoustique\/\" \/>\n<meta property=\"article:modified_time\" content=\"2026-02-27T17:00:17+00:00\" \/>\n<meta property=\"og:image\" content=\"http:\/\/www.ets-giroud.fr\/wp-content\/uploads\/2026\/02\/Capture-decran-2026-02-27-175403.png\" \/>\n\t<meta property=\"og:image:width\" content=\"635\" \/>\n\t<meta property=\"og:image:height\" content=\"364\" \/>\n\t<meta property=\"og:image:type\" content=\"image\/png\" \/>\n<meta name=\"twitter:card\" content=\"summary_large_image\" \/>\n<meta name=\"twitter:label1\" content=\"Dur\u00e9e de lecture estim\u00e9e\" \/>\n\t<meta name=\"twitter:data1\" content=\"1 minute\" \/>\n<script type=\"application\/ld+json\" class=\"yoast-schema-graph\">{\"@context\":\"https:\/\/schema.org\",\"@graph\":[{\"@type\":\"WebPage\",\"@id\":\"https:\/\/www.ets-giroud.fr\/index.php\/produit\/entree-dair-autoreglable-acoustique\/\",\"url\":\"https:\/\/www.ets-giroud.fr\/index.php\/produit\/entree-dair-autoreglable-acoustique\/\",\"name\":\"Entr\u00e9e d'air autor\u00e9glable acoustique -\",\"isPartOf\":{\"@id\":\"https:\/\/www.ets-giroud.fr\/#website\"},\"primaryImageOfPage\":{\"@id\":\"https:\/\/www.ets-giroud.fr\/index.php\/produit\/entree-dair-autoreglable-acoustique\/#primaryimage\"},\"image\":{\"@id\":\"https:\/\/www.ets-giroud.fr\/index.php\/produit\/entree-dair-autoreglable-acoustique\/#primaryimage\"},\"thumbnailUrl\":\"https:\/\/www.ets-giroud.fr\/wp-content\/uploads\/2026\/02\/Capture-decran-2026-02-27-175403.png\",\"datePublished\":\"2026-02-27T16:57:07+00:00\",\"dateModified\":\"2026-02-27T17:00:17+00:00\",\"breadcrumb\":{\"@id\":\"https:\/\/www.ets-giroud.fr\/index.php\/produit\/entree-dair-autoreglable-acoustique\/#breadcrumb\"},\"inLanguage\":\"fr-FR\",\"potentialAction\":[{\"@type\":\"ReadAction\",\"target\":[\"https:\/\/www.ets-giroud.fr\/index.php\/produit\/entree-dair-autoreglable-acoustique\/\"]}]},{\"@type\":\"ImageObject\",\"inLanguage\":\"fr-FR\",\"@id\":\"https:\/\/www.ets-giroud.fr\/index.php\/produit\/entree-dair-autoreglable-acoustique\/#primaryimage\",\"url\":\"https:\/\/www.ets-giroud.fr\/wp-content\/uploads\/2026\/02\/Capture-decran-2026-02-27-175403.png\",\"contentUrl\":\"https:\/\/www.ets-giroud.fr\/wp-content\/uploads\/2026\/02\/Capture-decran-2026-02-27-175403.png\",\"width\":635,\"height\":364},{\"@type\":\"BreadcrumbList\",\"@id\":\"https:\/\/www.ets-giroud.fr\/index.php\/produit\/entree-dair-autoreglable-acoustique\/#breadcrumb\",\"itemListElement\":[{\"@type\":\"ListItem\",\"position\":1,\"name\":\"Accueil\",\"item\":\"https:\/\/www.ets-giroud.fr\/\"},{\"@type\":\"ListItem\",\"position\":2,\"name\":\"Produits\",\"item\":\"https:\/\/www.ets-giroud.fr\/index.php\/shop\/\"},{\"@type\":\"ListItem\",\"position\":3,\"name\":\"Entr\u00e9e d&rsquo;air autor\u00e9glable acoustique\"}]},{\"@type\":\"WebSite\",\"@id\":\"https:\/\/www.ets-giroud.fr\/#website\",\"url\":\"https:\/\/www.ets-giroud.fr\/\",\"name\":\"ETS GIROUD\",\"description\":\"\",\"publisher\":{\"@id\":\"https:\/\/www.ets-giroud.fr\/#organization\"},\"potentialAction\":[{\"@type\":\"SearchAction\",\"target\":{\"@type\":\"EntryPoint\",\"urlTemplate\":\"https:\/\/www.ets-giroud.fr\/?s={search_term_string}\"},\"query-input\":{\"@type\":\"PropertyValueSpecification\",\"valueRequired\":true,\"valueName\":\"search_term_string\"}}],\"inLanguage\":\"fr-FR\"},{\"@type\":\"Organization\",\"@id\":\"https:\/\/www.ets-giroud.fr\/#organization\",\"name\":\"ETS GIROUD\",\"alternateName\":\"ETABLISSEMENT GIROUD VENISSIEUX\",\"url\":\"https:\/\/www.ets-giroud.fr\/\",\"logo\":{\"@type\":\"ImageObject\",\"inLanguage\":\"fr-FR\",\"@id\":\"https:\/\/www.ets-giroud.fr\/#\/schema\/logo\/image\/\",\"url\":\"https:\/\/www.ets-giroud.fr\/wp-content\/uploads\/2023\/02\/LOGO-GIROUD-SS-FOND-Photoroom-2.png\",\"contentUrl\":\"https:\/\/www.ets-giroud.fr\/wp-content\/uploads\/2023\/02\/LOGO-GIROUD-SS-FOND-Photoroom-2.png\",\"width\":1691,\"height\":1038,\"caption\":\"ETS GIROUD\"},\"image\":{\"@id\":\"https:\/\/www.ets-giroud.fr\/#\/schema\/logo\/image\/\"}}]}<\/script>\n<!-- \/ Yoast SEO plugin. -->","yoast_head_json":{"title":"Entr\u00e9e d'air autor\u00e9glable acoustique -","robots":{"index":"index","follow":"follow","max-snippet":"max-snippet:-1","max-image-preview":"max-image-preview:large","max-video-preview":"max-video-preview:-1"},"canonical":"https:\/\/www.ets-giroud.fr\/index.php\/produit\/entree-dair-autoreglable-acoustique\/","og_locale":"fr_FR","og_type":"article","og_title":"Entr\u00e9e d'air autor\u00e9glable acoustique -","og_description":"Les entr\u00e9es d\u2019air autor\u00e9glables acoustiques EAA sont install\u00e9es dans les pi\u00e8ces principales des logements pour l\u2019amen\u00e9e d\u2019air neuf des syst\u00e8mes simple flux de ventilation m\u00e9canique. Elles permettent de r\u00e9pondre aux exigences de la nouvelle r\u00e9glementation acoustique NRA imposant un classement de fa\u00e7ade DnT,Atr de 30 dB. \u2022 R\u00e9pond \u00e0 un classement de fa\u00e7ade de 30 dB \u2022 R\u00e9alis\u00e9es en polystyr\u00e8ne blanc \u2022 Fonctionnement sur parois verticales et sur tous plans inclin\u00e9s L\u2019\u00e9l\u00e9ment r\u00e9gulateur constitu\u00e9 d\u2019une lame souple polyester assure un d\u00e9bit constant sur une plage de pression comprise entre 20 et 100 Pa.","og_url":"https:\/\/www.ets-giroud.fr\/index.php\/produit\/entree-dair-autoreglable-acoustique\/","article_modified_time":"2026-02-27T17:00:17+00:00","og_image":[{"width":635,"height":364,"url":"http:\/\/www.ets-giroud.fr\/wp-content\/uploads\/2026\/02\/Capture-decran-2026-02-27-175403.png","type":"image\/png"}],"twitter_card":"summary_large_image","twitter_misc":{"Dur\u00e9e de lecture estim\u00e9e":"1 minute"},"schema":{"@context":"https:\/\/schema.org","@graph":[{"@type":"WebPage","@id":"https:\/\/www.ets-giroud.fr\/index.php\/produit\/entree-dair-autoreglable-acoustique\/","url":"https:\/\/www.ets-giroud.fr\/index.php\/produit\/entree-dair-autoreglable-acoustique\/","name":"Entr\u00e9e d'air autor\u00e9glable acoustique -","isPartOf":{"@id":"https:\/\/www.ets-giroud.fr\/#website"},"primaryImageOfPage":{"@id":"https:\/\/www.ets-giroud.fr\/index.php\/produit\/entree-dair-autoreglable-acoustique\/#primaryimage"},"image":{"@id":"https:\/\/www.ets-giroud.fr\/index.php\/produit\/entree-dair-autoreglable-acoustique\/#primaryimage"},"thumbnailUrl":"https:\/\/www.ets-giroud.fr\/wp-content\/uploads\/2026\/02\/Capture-decran-2026-02-27-175403.png","datePublished":"2026-02-27T16:57:07+00:00","dateModified":"2026-02-27T17:00:17+00:00","breadcrumb":{"@id":"https:\/\/www.ets-giroud.fr\/index.php\/produit\/entree-dair-autoreglable-acoustique\/#breadcrumb"},"inLanguage":"fr-FR","potentialAction":[{"@type":"ReadAction","target":["https:\/\/www.ets-giroud.fr\/index.php\/produit\/entree-dair-autoreglable-acoustique\/"]}]},{"@type":"ImageObject","inLanguage":"fr-FR","@id":"https:\/\/www.ets-giroud.fr\/index.php\/produit\/entree-dair-autoreglable-acoustique\/#primaryimage","url":"https:\/\/www.ets-giroud.fr\/wp-content\/uploads\/2026\/02\/Capture-decran-2026-02-27-175403.png","contentUrl":"https:\/\/www.ets-giroud.fr\/wp-content\/uploads\/2026\/02\/Capture-decran-2026-02-27-175403.png","width":635,"height":364},{"@type":"BreadcrumbList","@id":"https:\/\/www.ets-giroud.fr\/index.php\/produit\/entree-dair-autoreglable-acoustique\/#breadcrumb","itemListElement":[{"@type":"ListItem","position":1,"name":"Accueil","item":"https:\/\/www.ets-giroud.fr\/"},{"@type":"ListItem","position":2,"name":"Produits","item":"https:\/\/www.ets-giroud.fr\/index.php\/shop\/"},{"@type":"ListItem","position":3,"name":"Entr\u00e9e d&rsquo;air autor\u00e9glable acoustique"}]},{"@type":"WebSite","@id":"https:\/\/www.ets-giroud.fr\/#website","url":"https:\/\/www.ets-giroud.fr\/","name":"ETS GIROUD","description":"","publisher":{"@id":"https:\/\/www.ets-giroud.fr\/#organization"},"potentialAction":[{"@type":"SearchAction","target":{"@type":"EntryPoint","urlTemplate":"https:\/\/www.ets-giroud.fr\/?s={search_term_string}"},"query-input":{"@type":"PropertyValueSpecification","valueRequired":true,"valueName":"search_term_string"}}],"inLanguage":"fr-FR"},{"@type":"Organization","@id":"https:\/\/www.ets-giroud.fr\/#organization","name":"ETS GIROUD","alternateName":"ETABLISSEMENT GIROUD VENISSIEUX","url":"https:\/\/www.ets-giroud.fr\/","logo":{"@type":"ImageObject","inLanguage":"fr-FR","@id":"https:\/\/www.ets-giroud.fr\/#\/schema\/logo\/image\/","url":"https:\/\/www.ets-giroud.fr\/wp-content\/uploads\/2023\/02\/LOGO-GIROUD-SS-FOND-Photoroom-2.png","contentUrl":"https:\/\/www.ets-giroud.fr\/wp-content\/uploads\/2023\/02\/LOGO-GIROUD-SS-FOND-Photoroom-2.png","width":1691,"height":1038,"caption":"ETS GIROUD"},"image":{"@id":"https:\/\/www.ets-giroud.fr\/#\/schema\/logo\/image\/"}}]}},"_links":{"self":[{"href":"https:\/\/www.ets-giroud.fr\/index.php\/wp-json\/wp\/v2\/product\/5313","targetHints":{"allow":["GET"]}}],"collection":[{"href":"https:\/\/www.ets-giroud.fr\/index.php\/wp-json\/wp\/v2\/product"}],"about":[{"href":"https:\/\/www.ets-giroud.fr\/index.php\/wp-json\/wp\/v2\/types\/product"}],"replies":[{"embeddable":true,"href":"https:\/\/www.ets-giroud.fr\/index.php\/wp-json\/wp\/v2\/comments?post=5313"}],"wp:featuredmedia":[{"embeddable":true,"href":"https:\/\/www.ets-giroud.fr\/index.php\/wp-json\/wp\/v2\/media\/5314"}],"wp:attachment":[{"href":"https:\/\/www.ets-giroud.fr\/index.php\/wp-json\/wp\/v2\/media?parent=5313"}],"wp:term":[{"taxonomy":"product_brand","embeddable":true,"href":"https:\/\/www.ets-giroud.fr\/index.php\/wp-json\/wp\/v2\/product_brand?post=5313"},{"taxonomy":"product_cat","embeddable":true,"href":"https:\/\/www.ets-giroud.fr\/index.php\/wp-json\/wp\/v2\/product_cat?post=5313"},{"taxonomy":"product_tag","embeddable":true,"href":"https:\/\/www.ets-giroud.fr\/index.php\/wp-json\/wp\/v2\/product_tag?post=5313"}],"curies":[{"name":"wp","href":"https:\/\/api.w.org\/{rel}","templated":true}]}}