{"id":5317,"date":"2026-02-27T18:03:45","date_gmt":"2026-02-27T17:03:45","guid":{"rendered":"https:\/\/www.ets-giroud.fr\/?post_type=product&#038;p=5317"},"modified":"2026-02-27T18:03:45","modified_gmt":"2026-02-27T17:03:45","slug":"entree-dair-hygroreglable-acoustique-6-45-m3-h","status":"publish","type":"product","link":"https:\/\/www.ets-giroud.fr\/index.php\/produit\/entree-dair-hygroreglable-acoustique-6-45-m3-h\/","title":{"rendered":"Entr\u00e9e d&rsquo;air hygror\u00e9glable acoustique 6-45 m3\/h"},"content":{"rendered":"<p>Utilis\u00e9e dans le cadre d\u2019une installation de VMC de type hygro B (Avis techniques \u00ab VMC hygror\u00e9glable ALIZ\u00c9 2018 pour logements collectifs \u00bb et \u00ab VMC hygror\u00e9glable ALIZ\u00c9 2018 pour logements individuels \u00bb), l\u2019entr\u00e9e d\u2019air hygror\u00e9glable ISOLA HY est associ\u00e9e aux bouches d\u2019extraction hygror\u00e9glables ou temporis\u00e9es du syst\u00e8me.<\/p>\n<p>Elle permet de r\u00e9pondre aux exigences de la nouvelle r\u00e9glementation acoustique NRA.<\/p>\n<p>R\u00e9pond \u00e0 un classement de fa\u00e7ade de 30 dB, classe ESA 4<\/p>\n<p>\u2022 R\u00e9alis\u00e9e en ABSblanc<\/p>\n<p>\u2022 Fonctionnement sur parois verticales et sur tous plans inclin\u00e9s<\/p>\n","protected":false},"excerpt":{"rendered":"<p>R\u00e9f\u00e9rence : EHA*<\/p>\n","protected":false},"featured_media":5318,"comment_status":"open","ping_status":"closed","template":"","meta":[],"product_brand":[137],"product_cat":[138],"product_tag":[],"class_list":{"0":"post-5317","1":"product","2":"type-product","3":"status-publish","4":"has-post-thumbnail","6":"product_brand-axelair","7":"product_cat-climatisation","9":"first","10":"instock","11":"shipping-taxable","12":"purchasable","13":"product-type-simple"},"yoast_head":"<!-- This site is optimized with the Yoast SEO plugin v27.0 - https:\/\/yoast.com\/product\/yoast-seo-wordpress\/ -->\n<title>Entr\u00e9e d&#039;air hygror\u00e9glable acoustique 6-45 m3\/h -<\/title>\n<meta name=\"robots\" content=\"index, follow, max-snippet:-1, max-image-preview:large, max-video-preview:-1\" \/>\n<link rel=\"canonical\" href=\"https:\/\/www.ets-giroud.fr\/index.php\/produit\/entree-dair-hygroreglable-acoustique-6-45-m3-h\/\" \/>\n<meta property=\"og:locale\" content=\"fr_FR\" \/>\n<meta property=\"og:type\" content=\"article\" \/>\n<meta property=\"og:title\" content=\"Entr\u00e9e d&#039;air hygror\u00e9glable acoustique 6-45 m3\/h -\" \/>\n<meta property=\"og:description\" content=\"R\u00e9f\u00e9rence : EHA*\" \/>\n<meta property=\"og:url\" content=\"https:\/\/www.ets-giroud.fr\/index.php\/produit\/entree-dair-hygroreglable-acoustique-6-45-m3-h\/\" \/>\n<meta property=\"og:image\" content=\"http:\/\/www.ets-giroud.fr\/wp-content\/uploads\/2026\/02\/Capture-decran-2026-02-27-180114.png\" \/>\n\t<meta property=\"og:image:width\" content=\"655\" \/>\n\t<meta property=\"og:image:height\" content=\"412\" \/>\n\t<meta property=\"og:image:type\" content=\"image\/png\" \/>\n<meta name=\"twitter:card\" content=\"summary_large_image\" \/>\n<meta name=\"twitter:label1\" content=\"Dur\u00e9e de lecture estim\u00e9e\" \/>\n\t<meta name=\"twitter:data1\" content=\"1 minute\" \/>\n<script type=\"application\/ld+json\" class=\"yoast-schema-graph\">{\"@context\":\"https:\/\/schema.org\",\"@graph\":[{\"@type\":\"WebPage\",\"@id\":\"https:\/\/www.ets-giroud.fr\/index.php\/produit\/entree-dair-hygroreglable-acoustique-6-45-m3-h\/\",\"url\":\"https:\/\/www.ets-giroud.fr\/index.php\/produit\/entree-dair-hygroreglable-acoustique-6-45-m3-h\/\",\"name\":\"Entr\u00e9e d'air hygror\u00e9glable acoustique 6-45 m3\/h -\",\"isPartOf\":{\"@id\":\"https:\/\/www.ets-giroud.fr\/#website\"},\"primaryImageOfPage\":{\"@id\":\"https:\/\/www.ets-giroud.fr\/index.php\/produit\/entree-dair-hygroreglable-acoustique-6-45-m3-h\/#primaryimage\"},\"image\":{\"@id\":\"https:\/\/www.ets-giroud.fr\/index.php\/produit\/entree-dair-hygroreglable-acoustique-6-45-m3-h\/#primaryimage\"},\"thumbnailUrl\":\"https:\/\/www.ets-giroud.fr\/wp-content\/uploads\/2026\/02\/Capture-decran-2026-02-27-180114.png\",\"datePublished\":\"2026-02-27T17:03:45+00:00\",\"breadcrumb\":{\"@id\":\"https:\/\/www.ets-giroud.fr\/index.php\/produit\/entree-dair-hygroreglable-acoustique-6-45-m3-h\/#breadcrumb\"},\"inLanguage\":\"fr-FR\",\"potentialAction\":[{\"@type\":\"ReadAction\",\"target\":[\"https:\/\/www.ets-giroud.fr\/index.php\/produit\/entree-dair-hygroreglable-acoustique-6-45-m3-h\/\"]}]},{\"@type\":\"ImageObject\",\"inLanguage\":\"fr-FR\",\"@id\":\"https:\/\/www.ets-giroud.fr\/index.php\/produit\/entree-dair-hygroreglable-acoustique-6-45-m3-h\/#primaryimage\",\"url\":\"https:\/\/www.ets-giroud.fr\/wp-content\/uploads\/2026\/02\/Capture-decran-2026-02-27-180114.png\",\"contentUrl\":\"https:\/\/www.ets-giroud.fr\/wp-content\/uploads\/2026\/02\/Capture-decran-2026-02-27-180114.png\",\"width\":655,\"height\":412},{\"@type\":\"BreadcrumbList\",\"@id\":\"https:\/\/www.ets-giroud.fr\/index.php\/produit\/entree-dair-hygroreglable-acoustique-6-45-m3-h\/#breadcrumb\",\"itemListElement\":[{\"@type\":\"ListItem\",\"position\":1,\"name\":\"Accueil\",\"item\":\"https:\/\/www.ets-giroud.fr\/\"},{\"@type\":\"ListItem\",\"position\":2,\"name\":\"Produits\",\"item\":\"https:\/\/www.ets-giroud.fr\/index.php\/shop\/\"},{\"@type\":\"ListItem\",\"position\":3,\"name\":\"Entr\u00e9e d&rsquo;air hygror\u00e9glable acoustique 6-45 m3\/h\"}]},{\"@type\":\"WebSite\",\"@id\":\"https:\/\/www.ets-giroud.fr\/#website\",\"url\":\"https:\/\/www.ets-giroud.fr\/\",\"name\":\"ETS GIROUD\",\"description\":\"\",\"publisher\":{\"@id\":\"https:\/\/www.ets-giroud.fr\/#organization\"},\"potentialAction\":[{\"@type\":\"SearchAction\",\"target\":{\"@type\":\"EntryPoint\",\"urlTemplate\":\"https:\/\/www.ets-giroud.fr\/?s={search_term_string}\"},\"query-input\":{\"@type\":\"PropertyValueSpecification\",\"valueRequired\":true,\"valueName\":\"search_term_string\"}}],\"inLanguage\":\"fr-FR\"},{\"@type\":\"Organization\",\"@id\":\"https:\/\/www.ets-giroud.fr\/#organization\",\"name\":\"ETS GIROUD\",\"alternateName\":\"ETABLISSEMENT GIROUD VENISSIEUX\",\"url\":\"https:\/\/www.ets-giroud.fr\/\",\"logo\":{\"@type\":\"ImageObject\",\"inLanguage\":\"fr-FR\",\"@id\":\"https:\/\/www.ets-giroud.fr\/#\/schema\/logo\/image\/\",\"url\":\"https:\/\/www.ets-giroud.fr\/wp-content\/uploads\/2023\/02\/LOGO-GIROUD-SS-FOND-Photoroom-2.png\",\"contentUrl\":\"https:\/\/www.ets-giroud.fr\/wp-content\/uploads\/2023\/02\/LOGO-GIROUD-SS-FOND-Photoroom-2.png\",\"width\":1691,\"height\":1038,\"caption\":\"ETS GIROUD\"},\"image\":{\"@id\":\"https:\/\/www.ets-giroud.fr\/#\/schema\/logo\/image\/\"}}]}<\/script>\n<!-- \/ Yoast SEO plugin. -->","yoast_head_json":{"title":"Entr\u00e9e d'air hygror\u00e9glable acoustique 6-45 m3\/h -","robots":{"index":"index","follow":"follow","max-snippet":"max-snippet:-1","max-image-preview":"max-image-preview:large","max-video-preview":"max-video-preview:-1"},"canonical":"https:\/\/www.ets-giroud.fr\/index.php\/produit\/entree-dair-hygroreglable-acoustique-6-45-m3-h\/","og_locale":"fr_FR","og_type":"article","og_title":"Entr\u00e9e d'air hygror\u00e9glable acoustique 6-45 m3\/h -","og_description":"R\u00e9f\u00e9rence : EHA*","og_url":"https:\/\/www.ets-giroud.fr\/index.php\/produit\/entree-dair-hygroreglable-acoustique-6-45-m3-h\/","og_image":[{"width":655,"height":412,"url":"http:\/\/www.ets-giroud.fr\/wp-content\/uploads\/2026\/02\/Capture-decran-2026-02-27-180114.png","type":"image\/png"}],"twitter_card":"summary_large_image","twitter_misc":{"Dur\u00e9e de lecture estim\u00e9e":"1 minute"},"schema":{"@context":"https:\/\/schema.org","@graph":[{"@type":"WebPage","@id":"https:\/\/www.ets-giroud.fr\/index.php\/produit\/entree-dair-hygroreglable-acoustique-6-45-m3-h\/","url":"https:\/\/www.ets-giroud.fr\/index.php\/produit\/entree-dair-hygroreglable-acoustique-6-45-m3-h\/","name":"Entr\u00e9e d'air hygror\u00e9glable acoustique 6-45 m3\/h -","isPartOf":{"@id":"https:\/\/www.ets-giroud.fr\/#website"},"primaryImageOfPage":{"@id":"https:\/\/www.ets-giroud.fr\/index.php\/produit\/entree-dair-hygroreglable-acoustique-6-45-m3-h\/#primaryimage"},"image":{"@id":"https:\/\/www.ets-giroud.fr\/index.php\/produit\/entree-dair-hygroreglable-acoustique-6-45-m3-h\/#primaryimage"},"thumbnailUrl":"https:\/\/www.ets-giroud.fr\/wp-content\/uploads\/2026\/02\/Capture-decran-2026-02-27-180114.png","datePublished":"2026-02-27T17:03:45+00:00","breadcrumb":{"@id":"https:\/\/www.ets-giroud.fr\/index.php\/produit\/entree-dair-hygroreglable-acoustique-6-45-m3-h\/#breadcrumb"},"inLanguage":"fr-FR","potentialAction":[{"@type":"ReadAction","target":["https:\/\/www.ets-giroud.fr\/index.php\/produit\/entree-dair-hygroreglable-acoustique-6-45-m3-h\/"]}]},{"@type":"ImageObject","inLanguage":"fr-FR","@id":"https:\/\/www.ets-giroud.fr\/index.php\/produit\/entree-dair-hygroreglable-acoustique-6-45-m3-h\/#primaryimage","url":"https:\/\/www.ets-giroud.fr\/wp-content\/uploads\/2026\/02\/Capture-decran-2026-02-27-180114.png","contentUrl":"https:\/\/www.ets-giroud.fr\/wp-content\/uploads\/2026\/02\/Capture-decran-2026-02-27-180114.png","width":655,"height":412},{"@type":"BreadcrumbList","@id":"https:\/\/www.ets-giroud.fr\/index.php\/produit\/entree-dair-hygroreglable-acoustique-6-45-m3-h\/#breadcrumb","itemListElement":[{"@type":"ListItem","position":1,"name":"Accueil","item":"https:\/\/www.ets-giroud.fr\/"},{"@type":"ListItem","position":2,"name":"Produits","item":"https:\/\/www.ets-giroud.fr\/index.php\/shop\/"},{"@type":"ListItem","position":3,"name":"Entr\u00e9e d&rsquo;air hygror\u00e9glable acoustique 6-45 m3\/h"}]},{"@type":"WebSite","@id":"https:\/\/www.ets-giroud.fr\/#website","url":"https:\/\/www.ets-giroud.fr\/","name":"ETS GIROUD","description":"","publisher":{"@id":"https:\/\/www.ets-giroud.fr\/#organization"},"potentialAction":[{"@type":"SearchAction","target":{"@type":"EntryPoint","urlTemplate":"https:\/\/www.ets-giroud.fr\/?s={search_term_string}"},"query-input":{"@type":"PropertyValueSpecification","valueRequired":true,"valueName":"search_term_string"}}],"inLanguage":"fr-FR"},{"@type":"Organization","@id":"https:\/\/www.ets-giroud.fr\/#organization","name":"ETS GIROUD","alternateName":"ETABLISSEMENT GIROUD VENISSIEUX","url":"https:\/\/www.ets-giroud.fr\/","logo":{"@type":"ImageObject","inLanguage":"fr-FR","@id":"https:\/\/www.ets-giroud.fr\/#\/schema\/logo\/image\/","url":"https:\/\/www.ets-giroud.fr\/wp-content\/uploads\/2023\/02\/LOGO-GIROUD-SS-FOND-Photoroom-2.png","contentUrl":"https:\/\/www.ets-giroud.fr\/wp-content\/uploads\/2023\/02\/LOGO-GIROUD-SS-FOND-Photoroom-2.png","width":1691,"height":1038,"caption":"ETS GIROUD"},"image":{"@id":"https:\/\/www.ets-giroud.fr\/#\/schema\/logo\/image\/"}}]}},"_links":{"self":[{"href":"https:\/\/www.ets-giroud.fr\/index.php\/wp-json\/wp\/v2\/product\/5317","targetHints":{"allow":["GET"]}}],"collection":[{"href":"https:\/\/www.ets-giroud.fr\/index.php\/wp-json\/wp\/v2\/product"}],"about":[{"href":"https:\/\/www.ets-giroud.fr\/index.php\/wp-json\/wp\/v2\/types\/product"}],"replies":[{"embeddable":true,"href":"https:\/\/www.ets-giroud.fr\/index.php\/wp-json\/wp\/v2\/comments?post=5317"}],"wp:featuredmedia":[{"embeddable":true,"href":"https:\/\/www.ets-giroud.fr\/index.php\/wp-json\/wp\/v2\/media\/5318"}],"wp:attachment":[{"href":"https:\/\/www.ets-giroud.fr\/index.php\/wp-json\/wp\/v2\/media?parent=5317"}],"wp:term":[{"taxonomy":"product_brand","embeddable":true,"href":"https:\/\/www.ets-giroud.fr\/index.php\/wp-json\/wp\/v2\/product_brand?post=5317"},{"taxonomy":"product_cat","embeddable":true,"href":"https:\/\/www.ets-giroud.fr\/index.php\/wp-json\/wp\/v2\/product_cat?post=5317"},{"taxonomy":"product_tag","embeddable":true,"href":"https:\/\/www.ets-giroud.fr\/index.php\/wp-json\/wp\/v2\/product_tag?post=5317"}],"curies":[{"name":"wp","href":"https:\/\/api.w.org\/{rel}","templated":true}]}}