{"id":5354,"date":"2026-03-02T09:56:44","date_gmt":"2026-03-02T08:56:44","guid":{"rendered":"https:\/\/www.ets-giroud.fr\/?post_type=product&#038;p=5354"},"modified":"2026-03-03T08:51:39","modified_gmt":"2026-03-03T07:51:39","slug":"neti-vmc-double-flux-haut-rendement","status":"publish","type":"product","link":"https:\/\/www.ets-giroud.fr\/index.php\/produit\/neti-vmc-double-flux-haut-rendement\/","title":{"rendered":"NETI &#8211; VMC double flux haut rendement"},"content":{"rendered":"<div class=\"product attribute overview\">\n<div class=\"value\">\n<h3><strong>VMC double flux haut rendement NETI\u00a0de Vortice\u00a0: compacte, l\u00e9g\u00e8re et aux normes<\/strong><\/h3>\n<p>L\u2019\u00e9conomie d\u2019\u00e9nergie est le 1<sup>er<\/sup>\u00a0indicateur \u00e0 prendre en compte lorsque l\u2019on choisit une\u00a0VMC double flux.<\/p>\n<p>Celle que r\u00e9alise la\u00a0VMC double flux individuelle Neti Vortice, en prise d\u2019air neuf et en prise d\u2019air vici\u00e9, est importante\u00a0: entre 15 et 25 %.<\/p>\n<p>Aux gains \u00e9nerg\u00e9tique et sanitaire, s\u2019ajoute le gain de place et la facilit\u00e9 d\u2019acc\u00e8s\u00a0aux fonctionnalit\u00e9s principales situ\u00e9es en fa\u00e7ade:<\/p>\n<ul>\n<li>filtre<\/li>\n<li>interface utilisateur<\/li>\n<\/ul>\n<p><strong>Domaine d\u2019application\u00a0: domestique<\/strong><\/p>\n<h3><strong>O\u00f9 installer une ventilation individuelle double flux\u00a0?<\/strong><\/h3>\n<p>Id\u00e9ale pour renouveler l\u2019air int\u00e9rieur d\u2019un T5 \u00e0 4 sanitaires, la\u00a0VMC double flux Neti\u00a0Vortice\u00a0trouve sa place partout en volume isol\u00e9, que ce soit :<\/p>\n<ul>\n<li>dans une buanderie<\/li>\n<li>dans un local technique<\/li>\n<\/ul>\n<\/div>\n<\/div>\n","protected":false},"excerpt":{"rendered":"<p>R\u00e9f\u00e9rence : VDFTN<\/p>\n","protected":false},"featured_media":5357,"comment_status":"open","ping_status":"closed","template":"","meta":[],"product_brand":[137],"product_cat":[138],"product_tag":[],"class_list":{"0":"post-5354","1":"product","2":"type-product","3":"status-publish","4":"has-post-thumbnail","6":"product_brand-axelair","7":"product_cat-climatisation","9":"first","10":"instock","11":"shipping-taxable","12":"purchasable","13":"product-type-simple"},"yoast_head":"<!-- This site is optimized with the Yoast SEO plugin v27.0 - https:\/\/yoast.com\/product\/yoast-seo-wordpress\/ -->\n<title>NETI - VMC double flux haut rendement -<\/title>\n<meta name=\"robots\" content=\"index, follow, max-snippet:-1, max-image-preview:large, max-video-preview:-1\" \/>\n<link rel=\"canonical\" href=\"https:\/\/www.ets-giroud.fr\/index.php\/produit\/neti-vmc-double-flux-haut-rendement\/\" \/>\n<meta property=\"og:locale\" content=\"fr_FR\" \/>\n<meta property=\"og:type\" content=\"article\" \/>\n<meta property=\"og:title\" content=\"NETI - VMC double flux haut rendement -\" \/>\n<meta property=\"og:description\" content=\"R\u00e9f\u00e9rence : VDFTN\" \/>\n<meta property=\"og:url\" content=\"https:\/\/www.ets-giroud.fr\/index.php\/produit\/neti-vmc-double-flux-haut-rendement\/\" \/>\n<meta property=\"article:modified_time\" content=\"2026-03-03T07:51:39+00:00\" \/>\n<meta property=\"og:image\" content=\"http:\/\/www.ets-giroud.fr\/wp-content\/uploads\/2026\/03\/Capture-decran-2026-03-02-094543.png\" \/>\n\t<meta property=\"og:image:width\" content=\"473\" \/>\n\t<meta property=\"og:image:height\" content=\"542\" \/>\n\t<meta property=\"og:image:type\" content=\"image\/png\" \/>\n<meta name=\"twitter:card\" content=\"summary_large_image\" \/>\n<meta name=\"twitter:label1\" content=\"Dur\u00e9e de lecture estim\u00e9e\" \/>\n\t<meta name=\"twitter:data1\" content=\"1 minute\" \/>\n<script type=\"application\/ld+json\" class=\"yoast-schema-graph\">{\"@context\":\"https:\/\/schema.org\",\"@graph\":[{\"@type\":\"WebPage\",\"@id\":\"https:\/\/www.ets-giroud.fr\/index.php\/produit\/neti-vmc-double-flux-haut-rendement\/\",\"url\":\"https:\/\/www.ets-giroud.fr\/index.php\/produit\/neti-vmc-double-flux-haut-rendement\/\",\"name\":\"NETI - VMC double flux haut rendement -\",\"isPartOf\":{\"@id\":\"https:\/\/www.ets-giroud.fr\/#website\"},\"primaryImageOfPage\":{\"@id\":\"https:\/\/www.ets-giroud.fr\/index.php\/produit\/neti-vmc-double-flux-haut-rendement\/#primaryimage\"},\"image\":{\"@id\":\"https:\/\/www.ets-giroud.fr\/index.php\/produit\/neti-vmc-double-flux-haut-rendement\/#primaryimage\"},\"thumbnailUrl\":\"https:\/\/www.ets-giroud.fr\/wp-content\/uploads\/2026\/03\/Capture-decran-2026-03-02-094543.png\",\"datePublished\":\"2026-03-02T08:56:44+00:00\",\"dateModified\":\"2026-03-03T07:51:39+00:00\",\"breadcrumb\":{\"@id\":\"https:\/\/www.ets-giroud.fr\/index.php\/produit\/neti-vmc-double-flux-haut-rendement\/#breadcrumb\"},\"inLanguage\":\"fr-FR\",\"potentialAction\":[{\"@type\":\"ReadAction\",\"target\":[\"https:\/\/www.ets-giroud.fr\/index.php\/produit\/neti-vmc-double-flux-haut-rendement\/\"]}]},{\"@type\":\"ImageObject\",\"inLanguage\":\"fr-FR\",\"@id\":\"https:\/\/www.ets-giroud.fr\/index.php\/produit\/neti-vmc-double-flux-haut-rendement\/#primaryimage\",\"url\":\"https:\/\/www.ets-giroud.fr\/wp-content\/uploads\/2026\/03\/Capture-decran-2026-03-02-094543.png\",\"contentUrl\":\"https:\/\/www.ets-giroud.fr\/wp-content\/uploads\/2026\/03\/Capture-decran-2026-03-02-094543.png\",\"width\":473,\"height\":542},{\"@type\":\"BreadcrumbList\",\"@id\":\"https:\/\/www.ets-giroud.fr\/index.php\/produit\/neti-vmc-double-flux-haut-rendement\/#breadcrumb\",\"itemListElement\":[{\"@type\":\"ListItem\",\"position\":1,\"name\":\"Accueil\",\"item\":\"https:\/\/www.ets-giroud.fr\/\"},{\"@type\":\"ListItem\",\"position\":2,\"name\":\"Produits\",\"item\":\"https:\/\/www.ets-giroud.fr\/index.php\/shop\/\"},{\"@type\":\"ListItem\",\"position\":3,\"name\":\"NETI &#8211; VMC double flux haut rendement\"}]},{\"@type\":\"WebSite\",\"@id\":\"https:\/\/www.ets-giroud.fr\/#website\",\"url\":\"https:\/\/www.ets-giroud.fr\/\",\"name\":\"ETS GIROUD\",\"description\":\"\",\"publisher\":{\"@id\":\"https:\/\/www.ets-giroud.fr\/#organization\"},\"potentialAction\":[{\"@type\":\"SearchAction\",\"target\":{\"@type\":\"EntryPoint\",\"urlTemplate\":\"https:\/\/www.ets-giroud.fr\/?s={search_term_string}\"},\"query-input\":{\"@type\":\"PropertyValueSpecification\",\"valueRequired\":true,\"valueName\":\"search_term_string\"}}],\"inLanguage\":\"fr-FR\"},{\"@type\":\"Organization\",\"@id\":\"https:\/\/www.ets-giroud.fr\/#organization\",\"name\":\"ETS GIROUD\",\"alternateName\":\"ETABLISSEMENT GIROUD VENISSIEUX\",\"url\":\"https:\/\/www.ets-giroud.fr\/\",\"logo\":{\"@type\":\"ImageObject\",\"inLanguage\":\"fr-FR\",\"@id\":\"https:\/\/www.ets-giroud.fr\/#\/schema\/logo\/image\/\",\"url\":\"https:\/\/www.ets-giroud.fr\/wp-content\/uploads\/2023\/02\/LOGO-GIROUD-SS-FOND-Photoroom-2.png\",\"contentUrl\":\"https:\/\/www.ets-giroud.fr\/wp-content\/uploads\/2023\/02\/LOGO-GIROUD-SS-FOND-Photoroom-2.png\",\"width\":1691,\"height\":1038,\"caption\":\"ETS GIROUD\"},\"image\":{\"@id\":\"https:\/\/www.ets-giroud.fr\/#\/schema\/logo\/image\/\"}}]}<\/script>\n<!-- \/ Yoast SEO plugin. -->","yoast_head_json":{"title":"NETI - VMC double flux haut rendement -","robots":{"index":"index","follow":"follow","max-snippet":"max-snippet:-1","max-image-preview":"max-image-preview:large","max-video-preview":"max-video-preview:-1"},"canonical":"https:\/\/www.ets-giroud.fr\/index.php\/produit\/neti-vmc-double-flux-haut-rendement\/","og_locale":"fr_FR","og_type":"article","og_title":"NETI - VMC double flux haut rendement -","og_description":"R\u00e9f\u00e9rence : VDFTN","og_url":"https:\/\/www.ets-giroud.fr\/index.php\/produit\/neti-vmc-double-flux-haut-rendement\/","article_modified_time":"2026-03-03T07:51:39+00:00","og_image":[{"width":473,"height":542,"url":"http:\/\/www.ets-giroud.fr\/wp-content\/uploads\/2026\/03\/Capture-decran-2026-03-02-094543.png","type":"image\/png"}],"twitter_card":"summary_large_image","twitter_misc":{"Dur\u00e9e de lecture estim\u00e9e":"1 minute"},"schema":{"@context":"https:\/\/schema.org","@graph":[{"@type":"WebPage","@id":"https:\/\/www.ets-giroud.fr\/index.php\/produit\/neti-vmc-double-flux-haut-rendement\/","url":"https:\/\/www.ets-giroud.fr\/index.php\/produit\/neti-vmc-double-flux-haut-rendement\/","name":"NETI - VMC double flux haut rendement -","isPartOf":{"@id":"https:\/\/www.ets-giroud.fr\/#website"},"primaryImageOfPage":{"@id":"https:\/\/www.ets-giroud.fr\/index.php\/produit\/neti-vmc-double-flux-haut-rendement\/#primaryimage"},"image":{"@id":"https:\/\/www.ets-giroud.fr\/index.php\/produit\/neti-vmc-double-flux-haut-rendement\/#primaryimage"},"thumbnailUrl":"https:\/\/www.ets-giroud.fr\/wp-content\/uploads\/2026\/03\/Capture-decran-2026-03-02-094543.png","datePublished":"2026-03-02T08:56:44+00:00","dateModified":"2026-03-03T07:51:39+00:00","breadcrumb":{"@id":"https:\/\/www.ets-giroud.fr\/index.php\/produit\/neti-vmc-double-flux-haut-rendement\/#breadcrumb"},"inLanguage":"fr-FR","potentialAction":[{"@type":"ReadAction","target":["https:\/\/www.ets-giroud.fr\/index.php\/produit\/neti-vmc-double-flux-haut-rendement\/"]}]},{"@type":"ImageObject","inLanguage":"fr-FR","@id":"https:\/\/www.ets-giroud.fr\/index.php\/produit\/neti-vmc-double-flux-haut-rendement\/#primaryimage","url":"https:\/\/www.ets-giroud.fr\/wp-content\/uploads\/2026\/03\/Capture-decran-2026-03-02-094543.png","contentUrl":"https:\/\/www.ets-giroud.fr\/wp-content\/uploads\/2026\/03\/Capture-decran-2026-03-02-094543.png","width":473,"height":542},{"@type":"BreadcrumbList","@id":"https:\/\/www.ets-giroud.fr\/index.php\/produit\/neti-vmc-double-flux-haut-rendement\/#breadcrumb","itemListElement":[{"@type":"ListItem","position":1,"name":"Accueil","item":"https:\/\/www.ets-giroud.fr\/"},{"@type":"ListItem","position":2,"name":"Produits","item":"https:\/\/www.ets-giroud.fr\/index.php\/shop\/"},{"@type":"ListItem","position":3,"name":"NETI &#8211; VMC double flux haut rendement"}]},{"@type":"WebSite","@id":"https:\/\/www.ets-giroud.fr\/#website","url":"https:\/\/www.ets-giroud.fr\/","name":"ETS GIROUD","description":"","publisher":{"@id":"https:\/\/www.ets-giroud.fr\/#organization"},"potentialAction":[{"@type":"SearchAction","target":{"@type":"EntryPoint","urlTemplate":"https:\/\/www.ets-giroud.fr\/?s={search_term_string}"},"query-input":{"@type":"PropertyValueSpecification","valueRequired":true,"valueName":"search_term_string"}}],"inLanguage":"fr-FR"},{"@type":"Organization","@id":"https:\/\/www.ets-giroud.fr\/#organization","name":"ETS GIROUD","alternateName":"ETABLISSEMENT GIROUD VENISSIEUX","url":"https:\/\/www.ets-giroud.fr\/","logo":{"@type":"ImageObject","inLanguage":"fr-FR","@id":"https:\/\/www.ets-giroud.fr\/#\/schema\/logo\/image\/","url":"https:\/\/www.ets-giroud.fr\/wp-content\/uploads\/2023\/02\/LOGO-GIROUD-SS-FOND-Photoroom-2.png","contentUrl":"https:\/\/www.ets-giroud.fr\/wp-content\/uploads\/2023\/02\/LOGO-GIROUD-SS-FOND-Photoroom-2.png","width":1691,"height":1038,"caption":"ETS GIROUD"},"image":{"@id":"https:\/\/www.ets-giroud.fr\/#\/schema\/logo\/image\/"}}]}},"_links":{"self":[{"href":"https:\/\/www.ets-giroud.fr\/index.php\/wp-json\/wp\/v2\/product\/5354","targetHints":{"allow":["GET"]}}],"collection":[{"href":"https:\/\/www.ets-giroud.fr\/index.php\/wp-json\/wp\/v2\/product"}],"about":[{"href":"https:\/\/www.ets-giroud.fr\/index.php\/wp-json\/wp\/v2\/types\/product"}],"replies":[{"embeddable":true,"href":"https:\/\/www.ets-giroud.fr\/index.php\/wp-json\/wp\/v2\/comments?post=5354"}],"wp:featuredmedia":[{"embeddable":true,"href":"https:\/\/www.ets-giroud.fr\/index.php\/wp-json\/wp\/v2\/media\/5357"}],"wp:attachment":[{"href":"https:\/\/www.ets-giroud.fr\/index.php\/wp-json\/wp\/v2\/media?parent=5354"}],"wp:term":[{"taxonomy":"product_brand","embeddable":true,"href":"https:\/\/www.ets-giroud.fr\/index.php\/wp-json\/wp\/v2\/product_brand?post=5354"},{"taxonomy":"product_cat","embeddable":true,"href":"https:\/\/www.ets-giroud.fr\/index.php\/wp-json\/wp\/v2\/product_cat?post=5354"},{"taxonomy":"product_tag","embeddable":true,"href":"https:\/\/www.ets-giroud.fr\/index.php\/wp-json\/wp\/v2\/product_tag?post=5354"}],"curies":[{"name":"wp","href":"https:\/\/api.w.org\/{rel}","templated":true}]}}