{"id":6218,"date":"2026-03-25T08:20:37","date_gmt":"2026-03-25T07:20:37","guid":{"rendered":"https:\/\/www.ets-giroud.fr\/?post_type=product&#038;p=6218"},"modified":"2026-03-25T09:00:15","modified_gmt":"2026-03-25T08:00:15","slug":"programmateur-darrosage-bluetooth-a-ecran","status":"publish","type":"product","link":"https:\/\/www.ets-giroud.fr\/index.php\/produit\/programmateur-darrosage-bluetooth-a-ecran\/","title":{"rendered":"Programmateur d\u2019arrosage Bluetooth \u00e0 \u00e9cran"},"content":{"rendered":"<p class=\"active\">Le WooBee est un programmateur d\u2019arrosage Bluetooth \u00e9tanche \u00e0 pile capable de programmer en s\u00e9quentiel des \u00e9lectrovannes 9V. Il est dot\u00e9 \u00e9galement d\u2019un large \u00e9cran pour une utilisation facile. Son entr\u00e9e compteur d\u2019eau vous permettra d\u2019agir en cas de fuite, de sur-consommation ou de sous-consommation d\u2019eau. Remont\u00e9e des graphiques de consommation d\u2019eau via l\u2019app. Son autonomie est augment\u00e9e et son installation est rapide et facile gr\u00e2ce \u00e0 sa connexion en champs proche.<\/p>\n<div class=\"wp-block-columns desciption-spec-columns active\">\n<div class=\"desciption-spec active\">\n<div class=\"wp-block-image\"><\/div>\n<\/div>\n<\/div>\n","protected":false},"excerpt":{"rendered":"<p>Le WooBee est un programmateur d\u2019arrosage Bluetooth \u00e9tanche \u00e0 pile capable de programmer en s\u00e9quentiel des \u00e9lectrovannes 9V. Il est dot\u00e9 \u00e9galement d\u2019un large \u00e9cran pour une utilisation facile. Son entr\u00e9e compteur d\u2019eau vous permettra d\u2019agir en cas de fuite, de sur-consommation ou de sous-consommation d\u2019eau. Remont\u00e9e des graphiques de consommation d\u2019eau via l\u2019app. Son autonomie est augment\u00e9e et son installation est rapide et facile gr\u00e2ce \u00e0 sa connexion en champs proche.<\/p>\n","protected":false},"featured_media":6219,"comment_status":"open","ping_status":"closed","template":"","meta":[],"product_brand":[159],"product_cat":[160],"product_tag":[],"class_list":{"0":"post-6218","1":"product","2":"type-product","3":"status-publish","4":"has-post-thumbnail","6":"product_brand-solem","7":"product_cat-programmateur","9":"first","10":"instock","11":"shipping-taxable","12":"purchasable","13":"product-type-variable"},"yoast_head":"<!-- This site is optimized with the Yoast SEO plugin v27.0 - https:\/\/yoast.com\/product\/yoast-seo-wordpress\/ -->\n<title>Programmateur d\u2019arrosage Bluetooth \u00e0 \u00e9cran -<\/title>\n<meta name=\"robots\" content=\"index, follow, max-snippet:-1, max-image-preview:large, max-video-preview:-1\" \/>\n<link rel=\"canonical\" href=\"https:\/\/www.ets-giroud.fr\/index.php\/produit\/programmateur-darrosage-bluetooth-a-ecran\/\" \/>\n<meta property=\"og:locale\" content=\"fr_FR\" \/>\n<meta property=\"og:type\" content=\"article\" \/>\n<meta property=\"og:title\" content=\"Programmateur d\u2019arrosage Bluetooth \u00e0 \u00e9cran -\" \/>\n<meta property=\"og:description\" content=\"Le WooBee est un programmateur d\u2019arrosage Bluetooth \u00e9tanche \u00e0 pile capable de programmer en s\u00e9quentiel des \u00e9lectrovannes 9V. Il est dot\u00e9 \u00e9galement d\u2019un large \u00e9cran pour une utilisation facile. Son entr\u00e9e compteur d\u2019eau vous permettra d\u2019agir en cas de fuite, de sur-consommation ou de sous-consommation d\u2019eau. Remont\u00e9e des graphiques de consommation d\u2019eau via l\u2019app. Son autonomie est augment\u00e9e et son installation est rapide et facile gr\u00e2ce \u00e0 sa connexion en champs proche.\" \/>\n<meta property=\"og:url\" content=\"https:\/\/www.ets-giroud.fr\/index.php\/produit\/programmateur-darrosage-bluetooth-a-ecran\/\" \/>\n<meta property=\"article:modified_time\" content=\"2026-03-25T08:00:15+00:00\" \/>\n<meta property=\"og:image\" content=\"http:\/\/www.ets-giroud.fr\/wp-content\/uploads\/2026\/03\/Capture-decran-2026-03-25-081243.png\" \/>\n\t<meta property=\"og:image:width\" content=\"466\" \/>\n\t<meta property=\"og:image:height\" content=\"594\" \/>\n\t<meta property=\"og:image:type\" content=\"image\/png\" \/>\n<meta name=\"twitter:card\" content=\"summary_large_image\" \/>\n<meta name=\"twitter:label1\" content=\"Dur\u00e9e de lecture estim\u00e9e\" \/>\n\t<meta name=\"twitter:data1\" content=\"1 minute\" \/>\n<script type=\"application\/ld+json\" class=\"yoast-schema-graph\">{\"@context\":\"https:\/\/schema.org\",\"@graph\":[{\"@type\":\"WebPage\",\"@id\":\"https:\/\/www.ets-giroud.fr\/index.php\/produit\/programmateur-darrosage-bluetooth-a-ecran\/\",\"url\":\"https:\/\/www.ets-giroud.fr\/index.php\/produit\/programmateur-darrosage-bluetooth-a-ecran\/\",\"name\":\"Programmateur d\u2019arrosage Bluetooth \u00e0 \u00e9cran -\",\"isPartOf\":{\"@id\":\"https:\/\/www.ets-giroud.fr\/#website\"},\"primaryImageOfPage\":{\"@id\":\"https:\/\/www.ets-giroud.fr\/index.php\/produit\/programmateur-darrosage-bluetooth-a-ecran\/#primaryimage\"},\"image\":{\"@id\":\"https:\/\/www.ets-giroud.fr\/index.php\/produit\/programmateur-darrosage-bluetooth-a-ecran\/#primaryimage\"},\"thumbnailUrl\":\"https:\/\/www.ets-giroud.fr\/wp-content\/uploads\/2026\/03\/Capture-decran-2026-03-25-081243.png\",\"datePublished\":\"2026-03-25T07:20:37+00:00\",\"dateModified\":\"2026-03-25T08:00:15+00:00\",\"breadcrumb\":{\"@id\":\"https:\/\/www.ets-giroud.fr\/index.php\/produit\/programmateur-darrosage-bluetooth-a-ecran\/#breadcrumb\"},\"inLanguage\":\"fr-FR\",\"potentialAction\":[{\"@type\":\"ReadAction\",\"target\":[\"https:\/\/www.ets-giroud.fr\/index.php\/produit\/programmateur-darrosage-bluetooth-a-ecran\/\"]}]},{\"@type\":\"ImageObject\",\"inLanguage\":\"fr-FR\",\"@id\":\"https:\/\/www.ets-giroud.fr\/index.php\/produit\/programmateur-darrosage-bluetooth-a-ecran\/#primaryimage\",\"url\":\"https:\/\/www.ets-giroud.fr\/wp-content\/uploads\/2026\/03\/Capture-decran-2026-03-25-081243.png\",\"contentUrl\":\"https:\/\/www.ets-giroud.fr\/wp-content\/uploads\/2026\/03\/Capture-decran-2026-03-25-081243.png\",\"width\":466,\"height\":594},{\"@type\":\"BreadcrumbList\",\"@id\":\"https:\/\/www.ets-giroud.fr\/index.php\/produit\/programmateur-darrosage-bluetooth-a-ecran\/#breadcrumb\",\"itemListElement\":[{\"@type\":\"ListItem\",\"position\":1,\"name\":\"Accueil\",\"item\":\"https:\/\/www.ets-giroud.fr\/\"},{\"@type\":\"ListItem\",\"position\":2,\"name\":\"Produits\",\"item\":\"https:\/\/www.ets-giroud.fr\/index.php\/shop\/\"},{\"@type\":\"ListItem\",\"position\":3,\"name\":\"Programmateur d\u2019arrosage Bluetooth \u00e0 \u00e9cran\"}]},{\"@type\":\"WebSite\",\"@id\":\"https:\/\/www.ets-giroud.fr\/#website\",\"url\":\"https:\/\/www.ets-giroud.fr\/\",\"name\":\"ETS GIROUD\",\"description\":\"\",\"publisher\":{\"@id\":\"https:\/\/www.ets-giroud.fr\/#organization\"},\"potentialAction\":[{\"@type\":\"SearchAction\",\"target\":{\"@type\":\"EntryPoint\",\"urlTemplate\":\"https:\/\/www.ets-giroud.fr\/?s={search_term_string}\"},\"query-input\":{\"@type\":\"PropertyValueSpecification\",\"valueRequired\":true,\"valueName\":\"search_term_string\"}}],\"inLanguage\":\"fr-FR\"},{\"@type\":\"Organization\",\"@id\":\"https:\/\/www.ets-giroud.fr\/#organization\",\"name\":\"ETS GIROUD\",\"alternateName\":\"ETABLISSEMENT GIROUD VENISSIEUX\",\"url\":\"https:\/\/www.ets-giroud.fr\/\",\"logo\":{\"@type\":\"ImageObject\",\"inLanguage\":\"fr-FR\",\"@id\":\"https:\/\/www.ets-giroud.fr\/#\/schema\/logo\/image\/\",\"url\":\"https:\/\/www.ets-giroud.fr\/wp-content\/uploads\/2023\/02\/LOGO-GIROUD-SS-FOND-Photoroom-2.png\",\"contentUrl\":\"https:\/\/www.ets-giroud.fr\/wp-content\/uploads\/2023\/02\/LOGO-GIROUD-SS-FOND-Photoroom-2.png\",\"width\":1691,\"height\":1038,\"caption\":\"ETS GIROUD\"},\"image\":{\"@id\":\"https:\/\/www.ets-giroud.fr\/#\/schema\/logo\/image\/\"}}]}<\/script>\n<!-- \/ Yoast SEO plugin. -->","yoast_head_json":{"title":"Programmateur d\u2019arrosage Bluetooth \u00e0 \u00e9cran -","robots":{"index":"index","follow":"follow","max-snippet":"max-snippet:-1","max-image-preview":"max-image-preview:large","max-video-preview":"max-video-preview:-1"},"canonical":"https:\/\/www.ets-giroud.fr\/index.php\/produit\/programmateur-darrosage-bluetooth-a-ecran\/","og_locale":"fr_FR","og_type":"article","og_title":"Programmateur d\u2019arrosage Bluetooth \u00e0 \u00e9cran -","og_description":"Le WooBee est un programmateur d\u2019arrosage Bluetooth \u00e9tanche \u00e0 pile capable de programmer en s\u00e9quentiel des \u00e9lectrovannes 9V. Il est dot\u00e9 \u00e9galement d\u2019un large \u00e9cran pour une utilisation facile. Son entr\u00e9e compteur d\u2019eau vous permettra d\u2019agir en cas de fuite, de sur-consommation ou de sous-consommation d\u2019eau. Remont\u00e9e des graphiques de consommation d\u2019eau via l\u2019app. Son autonomie est augment\u00e9e et son installation est rapide et facile gr\u00e2ce \u00e0 sa connexion en champs proche.","og_url":"https:\/\/www.ets-giroud.fr\/index.php\/produit\/programmateur-darrosage-bluetooth-a-ecran\/","article_modified_time":"2026-03-25T08:00:15+00:00","og_image":[{"width":466,"height":594,"url":"http:\/\/www.ets-giroud.fr\/wp-content\/uploads\/2026\/03\/Capture-decran-2026-03-25-081243.png","type":"image\/png"}],"twitter_card":"summary_large_image","twitter_misc":{"Dur\u00e9e de lecture estim\u00e9e":"1 minute"},"schema":{"@context":"https:\/\/schema.org","@graph":[{"@type":"WebPage","@id":"https:\/\/www.ets-giroud.fr\/index.php\/produit\/programmateur-darrosage-bluetooth-a-ecran\/","url":"https:\/\/www.ets-giroud.fr\/index.php\/produit\/programmateur-darrosage-bluetooth-a-ecran\/","name":"Programmateur d\u2019arrosage Bluetooth \u00e0 \u00e9cran -","isPartOf":{"@id":"https:\/\/www.ets-giroud.fr\/#website"},"primaryImageOfPage":{"@id":"https:\/\/www.ets-giroud.fr\/index.php\/produit\/programmateur-darrosage-bluetooth-a-ecran\/#primaryimage"},"image":{"@id":"https:\/\/www.ets-giroud.fr\/index.php\/produit\/programmateur-darrosage-bluetooth-a-ecran\/#primaryimage"},"thumbnailUrl":"https:\/\/www.ets-giroud.fr\/wp-content\/uploads\/2026\/03\/Capture-decran-2026-03-25-081243.png","datePublished":"2026-03-25T07:20:37+00:00","dateModified":"2026-03-25T08:00:15+00:00","breadcrumb":{"@id":"https:\/\/www.ets-giroud.fr\/index.php\/produit\/programmateur-darrosage-bluetooth-a-ecran\/#breadcrumb"},"inLanguage":"fr-FR","potentialAction":[{"@type":"ReadAction","target":["https:\/\/www.ets-giroud.fr\/index.php\/produit\/programmateur-darrosage-bluetooth-a-ecran\/"]}]},{"@type":"ImageObject","inLanguage":"fr-FR","@id":"https:\/\/www.ets-giroud.fr\/index.php\/produit\/programmateur-darrosage-bluetooth-a-ecran\/#primaryimage","url":"https:\/\/www.ets-giroud.fr\/wp-content\/uploads\/2026\/03\/Capture-decran-2026-03-25-081243.png","contentUrl":"https:\/\/www.ets-giroud.fr\/wp-content\/uploads\/2026\/03\/Capture-decran-2026-03-25-081243.png","width":466,"height":594},{"@type":"BreadcrumbList","@id":"https:\/\/www.ets-giroud.fr\/index.php\/produit\/programmateur-darrosage-bluetooth-a-ecran\/#breadcrumb","itemListElement":[{"@type":"ListItem","position":1,"name":"Accueil","item":"https:\/\/www.ets-giroud.fr\/"},{"@type":"ListItem","position":2,"name":"Produits","item":"https:\/\/www.ets-giroud.fr\/index.php\/shop\/"},{"@type":"ListItem","position":3,"name":"Programmateur d\u2019arrosage Bluetooth \u00e0 \u00e9cran"}]},{"@type":"WebSite","@id":"https:\/\/www.ets-giroud.fr\/#website","url":"https:\/\/www.ets-giroud.fr\/","name":"ETS GIROUD","description":"","publisher":{"@id":"https:\/\/www.ets-giroud.fr\/#organization"},"potentialAction":[{"@type":"SearchAction","target":{"@type":"EntryPoint","urlTemplate":"https:\/\/www.ets-giroud.fr\/?s={search_term_string}"},"query-input":{"@type":"PropertyValueSpecification","valueRequired":true,"valueName":"search_term_string"}}],"inLanguage":"fr-FR"},{"@type":"Organization","@id":"https:\/\/www.ets-giroud.fr\/#organization","name":"ETS GIROUD","alternateName":"ETABLISSEMENT GIROUD VENISSIEUX","url":"https:\/\/www.ets-giroud.fr\/","logo":{"@type":"ImageObject","inLanguage":"fr-FR","@id":"https:\/\/www.ets-giroud.fr\/#\/schema\/logo\/image\/","url":"https:\/\/www.ets-giroud.fr\/wp-content\/uploads\/2023\/02\/LOGO-GIROUD-SS-FOND-Photoroom-2.png","contentUrl":"https:\/\/www.ets-giroud.fr\/wp-content\/uploads\/2023\/02\/LOGO-GIROUD-SS-FOND-Photoroom-2.png","width":1691,"height":1038,"caption":"ETS GIROUD"},"image":{"@id":"https:\/\/www.ets-giroud.fr\/#\/schema\/logo\/image\/"}}]}},"_links":{"self":[{"href":"https:\/\/www.ets-giroud.fr\/index.php\/wp-json\/wp\/v2\/product\/6218","targetHints":{"allow":["GET"]}}],"collection":[{"href":"https:\/\/www.ets-giroud.fr\/index.php\/wp-json\/wp\/v2\/product"}],"about":[{"href":"https:\/\/www.ets-giroud.fr\/index.php\/wp-json\/wp\/v2\/types\/product"}],"replies":[{"embeddable":true,"href":"https:\/\/www.ets-giroud.fr\/index.php\/wp-json\/wp\/v2\/comments?post=6218"}],"wp:featuredmedia":[{"embeddable":true,"href":"https:\/\/www.ets-giroud.fr\/index.php\/wp-json\/wp\/v2\/media\/6219"}],"wp:attachment":[{"href":"https:\/\/www.ets-giroud.fr\/index.php\/wp-json\/wp\/v2\/media?parent=6218"}],"wp:term":[{"taxonomy":"product_brand","embeddable":true,"href":"https:\/\/www.ets-giroud.fr\/index.php\/wp-json\/wp\/v2\/product_brand?post=6218"},{"taxonomy":"product_cat","embeddable":true,"href":"https:\/\/www.ets-giroud.fr\/index.php\/wp-json\/wp\/v2\/product_cat?post=6218"},{"taxonomy":"product_tag","embeddable":true,"href":"https:\/\/www.ets-giroud.fr\/index.php\/wp-json\/wp\/v2\/product_tag?post=6218"}],"curies":[{"name":"wp","href":"https:\/\/api.w.org\/{rel}","templated":true}]}}