{"id":6225,"date":"2026-03-25T08:50:43","date_gmt":"2026-03-25T07:50:43","guid":{"rendered":"https:\/\/www.ets-giroud.fr\/?post_type=product&#038;p=6225"},"modified":"2026-03-25T08:50:43","modified_gmt":"2026-03-25T07:50:43","slug":"programmateurs-de-la-serie-esp-tm2","status":"publish","type":"product","link":"https:\/\/www.ets-giroud.fr\/index.php\/produit\/programmateurs-de-la-serie-esp-tm2\/","title":{"rendered":"Programmateurs de la s\u00e9rie ESP-TM2"},"content":{"rendered":"<div class=\"field field--name-field-tagline field--type-string field--label-hidden field__item\">Simple, facile et fiable pour les applications r\u00e9sidentielles<\/div>\n<div class=\"product-social-links\"><\/div>\n<div class=\"field field--name-body field--type-text-with-summary field--label-hidden field__item\">\n<p>Le programmateur d\u2019arrosage ESP-TM2 est l&rsquo;option parfaite pour les solutions r\u00e9sidentielles de base. S&rsquo;appuyant sur L\u2019Utilisation Intelligente de l\u2019Eau\u00ae de Rain Bird, ce programmateur offre des fonctions d&rsquo;\u00e9conomie d&rsquo;eau simples que vous utiliserez r\u00e9ellement.<\/p>\n<p>Avec la flexibilit\u00e9 de 3\u00a0programmes et 4\u00a0heures de d\u00e9marrage disponibles par programme, vous pouvez adapter votre programme d&rsquo;arrosage aux besoins de votre espace vert.<\/p>\n<p>L&rsquo;ESP-TM2 offre l&rsquo;interface de programmation extra simple que vous connaissez dans un programmateur con\u00e7u pour durer\u00a0!<\/p>\n<p>Mieux encore, vous pouvez transformer l&rsquo;ESP-TM2 en un programmateur compatible Wi-Fi en installant simplement un nouveau module Wi-Fi LNK2, sans avoir \u00e0 remplacer l&rsquo;unit\u00e9 enti\u00e8re.<\/p>\n<p>Transformez votre programmateur en\u00a0<strong>programmateur INTELLIGENT\u00a0<\/strong>avec certification EPA WaterSense, en ajoutant le module LNK2 WiFi et une sonde pluviom\u00e8tre WR2.<\/p>\n<\/div>\n","protected":false},"excerpt":{"rendered":"<p>Simple, facile et fiable pour les applications r\u00e9sidentielles Le programmateur d\u2019arrosage ESP-TM2 est l&rsquo;option parfaite pour les solutions r\u00e9sidentielles de base. S&rsquo;appuyant sur L\u2019Utilisation Intelligente de l\u2019Eau\u00ae de Rain Bird, ce programmateur offre des fonctions d&rsquo;\u00e9conomie d&rsquo;eau simples que vous utiliserez r\u00e9ellement. Avec la flexibilit\u00e9 de 3\u00a0programmes et 4\u00a0heures de d\u00e9marrage disponibles par programme, vous pouvez adapter votre programme d&rsquo;arrosage aux besoins de votre espace vert. L&rsquo;ESP-TM2 offre l&rsquo;interface de programmation extra simple que vous connaissez dans un programmateur con\u00e7u pour durer\u00a0! Mieux encore, vous pouvez transformer l&rsquo;ESP-TM2 en un programmateur compatible Wi-Fi en installant simplement un nouveau module Wi-Fi LNK2, sans avoir \u00e0 remplacer l&rsquo;unit\u00e9 enti\u00e8re. Transformez votre programmateur en\u00a0programmateur INTELLIGENT\u00a0avec certification EPA WaterSense, en ajoutant le module LNK2 WiFi et une sonde pluviom\u00e8tre WR2.<\/p>\n","protected":false},"featured_media":6226,"comment_status":"open","ping_status":"closed","template":"","meta":[],"product_brand":[161],"product_cat":[160],"product_tag":[],"class_list":{"0":"post-6225","1":"product","2":"type-product","3":"status-publish","4":"has-post-thumbnail","6":"product_brand-rainbird","7":"product_cat-programmateur","9":"first","10":"instock","11":"shipping-taxable","12":"purchasable","13":"product-type-variable"},"yoast_head":"<!-- This site is optimized with the Yoast SEO plugin v27.0 - https:\/\/yoast.com\/product\/yoast-seo-wordpress\/ -->\n<title>Programmateurs de la s\u00e9rie ESP-TM2 -<\/title>\n<meta name=\"robots\" content=\"index, follow, max-snippet:-1, max-image-preview:large, max-video-preview:-1\" \/>\n<link rel=\"canonical\" href=\"https:\/\/www.ets-giroud.fr\/index.php\/produit\/programmateurs-de-la-serie-esp-tm2\/\" \/>\n<meta property=\"og:locale\" content=\"fr_FR\" \/>\n<meta property=\"og:type\" content=\"article\" \/>\n<meta property=\"og:title\" content=\"Programmateurs de la s\u00e9rie ESP-TM2 -\" \/>\n<meta property=\"og:description\" content=\"Simple, facile et fiable pour les applications r\u00e9sidentielles Le programmateur d\u2019arrosage ESP-TM2 est l&rsquo;option parfaite pour les solutions r\u00e9sidentielles de base. S&rsquo;appuyant sur L\u2019Utilisation Intelligente de l\u2019Eau\u00ae de Rain Bird, ce programmateur offre des fonctions d&rsquo;\u00e9conomie d&rsquo;eau simples que vous utiliserez r\u00e9ellement. Avec la flexibilit\u00e9 de 3\u00a0programmes et 4\u00a0heures de d\u00e9marrage disponibles par programme, vous pouvez adapter votre programme d&rsquo;arrosage aux besoins de votre espace vert. L&rsquo;ESP-TM2 offre l&rsquo;interface de programmation extra simple que vous connaissez dans un programmateur con\u00e7u pour durer\u00a0! Mieux encore, vous pouvez transformer l&rsquo;ESP-TM2 en un programmateur compatible Wi-Fi en installant simplement un nouveau module Wi-Fi LNK2, sans avoir \u00e0 remplacer l&rsquo;unit\u00e9 enti\u00e8re. Transformez votre programmateur en\u00a0programmateur INTELLIGENT\u00a0avec certification EPA WaterSense, en ajoutant le module LNK2 WiFi et une sonde pluviom\u00e8tre WR2.\" \/>\n<meta property=\"og:url\" content=\"https:\/\/www.ets-giroud.fr\/index.php\/produit\/programmateurs-de-la-serie-esp-tm2\/\" \/>\n<meta property=\"og:image\" content=\"http:\/\/www.ets-giroud.fr\/wp-content\/uploads\/2026\/03\/Capture-decran-2026-03-25-083847.png\" \/>\n\t<meta property=\"og:image:width\" content=\"527\" \/>\n\t<meta property=\"og:image:height\" content=\"525\" \/>\n\t<meta property=\"og:image:type\" content=\"image\/png\" \/>\n<meta name=\"twitter:card\" content=\"summary_large_image\" \/>\n<meta name=\"twitter:label1\" content=\"Dur\u00e9e de lecture estim\u00e9e\" \/>\n\t<meta name=\"twitter:data1\" content=\"1 minute\" \/>\n<script type=\"application\/ld+json\" class=\"yoast-schema-graph\">{\"@context\":\"https:\/\/schema.org\",\"@graph\":[{\"@type\":\"WebPage\",\"@id\":\"https:\/\/www.ets-giroud.fr\/index.php\/produit\/programmateurs-de-la-serie-esp-tm2\/\",\"url\":\"https:\/\/www.ets-giroud.fr\/index.php\/produit\/programmateurs-de-la-serie-esp-tm2\/\",\"name\":\"Programmateurs de la s\u00e9rie ESP-TM2 -\",\"isPartOf\":{\"@id\":\"https:\/\/www.ets-giroud.fr\/#website\"},\"primaryImageOfPage\":{\"@id\":\"https:\/\/www.ets-giroud.fr\/index.php\/produit\/programmateurs-de-la-serie-esp-tm2\/#primaryimage\"},\"image\":{\"@id\":\"https:\/\/www.ets-giroud.fr\/index.php\/produit\/programmateurs-de-la-serie-esp-tm2\/#primaryimage\"},\"thumbnailUrl\":\"https:\/\/www.ets-giroud.fr\/wp-content\/uploads\/2026\/03\/Capture-decran-2026-03-25-083847.png\",\"datePublished\":\"2026-03-25T07:50:43+00:00\",\"breadcrumb\":{\"@id\":\"https:\/\/www.ets-giroud.fr\/index.php\/produit\/programmateurs-de-la-serie-esp-tm2\/#breadcrumb\"},\"inLanguage\":\"fr-FR\",\"potentialAction\":[{\"@type\":\"ReadAction\",\"target\":[\"https:\/\/www.ets-giroud.fr\/index.php\/produit\/programmateurs-de-la-serie-esp-tm2\/\"]}]},{\"@type\":\"ImageObject\",\"inLanguage\":\"fr-FR\",\"@id\":\"https:\/\/www.ets-giroud.fr\/index.php\/produit\/programmateurs-de-la-serie-esp-tm2\/#primaryimage\",\"url\":\"https:\/\/www.ets-giroud.fr\/wp-content\/uploads\/2026\/03\/Capture-decran-2026-03-25-083847.png\",\"contentUrl\":\"https:\/\/www.ets-giroud.fr\/wp-content\/uploads\/2026\/03\/Capture-decran-2026-03-25-083847.png\",\"width\":527,\"height\":525},{\"@type\":\"BreadcrumbList\",\"@id\":\"https:\/\/www.ets-giroud.fr\/index.php\/produit\/programmateurs-de-la-serie-esp-tm2\/#breadcrumb\",\"itemListElement\":[{\"@type\":\"ListItem\",\"position\":1,\"name\":\"Accueil\",\"item\":\"https:\/\/www.ets-giroud.fr\/\"},{\"@type\":\"ListItem\",\"position\":2,\"name\":\"Produits\",\"item\":\"https:\/\/www.ets-giroud.fr\/index.php\/shop\/\"},{\"@type\":\"ListItem\",\"position\":3,\"name\":\"Programmateurs de la s\u00e9rie ESP-TM2\"}]},{\"@type\":\"WebSite\",\"@id\":\"https:\/\/www.ets-giroud.fr\/#website\",\"url\":\"https:\/\/www.ets-giroud.fr\/\",\"name\":\"ETS GIROUD\",\"description\":\"\",\"publisher\":{\"@id\":\"https:\/\/www.ets-giroud.fr\/#organization\"},\"potentialAction\":[{\"@type\":\"SearchAction\",\"target\":{\"@type\":\"EntryPoint\",\"urlTemplate\":\"https:\/\/www.ets-giroud.fr\/?s={search_term_string}\"},\"query-input\":{\"@type\":\"PropertyValueSpecification\",\"valueRequired\":true,\"valueName\":\"search_term_string\"}}],\"inLanguage\":\"fr-FR\"},{\"@type\":\"Organization\",\"@id\":\"https:\/\/www.ets-giroud.fr\/#organization\",\"name\":\"ETS GIROUD\",\"alternateName\":\"ETABLISSEMENT GIROUD VENISSIEUX\",\"url\":\"https:\/\/www.ets-giroud.fr\/\",\"logo\":{\"@type\":\"ImageObject\",\"inLanguage\":\"fr-FR\",\"@id\":\"https:\/\/www.ets-giroud.fr\/#\/schema\/logo\/image\/\",\"url\":\"https:\/\/www.ets-giroud.fr\/wp-content\/uploads\/2023\/02\/LOGO-GIROUD-SS-FOND-Photoroom-2.png\",\"contentUrl\":\"https:\/\/www.ets-giroud.fr\/wp-content\/uploads\/2023\/02\/LOGO-GIROUD-SS-FOND-Photoroom-2.png\",\"width\":1691,\"height\":1038,\"caption\":\"ETS GIROUD\"},\"image\":{\"@id\":\"https:\/\/www.ets-giroud.fr\/#\/schema\/logo\/image\/\"}}]}<\/script>\n<!-- \/ Yoast SEO plugin. -->","yoast_head_json":{"title":"Programmateurs de la s\u00e9rie ESP-TM2 -","robots":{"index":"index","follow":"follow","max-snippet":"max-snippet:-1","max-image-preview":"max-image-preview:large","max-video-preview":"max-video-preview:-1"},"canonical":"https:\/\/www.ets-giroud.fr\/index.php\/produit\/programmateurs-de-la-serie-esp-tm2\/","og_locale":"fr_FR","og_type":"article","og_title":"Programmateurs de la s\u00e9rie ESP-TM2 -","og_description":"Simple, facile et fiable pour les applications r\u00e9sidentielles Le programmateur d\u2019arrosage ESP-TM2 est l&rsquo;option parfaite pour les solutions r\u00e9sidentielles de base. S&rsquo;appuyant sur L\u2019Utilisation Intelligente de l\u2019Eau\u00ae de Rain Bird, ce programmateur offre des fonctions d&rsquo;\u00e9conomie d&rsquo;eau simples que vous utiliserez r\u00e9ellement. Avec la flexibilit\u00e9 de 3\u00a0programmes et 4\u00a0heures de d\u00e9marrage disponibles par programme, vous pouvez adapter votre programme d&rsquo;arrosage aux besoins de votre espace vert. L&rsquo;ESP-TM2 offre l&rsquo;interface de programmation extra simple que vous connaissez dans un programmateur con\u00e7u pour durer\u00a0! Mieux encore, vous pouvez transformer l&rsquo;ESP-TM2 en un programmateur compatible Wi-Fi en installant simplement un nouveau module Wi-Fi LNK2, sans avoir \u00e0 remplacer l&rsquo;unit\u00e9 enti\u00e8re. Transformez votre programmateur en\u00a0programmateur INTELLIGENT\u00a0avec certification EPA WaterSense, en ajoutant le module LNK2 WiFi et une sonde pluviom\u00e8tre WR2.","og_url":"https:\/\/www.ets-giroud.fr\/index.php\/produit\/programmateurs-de-la-serie-esp-tm2\/","og_image":[{"width":527,"height":525,"url":"http:\/\/www.ets-giroud.fr\/wp-content\/uploads\/2026\/03\/Capture-decran-2026-03-25-083847.png","type":"image\/png"}],"twitter_card":"summary_large_image","twitter_misc":{"Dur\u00e9e de lecture estim\u00e9e":"1 minute"},"schema":{"@context":"https:\/\/schema.org","@graph":[{"@type":"WebPage","@id":"https:\/\/www.ets-giroud.fr\/index.php\/produit\/programmateurs-de-la-serie-esp-tm2\/","url":"https:\/\/www.ets-giroud.fr\/index.php\/produit\/programmateurs-de-la-serie-esp-tm2\/","name":"Programmateurs de la s\u00e9rie ESP-TM2 -","isPartOf":{"@id":"https:\/\/www.ets-giroud.fr\/#website"},"primaryImageOfPage":{"@id":"https:\/\/www.ets-giroud.fr\/index.php\/produit\/programmateurs-de-la-serie-esp-tm2\/#primaryimage"},"image":{"@id":"https:\/\/www.ets-giroud.fr\/index.php\/produit\/programmateurs-de-la-serie-esp-tm2\/#primaryimage"},"thumbnailUrl":"https:\/\/www.ets-giroud.fr\/wp-content\/uploads\/2026\/03\/Capture-decran-2026-03-25-083847.png","datePublished":"2026-03-25T07:50:43+00:00","breadcrumb":{"@id":"https:\/\/www.ets-giroud.fr\/index.php\/produit\/programmateurs-de-la-serie-esp-tm2\/#breadcrumb"},"inLanguage":"fr-FR","potentialAction":[{"@type":"ReadAction","target":["https:\/\/www.ets-giroud.fr\/index.php\/produit\/programmateurs-de-la-serie-esp-tm2\/"]}]},{"@type":"ImageObject","inLanguage":"fr-FR","@id":"https:\/\/www.ets-giroud.fr\/index.php\/produit\/programmateurs-de-la-serie-esp-tm2\/#primaryimage","url":"https:\/\/www.ets-giroud.fr\/wp-content\/uploads\/2026\/03\/Capture-decran-2026-03-25-083847.png","contentUrl":"https:\/\/www.ets-giroud.fr\/wp-content\/uploads\/2026\/03\/Capture-decran-2026-03-25-083847.png","width":527,"height":525},{"@type":"BreadcrumbList","@id":"https:\/\/www.ets-giroud.fr\/index.php\/produit\/programmateurs-de-la-serie-esp-tm2\/#breadcrumb","itemListElement":[{"@type":"ListItem","position":1,"name":"Accueil","item":"https:\/\/www.ets-giroud.fr\/"},{"@type":"ListItem","position":2,"name":"Produits","item":"https:\/\/www.ets-giroud.fr\/index.php\/shop\/"},{"@type":"ListItem","position":3,"name":"Programmateurs de la s\u00e9rie ESP-TM2"}]},{"@type":"WebSite","@id":"https:\/\/www.ets-giroud.fr\/#website","url":"https:\/\/www.ets-giroud.fr\/","name":"ETS GIROUD","description":"","publisher":{"@id":"https:\/\/www.ets-giroud.fr\/#organization"},"potentialAction":[{"@type":"SearchAction","target":{"@type":"EntryPoint","urlTemplate":"https:\/\/www.ets-giroud.fr\/?s={search_term_string}"},"query-input":{"@type":"PropertyValueSpecification","valueRequired":true,"valueName":"search_term_string"}}],"inLanguage":"fr-FR"},{"@type":"Organization","@id":"https:\/\/www.ets-giroud.fr\/#organization","name":"ETS GIROUD","alternateName":"ETABLISSEMENT GIROUD VENISSIEUX","url":"https:\/\/www.ets-giroud.fr\/","logo":{"@type":"ImageObject","inLanguage":"fr-FR","@id":"https:\/\/www.ets-giroud.fr\/#\/schema\/logo\/image\/","url":"https:\/\/www.ets-giroud.fr\/wp-content\/uploads\/2023\/02\/LOGO-GIROUD-SS-FOND-Photoroom-2.png","contentUrl":"https:\/\/www.ets-giroud.fr\/wp-content\/uploads\/2023\/02\/LOGO-GIROUD-SS-FOND-Photoroom-2.png","width":1691,"height":1038,"caption":"ETS GIROUD"},"image":{"@id":"https:\/\/www.ets-giroud.fr\/#\/schema\/logo\/image\/"}}]}},"_links":{"self":[{"href":"https:\/\/www.ets-giroud.fr\/index.php\/wp-json\/wp\/v2\/product\/6225","targetHints":{"allow":["GET"]}}],"collection":[{"href":"https:\/\/www.ets-giroud.fr\/index.php\/wp-json\/wp\/v2\/product"}],"about":[{"href":"https:\/\/www.ets-giroud.fr\/index.php\/wp-json\/wp\/v2\/types\/product"}],"replies":[{"embeddable":true,"href":"https:\/\/www.ets-giroud.fr\/index.php\/wp-json\/wp\/v2\/comments?post=6225"}],"wp:featuredmedia":[{"embeddable":true,"href":"https:\/\/www.ets-giroud.fr\/index.php\/wp-json\/wp\/v2\/media\/6226"}],"wp:attachment":[{"href":"https:\/\/www.ets-giroud.fr\/index.php\/wp-json\/wp\/v2\/media?parent=6225"}],"wp:term":[{"taxonomy":"product_brand","embeddable":true,"href":"https:\/\/www.ets-giroud.fr\/index.php\/wp-json\/wp\/v2\/product_brand?post=6225"},{"taxonomy":"product_cat","embeddable":true,"href":"https:\/\/www.ets-giroud.fr\/index.php\/wp-json\/wp\/v2\/product_cat?post=6225"},{"taxonomy":"product_tag","embeddable":true,"href":"https:\/\/www.ets-giroud.fr\/index.php\/wp-json\/wp\/v2\/product_tag?post=6225"}],"curies":[{"name":"wp","href":"https:\/\/api.w.org\/{rel}","templated":true}]}}