{"id":6234,"date":"2026-03-25T09:06:47","date_gmt":"2026-03-25T08:06:47","guid":{"rendered":"https:\/\/www.ets-giroud.fr\/?post_type=product&#038;p=6234"},"modified":"2026-03-25T09:06:47","modified_gmt":"2026-03-25T08:06:47","slug":"prog-rob-orbit-dual-timer","status":"publish","type":"product","link":"https:\/\/www.ets-giroud.fr\/index.php\/produit\/prog-rob-orbit-dual-timer\/","title":{"rendered":"PROG ROB. ORBIT DUAL TIMER"},"content":{"rendered":"<h5>PROGRAMMATEUR NEZ DE ROBINET DUAL ORBIT<\/h5>\n<p>Le programmateur nez de robinet\u00a0DUAL\u00a0est tr\u00e8s simple \u00e0 utiliser d\u2019une conception et d\u2019une fabrication robuste. Il sera un outil incontournable pour faciliter l\u2019automatisation de votre arrosage au d\u00e9part d\u2019un simple robinet. Pour l\u2019apport n\u00e9cessaire en eau de votre jardin ou potager.<\/p>\n<h5>Garantie : 2 ans<\/h5>\n<h4>LES AVANTAGES<\/h4>\n<ul>\n<li>Programmation simple\u00a0:1 dur\u00e9e + 1 intervalle + heure de d\u00e9part<\/li>\n<li>R\u00e9glage d\u00e9part sur \u00e9cran<\/li>\n<li>R\u00e9glage dur\u00e9e et intervalle par bouton rotatif pour \u00e9viter les erreurs<\/li>\n<li>Marche automatique ou manuelle<\/li>\n<li>Capot de protection<\/li>\n<li>S\u00e9curit\u00e9 arr\u00eat si piles us\u00e9es<\/li>\n<li>Dur\u00e9e de 2 \u00e0 120 mn<\/li>\n<li>Intervalle 6 \u00e0 12h ou de 1 \u00e0 7 jours<\/li>\n<li>Entr\u00e9e tar \u00be\u00a0; sortie fil. \u00be<\/li>\n<li>Alimentation par 3 piles 1.5 V LR6<\/li>\n<li>Pression de service 0.7 \u00e0 5.5 bars<\/li>\n<\/ul>\n<h4>APPLICATIONS<\/h4>\n<ul>\n<li>Pour arrosage de surface jardin.<\/li>\n<li>Potager<\/li>\n<li>Pour p\u00e9pini\u00e8res, maraichage, petits espaces verts.<\/li>\n<\/ul>\n","protected":false},"excerpt":{"rendered":"<p>Code article : 1619.3<\/p>\n","protected":false},"featured_media":6235,"comment_status":"open","ping_status":"closed","template":"","meta":[],"product_brand":[162],"product_cat":[160],"product_tag":[],"class_list":{"0":"post-6234","1":"product","2":"type-product","3":"status-publish","4":"has-post-thumbnail","6":"product_brand-orbit","7":"product_cat-programmateur","9":"first","10":"instock","11":"shipping-taxable","12":"purchasable","13":"product-type-simple"},"yoast_head":"<!-- This site is optimized with the Yoast SEO plugin v27.0 - https:\/\/yoast.com\/product\/yoast-seo-wordpress\/ -->\n<title>PROG ROB. ORBIT DUAL TIMER -<\/title>\n<meta name=\"robots\" content=\"index, follow, max-snippet:-1, max-image-preview:large, max-video-preview:-1\" \/>\n<link rel=\"canonical\" href=\"https:\/\/www.ets-giroud.fr\/index.php\/produit\/prog-rob-orbit-dual-timer\/\" \/>\n<meta property=\"og:locale\" content=\"fr_FR\" \/>\n<meta property=\"og:type\" content=\"article\" \/>\n<meta property=\"og:title\" content=\"PROG ROB. ORBIT DUAL TIMER -\" \/>\n<meta property=\"og:description\" content=\"Code article : 1619.3\" \/>\n<meta property=\"og:url\" content=\"https:\/\/www.ets-giroud.fr\/index.php\/produit\/prog-rob-orbit-dual-timer\/\" \/>\n<meta property=\"og:image\" content=\"http:\/\/www.ets-giroud.fr\/wp-content\/uploads\/2026\/03\/Capture-decran-2026-03-25-090446.png\" \/>\n\t<meta property=\"og:image:width\" content=\"358\" \/>\n\t<meta property=\"og:image:height\" content=\"371\" \/>\n\t<meta property=\"og:image:type\" content=\"image\/png\" \/>\n<meta name=\"twitter:card\" content=\"summary_large_image\" \/>\n<meta name=\"twitter:label1\" content=\"Dur\u00e9e de lecture estim\u00e9e\" \/>\n\t<meta name=\"twitter:data1\" content=\"1 minute\" \/>\n<script type=\"application\/ld+json\" class=\"yoast-schema-graph\">{\"@context\":\"https:\/\/schema.org\",\"@graph\":[{\"@type\":\"WebPage\",\"@id\":\"https:\/\/www.ets-giroud.fr\/index.php\/produit\/prog-rob-orbit-dual-timer\/\",\"url\":\"https:\/\/www.ets-giroud.fr\/index.php\/produit\/prog-rob-orbit-dual-timer\/\",\"name\":\"PROG ROB. ORBIT DUAL TIMER -\",\"isPartOf\":{\"@id\":\"https:\/\/www.ets-giroud.fr\/#website\"},\"primaryImageOfPage\":{\"@id\":\"https:\/\/www.ets-giroud.fr\/index.php\/produit\/prog-rob-orbit-dual-timer\/#primaryimage\"},\"image\":{\"@id\":\"https:\/\/www.ets-giroud.fr\/index.php\/produit\/prog-rob-orbit-dual-timer\/#primaryimage\"},\"thumbnailUrl\":\"https:\/\/www.ets-giroud.fr\/wp-content\/uploads\/2026\/03\/Capture-decran-2026-03-25-090446.png\",\"datePublished\":\"2026-03-25T08:06:47+00:00\",\"breadcrumb\":{\"@id\":\"https:\/\/www.ets-giroud.fr\/index.php\/produit\/prog-rob-orbit-dual-timer\/#breadcrumb\"},\"inLanguage\":\"fr-FR\",\"potentialAction\":[{\"@type\":\"ReadAction\",\"target\":[\"https:\/\/www.ets-giroud.fr\/index.php\/produit\/prog-rob-orbit-dual-timer\/\"]}]},{\"@type\":\"ImageObject\",\"inLanguage\":\"fr-FR\",\"@id\":\"https:\/\/www.ets-giroud.fr\/index.php\/produit\/prog-rob-orbit-dual-timer\/#primaryimage\",\"url\":\"https:\/\/www.ets-giroud.fr\/wp-content\/uploads\/2026\/03\/Capture-decran-2026-03-25-090446.png\",\"contentUrl\":\"https:\/\/www.ets-giroud.fr\/wp-content\/uploads\/2026\/03\/Capture-decran-2026-03-25-090446.png\",\"width\":358,\"height\":371},{\"@type\":\"BreadcrumbList\",\"@id\":\"https:\/\/www.ets-giroud.fr\/index.php\/produit\/prog-rob-orbit-dual-timer\/#breadcrumb\",\"itemListElement\":[{\"@type\":\"ListItem\",\"position\":1,\"name\":\"Accueil\",\"item\":\"https:\/\/www.ets-giroud.fr\/\"},{\"@type\":\"ListItem\",\"position\":2,\"name\":\"Produits\",\"item\":\"https:\/\/www.ets-giroud.fr\/index.php\/shop\/\"},{\"@type\":\"ListItem\",\"position\":3,\"name\":\"PROG ROB. ORBIT DUAL TIMER\"}]},{\"@type\":\"WebSite\",\"@id\":\"https:\/\/www.ets-giroud.fr\/#website\",\"url\":\"https:\/\/www.ets-giroud.fr\/\",\"name\":\"ETS GIROUD\",\"description\":\"\",\"publisher\":{\"@id\":\"https:\/\/www.ets-giroud.fr\/#organization\"},\"potentialAction\":[{\"@type\":\"SearchAction\",\"target\":{\"@type\":\"EntryPoint\",\"urlTemplate\":\"https:\/\/www.ets-giroud.fr\/?s={search_term_string}\"},\"query-input\":{\"@type\":\"PropertyValueSpecification\",\"valueRequired\":true,\"valueName\":\"search_term_string\"}}],\"inLanguage\":\"fr-FR\"},{\"@type\":\"Organization\",\"@id\":\"https:\/\/www.ets-giroud.fr\/#organization\",\"name\":\"ETS GIROUD\",\"alternateName\":\"ETABLISSEMENT GIROUD VENISSIEUX\",\"url\":\"https:\/\/www.ets-giroud.fr\/\",\"logo\":{\"@type\":\"ImageObject\",\"inLanguage\":\"fr-FR\",\"@id\":\"https:\/\/www.ets-giroud.fr\/#\/schema\/logo\/image\/\",\"url\":\"https:\/\/www.ets-giroud.fr\/wp-content\/uploads\/2023\/02\/LOGO-GIROUD-SS-FOND-Photoroom-2.png\",\"contentUrl\":\"https:\/\/www.ets-giroud.fr\/wp-content\/uploads\/2023\/02\/LOGO-GIROUD-SS-FOND-Photoroom-2.png\",\"width\":1691,\"height\":1038,\"caption\":\"ETS GIROUD\"},\"image\":{\"@id\":\"https:\/\/www.ets-giroud.fr\/#\/schema\/logo\/image\/\"}}]}<\/script>\n<!-- \/ Yoast SEO plugin. -->","yoast_head_json":{"title":"PROG ROB. ORBIT DUAL TIMER -","robots":{"index":"index","follow":"follow","max-snippet":"max-snippet:-1","max-image-preview":"max-image-preview:large","max-video-preview":"max-video-preview:-1"},"canonical":"https:\/\/www.ets-giroud.fr\/index.php\/produit\/prog-rob-orbit-dual-timer\/","og_locale":"fr_FR","og_type":"article","og_title":"PROG ROB. ORBIT DUAL TIMER -","og_description":"Code article : 1619.3","og_url":"https:\/\/www.ets-giroud.fr\/index.php\/produit\/prog-rob-orbit-dual-timer\/","og_image":[{"width":358,"height":371,"url":"http:\/\/www.ets-giroud.fr\/wp-content\/uploads\/2026\/03\/Capture-decran-2026-03-25-090446.png","type":"image\/png"}],"twitter_card":"summary_large_image","twitter_misc":{"Dur\u00e9e de lecture estim\u00e9e":"1 minute"},"schema":{"@context":"https:\/\/schema.org","@graph":[{"@type":"WebPage","@id":"https:\/\/www.ets-giroud.fr\/index.php\/produit\/prog-rob-orbit-dual-timer\/","url":"https:\/\/www.ets-giroud.fr\/index.php\/produit\/prog-rob-orbit-dual-timer\/","name":"PROG ROB. ORBIT DUAL TIMER -","isPartOf":{"@id":"https:\/\/www.ets-giroud.fr\/#website"},"primaryImageOfPage":{"@id":"https:\/\/www.ets-giroud.fr\/index.php\/produit\/prog-rob-orbit-dual-timer\/#primaryimage"},"image":{"@id":"https:\/\/www.ets-giroud.fr\/index.php\/produit\/prog-rob-orbit-dual-timer\/#primaryimage"},"thumbnailUrl":"https:\/\/www.ets-giroud.fr\/wp-content\/uploads\/2026\/03\/Capture-decran-2026-03-25-090446.png","datePublished":"2026-03-25T08:06:47+00:00","breadcrumb":{"@id":"https:\/\/www.ets-giroud.fr\/index.php\/produit\/prog-rob-orbit-dual-timer\/#breadcrumb"},"inLanguage":"fr-FR","potentialAction":[{"@type":"ReadAction","target":["https:\/\/www.ets-giroud.fr\/index.php\/produit\/prog-rob-orbit-dual-timer\/"]}]},{"@type":"ImageObject","inLanguage":"fr-FR","@id":"https:\/\/www.ets-giroud.fr\/index.php\/produit\/prog-rob-orbit-dual-timer\/#primaryimage","url":"https:\/\/www.ets-giroud.fr\/wp-content\/uploads\/2026\/03\/Capture-decran-2026-03-25-090446.png","contentUrl":"https:\/\/www.ets-giroud.fr\/wp-content\/uploads\/2026\/03\/Capture-decran-2026-03-25-090446.png","width":358,"height":371},{"@type":"BreadcrumbList","@id":"https:\/\/www.ets-giroud.fr\/index.php\/produit\/prog-rob-orbit-dual-timer\/#breadcrumb","itemListElement":[{"@type":"ListItem","position":1,"name":"Accueil","item":"https:\/\/www.ets-giroud.fr\/"},{"@type":"ListItem","position":2,"name":"Produits","item":"https:\/\/www.ets-giroud.fr\/index.php\/shop\/"},{"@type":"ListItem","position":3,"name":"PROG ROB. ORBIT DUAL TIMER"}]},{"@type":"WebSite","@id":"https:\/\/www.ets-giroud.fr\/#website","url":"https:\/\/www.ets-giroud.fr\/","name":"ETS GIROUD","description":"","publisher":{"@id":"https:\/\/www.ets-giroud.fr\/#organization"},"potentialAction":[{"@type":"SearchAction","target":{"@type":"EntryPoint","urlTemplate":"https:\/\/www.ets-giroud.fr\/?s={search_term_string}"},"query-input":{"@type":"PropertyValueSpecification","valueRequired":true,"valueName":"search_term_string"}}],"inLanguage":"fr-FR"},{"@type":"Organization","@id":"https:\/\/www.ets-giroud.fr\/#organization","name":"ETS GIROUD","alternateName":"ETABLISSEMENT GIROUD VENISSIEUX","url":"https:\/\/www.ets-giroud.fr\/","logo":{"@type":"ImageObject","inLanguage":"fr-FR","@id":"https:\/\/www.ets-giroud.fr\/#\/schema\/logo\/image\/","url":"https:\/\/www.ets-giroud.fr\/wp-content\/uploads\/2023\/02\/LOGO-GIROUD-SS-FOND-Photoroom-2.png","contentUrl":"https:\/\/www.ets-giroud.fr\/wp-content\/uploads\/2023\/02\/LOGO-GIROUD-SS-FOND-Photoroom-2.png","width":1691,"height":1038,"caption":"ETS GIROUD"},"image":{"@id":"https:\/\/www.ets-giroud.fr\/#\/schema\/logo\/image\/"}}]}},"_links":{"self":[{"href":"https:\/\/www.ets-giroud.fr\/index.php\/wp-json\/wp\/v2\/product\/6234","targetHints":{"allow":["GET"]}}],"collection":[{"href":"https:\/\/www.ets-giroud.fr\/index.php\/wp-json\/wp\/v2\/product"}],"about":[{"href":"https:\/\/www.ets-giroud.fr\/index.php\/wp-json\/wp\/v2\/types\/product"}],"replies":[{"embeddable":true,"href":"https:\/\/www.ets-giroud.fr\/index.php\/wp-json\/wp\/v2\/comments?post=6234"}],"wp:featuredmedia":[{"embeddable":true,"href":"https:\/\/www.ets-giroud.fr\/index.php\/wp-json\/wp\/v2\/media\/6235"}],"wp:attachment":[{"href":"https:\/\/www.ets-giroud.fr\/index.php\/wp-json\/wp\/v2\/media?parent=6234"}],"wp:term":[{"taxonomy":"product_brand","embeddable":true,"href":"https:\/\/www.ets-giroud.fr\/index.php\/wp-json\/wp\/v2\/product_brand?post=6234"},{"taxonomy":"product_cat","embeddable":true,"href":"https:\/\/www.ets-giroud.fr\/index.php\/wp-json\/wp\/v2\/product_cat?post=6234"},{"taxonomy":"product_tag","embeddable":true,"href":"https:\/\/www.ets-giroud.fr\/index.php\/wp-json\/wp\/v2\/product_tag?post=6234"}],"curies":[{"name":"wp","href":"https:\/\/api.w.org\/{rel}","templated":true}]}}