{"id":6702,"date":"2026-04-07T15:25:08","date_gmt":"2026-04-07T13:25:08","guid":{"rendered":"https:\/\/www.ets-giroud.fr\/?post_type=product&#038;p=6702"},"modified":"2026-04-07T15:25:08","modified_gmt":"2026-04-07T13:25:08","slug":"raccord-plastique-droit-male","status":"publish","type":"product","link":"https:\/\/www.ets-giroud.fr\/index.php\/produit\/raccord-plastique-droit-male\/","title":{"rendered":"Raccord plastique droit m\u00e2le"},"content":{"rendered":"<div class=\"content\">Les produits Plast Connectors sont des composants \u00e9prouv\u00e9s de raccordement de tuyaux et de tuyaux en plastique qui cr\u00e9ent des connexions s\u00fbres, fiables et abordables dans les lignes utilis\u00e9es pour le transport de fluides.<\/div>\n","protected":false},"excerpt":{"rendered":"<p>Les produits Plast Connectors sont des composants \u00e9prouv\u00e9s de raccordement de tuyaux et de tuyaux en plastique qui cr\u00e9ent des connexions s\u00fbres, fiables et abordables dans les lignes utilis\u00e9es pour le transport de fluides.<\/p>\n","protected":false},"featured_media":6718,"comment_status":"open","ping_status":"closed","template":"","meta":[],"product_brand":[178],"product_cat":[179],"product_tag":[],"class_list":{"0":"post-6702","1":"product","2":"type-product","3":"status-publish","4":"has-post-thumbnail","6":"product_brand-norma","7":"product_cat-raccord-plastique","9":"first","10":"instock","11":"shipping-taxable","12":"purchasable","13":"product-type-variable"},"yoast_head":"<!-- This site is optimized with the Yoast SEO plugin v27.0 - https:\/\/yoast.com\/product\/yoast-seo-wordpress\/ -->\n<title>Raccord plastique droit m\u00e2le -<\/title>\n<meta name=\"robots\" content=\"index, follow, max-snippet:-1, max-image-preview:large, max-video-preview:-1\" \/>\n<link rel=\"canonical\" href=\"https:\/\/www.ets-giroud.fr\/index.php\/produit\/raccord-plastique-droit-male\/\" \/>\n<meta property=\"og:locale\" content=\"fr_FR\" \/>\n<meta property=\"og:type\" content=\"article\" \/>\n<meta property=\"og:title\" content=\"Raccord plastique droit m\u00e2le -\" \/>\n<meta property=\"og:description\" content=\"Les produits Plast Connectors sont des composants \u00e9prouv\u00e9s de raccordement de tuyaux et de tuyaux en plastique qui cr\u00e9ent des connexions s\u00fbres, fiables et abordables dans les lignes utilis\u00e9es pour le transport de fluides.\" \/>\n<meta property=\"og:url\" content=\"https:\/\/www.ets-giroud.fr\/index.php\/produit\/raccord-plastique-droit-male\/\" \/>\n<meta property=\"og:image\" content=\"http:\/\/www.ets-giroud.fr\/wp-content\/uploads\/2026\/04\/Capture-decran-2026-04-07-150006.png\" \/>\n\t<meta property=\"og:image:width\" content=\"389\" \/>\n\t<meta property=\"og:image:height\" content=\"349\" \/>\n\t<meta property=\"og:image:type\" content=\"image\/png\" \/>\n<meta name=\"twitter:card\" content=\"summary_large_image\" \/>\n<meta name=\"twitter:label1\" content=\"Dur\u00e9e de lecture estim\u00e9e\" \/>\n\t<meta name=\"twitter:data1\" content=\"1 minute\" \/>\n<script type=\"application\/ld+json\" class=\"yoast-schema-graph\">{\"@context\":\"https:\/\/schema.org\",\"@graph\":[{\"@type\":\"WebPage\",\"@id\":\"https:\/\/www.ets-giroud.fr\/index.php\/produit\/raccord-plastique-droit-male\/\",\"url\":\"https:\/\/www.ets-giroud.fr\/index.php\/produit\/raccord-plastique-droit-male\/\",\"name\":\"Raccord plastique droit m\u00e2le -\",\"isPartOf\":{\"@id\":\"https:\/\/www.ets-giroud.fr\/#website\"},\"primaryImageOfPage\":{\"@id\":\"https:\/\/www.ets-giroud.fr\/index.php\/produit\/raccord-plastique-droit-male\/#primaryimage\"},\"image\":{\"@id\":\"https:\/\/www.ets-giroud.fr\/index.php\/produit\/raccord-plastique-droit-male\/#primaryimage\"},\"thumbnailUrl\":\"https:\/\/www.ets-giroud.fr\/wp-content\/uploads\/2026\/04\/Capture-decran-2026-04-07-150006.png\",\"datePublished\":\"2026-04-07T13:25:08+00:00\",\"breadcrumb\":{\"@id\":\"https:\/\/www.ets-giroud.fr\/index.php\/produit\/raccord-plastique-droit-male\/#breadcrumb\"},\"inLanguage\":\"fr-FR\",\"potentialAction\":[{\"@type\":\"ReadAction\",\"target\":[\"https:\/\/www.ets-giroud.fr\/index.php\/produit\/raccord-plastique-droit-male\/\"]}]},{\"@type\":\"ImageObject\",\"inLanguage\":\"fr-FR\",\"@id\":\"https:\/\/www.ets-giroud.fr\/index.php\/produit\/raccord-plastique-droit-male\/#primaryimage\",\"url\":\"https:\/\/www.ets-giroud.fr\/wp-content\/uploads\/2026\/04\/Capture-decran-2026-04-07-150006.png\",\"contentUrl\":\"https:\/\/www.ets-giroud.fr\/wp-content\/uploads\/2026\/04\/Capture-decran-2026-04-07-150006.png\",\"width\":389,\"height\":349},{\"@type\":\"BreadcrumbList\",\"@id\":\"https:\/\/www.ets-giroud.fr\/index.php\/produit\/raccord-plastique-droit-male\/#breadcrumb\",\"itemListElement\":[{\"@type\":\"ListItem\",\"position\":1,\"name\":\"Accueil\",\"item\":\"https:\/\/www.ets-giroud.fr\/\"},{\"@type\":\"ListItem\",\"position\":2,\"name\":\"Produits\",\"item\":\"https:\/\/www.ets-giroud.fr\/index.php\/shop\/\"},{\"@type\":\"ListItem\",\"position\":3,\"name\":\"Raccord plastique droit m\u00e2le\"}]},{\"@type\":\"WebSite\",\"@id\":\"https:\/\/www.ets-giroud.fr\/#website\",\"url\":\"https:\/\/www.ets-giroud.fr\/\",\"name\":\"ETS GIROUD\",\"description\":\"\",\"publisher\":{\"@id\":\"https:\/\/www.ets-giroud.fr\/#organization\"},\"potentialAction\":[{\"@type\":\"SearchAction\",\"target\":{\"@type\":\"EntryPoint\",\"urlTemplate\":\"https:\/\/www.ets-giroud.fr\/?s={search_term_string}\"},\"query-input\":{\"@type\":\"PropertyValueSpecification\",\"valueRequired\":true,\"valueName\":\"search_term_string\"}}],\"inLanguage\":\"fr-FR\"},{\"@type\":\"Organization\",\"@id\":\"https:\/\/www.ets-giroud.fr\/#organization\",\"name\":\"ETS GIROUD\",\"alternateName\":\"ETABLISSEMENT GIROUD VENISSIEUX\",\"url\":\"https:\/\/www.ets-giroud.fr\/\",\"logo\":{\"@type\":\"ImageObject\",\"inLanguage\":\"fr-FR\",\"@id\":\"https:\/\/www.ets-giroud.fr\/#\/schema\/logo\/image\/\",\"url\":\"https:\/\/www.ets-giroud.fr\/wp-content\/uploads\/2023\/02\/LOGO-GIROUD-SS-FOND-Photoroom-2.png\",\"contentUrl\":\"https:\/\/www.ets-giroud.fr\/wp-content\/uploads\/2023\/02\/LOGO-GIROUD-SS-FOND-Photoroom-2.png\",\"width\":1691,\"height\":1038,\"caption\":\"ETS GIROUD\"},\"image\":{\"@id\":\"https:\/\/www.ets-giroud.fr\/#\/schema\/logo\/image\/\"}}]}<\/script>\n<!-- \/ Yoast SEO plugin. -->","yoast_head_json":{"title":"Raccord plastique droit m\u00e2le -","robots":{"index":"index","follow":"follow","max-snippet":"max-snippet:-1","max-image-preview":"max-image-preview:large","max-video-preview":"max-video-preview:-1"},"canonical":"https:\/\/www.ets-giroud.fr\/index.php\/produit\/raccord-plastique-droit-male\/","og_locale":"fr_FR","og_type":"article","og_title":"Raccord plastique droit m\u00e2le -","og_description":"Les produits Plast Connectors sont des composants \u00e9prouv\u00e9s de raccordement de tuyaux et de tuyaux en plastique qui cr\u00e9ent des connexions s\u00fbres, fiables et abordables dans les lignes utilis\u00e9es pour le transport de fluides.","og_url":"https:\/\/www.ets-giroud.fr\/index.php\/produit\/raccord-plastique-droit-male\/","og_image":[{"width":389,"height":349,"url":"http:\/\/www.ets-giroud.fr\/wp-content\/uploads\/2026\/04\/Capture-decran-2026-04-07-150006.png","type":"image\/png"}],"twitter_card":"summary_large_image","twitter_misc":{"Dur\u00e9e de lecture estim\u00e9e":"1 minute"},"schema":{"@context":"https:\/\/schema.org","@graph":[{"@type":"WebPage","@id":"https:\/\/www.ets-giroud.fr\/index.php\/produit\/raccord-plastique-droit-male\/","url":"https:\/\/www.ets-giroud.fr\/index.php\/produit\/raccord-plastique-droit-male\/","name":"Raccord plastique droit m\u00e2le -","isPartOf":{"@id":"https:\/\/www.ets-giroud.fr\/#website"},"primaryImageOfPage":{"@id":"https:\/\/www.ets-giroud.fr\/index.php\/produit\/raccord-plastique-droit-male\/#primaryimage"},"image":{"@id":"https:\/\/www.ets-giroud.fr\/index.php\/produit\/raccord-plastique-droit-male\/#primaryimage"},"thumbnailUrl":"https:\/\/www.ets-giroud.fr\/wp-content\/uploads\/2026\/04\/Capture-decran-2026-04-07-150006.png","datePublished":"2026-04-07T13:25:08+00:00","breadcrumb":{"@id":"https:\/\/www.ets-giroud.fr\/index.php\/produit\/raccord-plastique-droit-male\/#breadcrumb"},"inLanguage":"fr-FR","potentialAction":[{"@type":"ReadAction","target":["https:\/\/www.ets-giroud.fr\/index.php\/produit\/raccord-plastique-droit-male\/"]}]},{"@type":"ImageObject","inLanguage":"fr-FR","@id":"https:\/\/www.ets-giroud.fr\/index.php\/produit\/raccord-plastique-droit-male\/#primaryimage","url":"https:\/\/www.ets-giroud.fr\/wp-content\/uploads\/2026\/04\/Capture-decran-2026-04-07-150006.png","contentUrl":"https:\/\/www.ets-giroud.fr\/wp-content\/uploads\/2026\/04\/Capture-decran-2026-04-07-150006.png","width":389,"height":349},{"@type":"BreadcrumbList","@id":"https:\/\/www.ets-giroud.fr\/index.php\/produit\/raccord-plastique-droit-male\/#breadcrumb","itemListElement":[{"@type":"ListItem","position":1,"name":"Accueil","item":"https:\/\/www.ets-giroud.fr\/"},{"@type":"ListItem","position":2,"name":"Produits","item":"https:\/\/www.ets-giroud.fr\/index.php\/shop\/"},{"@type":"ListItem","position":3,"name":"Raccord plastique droit m\u00e2le"}]},{"@type":"WebSite","@id":"https:\/\/www.ets-giroud.fr\/#website","url":"https:\/\/www.ets-giroud.fr\/","name":"ETS GIROUD","description":"","publisher":{"@id":"https:\/\/www.ets-giroud.fr\/#organization"},"potentialAction":[{"@type":"SearchAction","target":{"@type":"EntryPoint","urlTemplate":"https:\/\/www.ets-giroud.fr\/?s={search_term_string}"},"query-input":{"@type":"PropertyValueSpecification","valueRequired":true,"valueName":"search_term_string"}}],"inLanguage":"fr-FR"},{"@type":"Organization","@id":"https:\/\/www.ets-giroud.fr\/#organization","name":"ETS GIROUD","alternateName":"ETABLISSEMENT GIROUD VENISSIEUX","url":"https:\/\/www.ets-giroud.fr\/","logo":{"@type":"ImageObject","inLanguage":"fr-FR","@id":"https:\/\/www.ets-giroud.fr\/#\/schema\/logo\/image\/","url":"https:\/\/www.ets-giroud.fr\/wp-content\/uploads\/2023\/02\/LOGO-GIROUD-SS-FOND-Photoroom-2.png","contentUrl":"https:\/\/www.ets-giroud.fr\/wp-content\/uploads\/2023\/02\/LOGO-GIROUD-SS-FOND-Photoroom-2.png","width":1691,"height":1038,"caption":"ETS GIROUD"},"image":{"@id":"https:\/\/www.ets-giroud.fr\/#\/schema\/logo\/image\/"}}]}},"_links":{"self":[{"href":"https:\/\/www.ets-giroud.fr\/index.php\/wp-json\/wp\/v2\/product\/6702","targetHints":{"allow":["GET"]}}],"collection":[{"href":"https:\/\/www.ets-giroud.fr\/index.php\/wp-json\/wp\/v2\/product"}],"about":[{"href":"https:\/\/www.ets-giroud.fr\/index.php\/wp-json\/wp\/v2\/types\/product"}],"replies":[{"embeddable":true,"href":"https:\/\/www.ets-giroud.fr\/index.php\/wp-json\/wp\/v2\/comments?post=6702"}],"wp:featuredmedia":[{"embeddable":true,"href":"https:\/\/www.ets-giroud.fr\/index.php\/wp-json\/wp\/v2\/media\/6718"}],"wp:attachment":[{"href":"https:\/\/www.ets-giroud.fr\/index.php\/wp-json\/wp\/v2\/media?parent=6702"}],"wp:term":[{"taxonomy":"product_brand","embeddable":true,"href":"https:\/\/www.ets-giroud.fr\/index.php\/wp-json\/wp\/v2\/product_brand?post=6702"},{"taxonomy":"product_cat","embeddable":true,"href":"https:\/\/www.ets-giroud.fr\/index.php\/wp-json\/wp\/v2\/product_cat?post=6702"},{"taxonomy":"product_tag","embeddable":true,"href":"https:\/\/www.ets-giroud.fr\/index.php\/wp-json\/wp\/v2\/product_tag?post=6702"}],"curies":[{"name":"wp","href":"https:\/\/api.w.org\/{rel}","templated":true}]}}