{"id":6841,"date":"2026-04-08T11:25:09","date_gmt":"2026-04-08T09:25:09","guid":{"rendered":"https:\/\/www.ets-giroud.fr\/?post_type=product&#038;p=6841"},"modified":"2026-04-08T11:52:22","modified_gmt":"2026-04-08T09:52:22","slug":"clapet-anti-retour-pression","status":"publish","type":"product","link":"https:\/\/www.ets-giroud.fr\/index.php\/produit\/clapet-anti-retour-pression\/","title":{"rendered":"Clapet anti retour pression"},"content":{"rendered":"<h3 class=\"chapo\">Les + Nicoll performance<\/h3>\n<div class=\"note\">\n<div class=\"advantage\">\n<div class=\"content-advantage\">\n<ul>\n<li>Syst\u00e8me anti-refoulement parfaitement \u00e9tanche<\/li>\n<li>Combinant un angle \u00e0 45\u00b0 et un bouchon d\u00e9vissable, le clapet offre un acc\u00e8s ais\u00e9 \u00e0 la canalisation<\/li>\n<li>L&rsquo;ouverture maximale du clapet offre un excellent d\u00e9bit<\/li>\n<\/ul>\n<\/div>\n<\/div>\n<div class=\"advantage\">\n<h3>Les + Nicoll\u00a0installation<\/h3>\n<div class=\"content-advantage\">Une mise en oeuvre facile sur tout type de r\u00e9seau (\u00d8 32-40-50 mm) par simple collage.<\/div>\n<\/div>\n<\/div>\n","protected":false},"excerpt":{"rendered":"<h4 class=\"chapo\">Clapets anti-retour pour s\u00e9curiser le r\u00e9seau d&rsquo;\u00e9vacuation des eaux us\u00e9es \u00e0 l&rsquo;int\u00e9rieur des b\u00e2timents \u00d8 32-40-50 mm<\/h4>\n","protected":false},"featured_media":6845,"comment_status":"open","ping_status":"closed","template":"","meta":[],"product_brand":[113],"product_cat":[180],"product_tag":[],"class_list":{"0":"post-6841","1":"product","2":"type-product","3":"status-publish","4":"has-post-thumbnail","6":"product_brand-nicoll","7":"product_cat-pvc-pression","9":"first","10":"instock","11":"shipping-taxable","12":"purchasable","13":"product-type-variable"},"yoast_head":"<!-- This site is optimized with the Yoast SEO plugin v27.0 - https:\/\/yoast.com\/product\/yoast-seo-wordpress\/ -->\n<title>Clapet anti retour pression -<\/title>\n<meta name=\"robots\" content=\"index, follow, max-snippet:-1, max-image-preview:large, max-video-preview:-1\" \/>\n<link rel=\"canonical\" href=\"https:\/\/www.ets-giroud.fr\/index.php\/produit\/clapet-anti-retour-pression\/\" \/>\n<meta property=\"og:locale\" content=\"fr_FR\" \/>\n<meta property=\"og:type\" content=\"article\" \/>\n<meta property=\"og:title\" content=\"Clapet anti retour pression -\" \/>\n<meta property=\"og:description\" content=\"Clapets anti-retour pour s\u00e9curiser le r\u00e9seau d&#039;\u00e9vacuation des eaux us\u00e9es \u00e0 l&#039;int\u00e9rieur des b\u00e2timents \u00d8 32-40-50 mm\" \/>\n<meta property=\"og:url\" content=\"https:\/\/www.ets-giroud.fr\/index.php\/produit\/clapet-anti-retour-pression\/\" \/>\n<meta property=\"article:modified_time\" content=\"2026-04-08T09:52:22+00:00\" \/>\n<meta property=\"og:image\" content=\"http:\/\/www.ets-giroud.fr\/wp-content\/uploads\/2026\/04\/Capture-decran-2026-04-08-111943.png\" \/>\n\t<meta property=\"og:image:width\" content=\"757\" \/>\n\t<meta property=\"og:image:height\" content=\"519\" \/>\n\t<meta property=\"og:image:type\" content=\"image\/png\" \/>\n<meta name=\"twitter:card\" content=\"summary_large_image\" \/>\n<meta name=\"twitter:label1\" content=\"Dur\u00e9e de lecture estim\u00e9e\" \/>\n\t<meta name=\"twitter:data1\" content=\"1 minute\" \/>\n<script type=\"application\/ld+json\" class=\"yoast-schema-graph\">{\"@context\":\"https:\/\/schema.org\",\"@graph\":[{\"@type\":\"WebPage\",\"@id\":\"https:\/\/www.ets-giroud.fr\/index.php\/produit\/clapet-anti-retour-pression\/\",\"url\":\"https:\/\/www.ets-giroud.fr\/index.php\/produit\/clapet-anti-retour-pression\/\",\"name\":\"Clapet anti retour pression -\",\"isPartOf\":{\"@id\":\"https:\/\/www.ets-giroud.fr\/#website\"},\"primaryImageOfPage\":{\"@id\":\"https:\/\/www.ets-giroud.fr\/index.php\/produit\/clapet-anti-retour-pression\/#primaryimage\"},\"image\":{\"@id\":\"https:\/\/www.ets-giroud.fr\/index.php\/produit\/clapet-anti-retour-pression\/#primaryimage\"},\"thumbnailUrl\":\"https:\/\/www.ets-giroud.fr\/wp-content\/uploads\/2026\/04\/Capture-decran-2026-04-08-111943.png\",\"datePublished\":\"2026-04-08T09:25:09+00:00\",\"dateModified\":\"2026-04-08T09:52:22+00:00\",\"breadcrumb\":{\"@id\":\"https:\/\/www.ets-giroud.fr\/index.php\/produit\/clapet-anti-retour-pression\/#breadcrumb\"},\"inLanguage\":\"fr-FR\",\"potentialAction\":[{\"@type\":\"ReadAction\",\"target\":[\"https:\/\/www.ets-giroud.fr\/index.php\/produit\/clapet-anti-retour-pression\/\"]}]},{\"@type\":\"ImageObject\",\"inLanguage\":\"fr-FR\",\"@id\":\"https:\/\/www.ets-giroud.fr\/index.php\/produit\/clapet-anti-retour-pression\/#primaryimage\",\"url\":\"https:\/\/www.ets-giroud.fr\/wp-content\/uploads\/2026\/04\/Capture-decran-2026-04-08-111943.png\",\"contentUrl\":\"https:\/\/www.ets-giroud.fr\/wp-content\/uploads\/2026\/04\/Capture-decran-2026-04-08-111943.png\",\"width\":757,\"height\":519},{\"@type\":\"BreadcrumbList\",\"@id\":\"https:\/\/www.ets-giroud.fr\/index.php\/produit\/clapet-anti-retour-pression\/#breadcrumb\",\"itemListElement\":[{\"@type\":\"ListItem\",\"position\":1,\"name\":\"Accueil\",\"item\":\"https:\/\/www.ets-giroud.fr\/\"},{\"@type\":\"ListItem\",\"position\":2,\"name\":\"Produits\",\"item\":\"https:\/\/www.ets-giroud.fr\/index.php\/shop\/\"},{\"@type\":\"ListItem\",\"position\":3,\"name\":\"Clapet anti retour pression\"}]},{\"@type\":\"WebSite\",\"@id\":\"https:\/\/www.ets-giroud.fr\/#website\",\"url\":\"https:\/\/www.ets-giroud.fr\/\",\"name\":\"ETS GIROUD\",\"description\":\"\",\"publisher\":{\"@id\":\"https:\/\/www.ets-giroud.fr\/#organization\"},\"potentialAction\":[{\"@type\":\"SearchAction\",\"target\":{\"@type\":\"EntryPoint\",\"urlTemplate\":\"https:\/\/www.ets-giroud.fr\/?s={search_term_string}\"},\"query-input\":{\"@type\":\"PropertyValueSpecification\",\"valueRequired\":true,\"valueName\":\"search_term_string\"}}],\"inLanguage\":\"fr-FR\"},{\"@type\":\"Organization\",\"@id\":\"https:\/\/www.ets-giroud.fr\/#organization\",\"name\":\"ETS GIROUD\",\"alternateName\":\"ETABLISSEMENT GIROUD VENISSIEUX\",\"url\":\"https:\/\/www.ets-giroud.fr\/\",\"logo\":{\"@type\":\"ImageObject\",\"inLanguage\":\"fr-FR\",\"@id\":\"https:\/\/www.ets-giroud.fr\/#\/schema\/logo\/image\/\",\"url\":\"https:\/\/www.ets-giroud.fr\/wp-content\/uploads\/2023\/02\/LOGO-GIROUD-SS-FOND-Photoroom-2.png\",\"contentUrl\":\"https:\/\/www.ets-giroud.fr\/wp-content\/uploads\/2023\/02\/LOGO-GIROUD-SS-FOND-Photoroom-2.png\",\"width\":1691,\"height\":1038,\"caption\":\"ETS GIROUD\"},\"image\":{\"@id\":\"https:\/\/www.ets-giroud.fr\/#\/schema\/logo\/image\/\"}}]}<\/script>\n<!-- \/ Yoast SEO plugin. -->","yoast_head_json":{"title":"Clapet anti retour pression -","robots":{"index":"index","follow":"follow","max-snippet":"max-snippet:-1","max-image-preview":"max-image-preview:large","max-video-preview":"max-video-preview:-1"},"canonical":"https:\/\/www.ets-giroud.fr\/index.php\/produit\/clapet-anti-retour-pression\/","og_locale":"fr_FR","og_type":"article","og_title":"Clapet anti retour pression -","og_description":"Clapets anti-retour pour s\u00e9curiser le r\u00e9seau d'\u00e9vacuation des eaux us\u00e9es \u00e0 l'int\u00e9rieur des b\u00e2timents \u00d8 32-40-50 mm","og_url":"https:\/\/www.ets-giroud.fr\/index.php\/produit\/clapet-anti-retour-pression\/","article_modified_time":"2026-04-08T09:52:22+00:00","og_image":[{"width":757,"height":519,"url":"http:\/\/www.ets-giroud.fr\/wp-content\/uploads\/2026\/04\/Capture-decran-2026-04-08-111943.png","type":"image\/png"}],"twitter_card":"summary_large_image","twitter_misc":{"Dur\u00e9e de lecture estim\u00e9e":"1 minute"},"schema":{"@context":"https:\/\/schema.org","@graph":[{"@type":"WebPage","@id":"https:\/\/www.ets-giroud.fr\/index.php\/produit\/clapet-anti-retour-pression\/","url":"https:\/\/www.ets-giroud.fr\/index.php\/produit\/clapet-anti-retour-pression\/","name":"Clapet anti retour pression -","isPartOf":{"@id":"https:\/\/www.ets-giroud.fr\/#website"},"primaryImageOfPage":{"@id":"https:\/\/www.ets-giroud.fr\/index.php\/produit\/clapet-anti-retour-pression\/#primaryimage"},"image":{"@id":"https:\/\/www.ets-giroud.fr\/index.php\/produit\/clapet-anti-retour-pression\/#primaryimage"},"thumbnailUrl":"https:\/\/www.ets-giroud.fr\/wp-content\/uploads\/2026\/04\/Capture-decran-2026-04-08-111943.png","datePublished":"2026-04-08T09:25:09+00:00","dateModified":"2026-04-08T09:52:22+00:00","breadcrumb":{"@id":"https:\/\/www.ets-giroud.fr\/index.php\/produit\/clapet-anti-retour-pression\/#breadcrumb"},"inLanguage":"fr-FR","potentialAction":[{"@type":"ReadAction","target":["https:\/\/www.ets-giroud.fr\/index.php\/produit\/clapet-anti-retour-pression\/"]}]},{"@type":"ImageObject","inLanguage":"fr-FR","@id":"https:\/\/www.ets-giroud.fr\/index.php\/produit\/clapet-anti-retour-pression\/#primaryimage","url":"https:\/\/www.ets-giroud.fr\/wp-content\/uploads\/2026\/04\/Capture-decran-2026-04-08-111943.png","contentUrl":"https:\/\/www.ets-giroud.fr\/wp-content\/uploads\/2026\/04\/Capture-decran-2026-04-08-111943.png","width":757,"height":519},{"@type":"BreadcrumbList","@id":"https:\/\/www.ets-giroud.fr\/index.php\/produit\/clapet-anti-retour-pression\/#breadcrumb","itemListElement":[{"@type":"ListItem","position":1,"name":"Accueil","item":"https:\/\/www.ets-giroud.fr\/"},{"@type":"ListItem","position":2,"name":"Produits","item":"https:\/\/www.ets-giroud.fr\/index.php\/shop\/"},{"@type":"ListItem","position":3,"name":"Clapet anti retour pression"}]},{"@type":"WebSite","@id":"https:\/\/www.ets-giroud.fr\/#website","url":"https:\/\/www.ets-giroud.fr\/","name":"ETS GIROUD","description":"","publisher":{"@id":"https:\/\/www.ets-giroud.fr\/#organization"},"potentialAction":[{"@type":"SearchAction","target":{"@type":"EntryPoint","urlTemplate":"https:\/\/www.ets-giroud.fr\/?s={search_term_string}"},"query-input":{"@type":"PropertyValueSpecification","valueRequired":true,"valueName":"search_term_string"}}],"inLanguage":"fr-FR"},{"@type":"Organization","@id":"https:\/\/www.ets-giroud.fr\/#organization","name":"ETS GIROUD","alternateName":"ETABLISSEMENT GIROUD VENISSIEUX","url":"https:\/\/www.ets-giroud.fr\/","logo":{"@type":"ImageObject","inLanguage":"fr-FR","@id":"https:\/\/www.ets-giroud.fr\/#\/schema\/logo\/image\/","url":"https:\/\/www.ets-giroud.fr\/wp-content\/uploads\/2023\/02\/LOGO-GIROUD-SS-FOND-Photoroom-2.png","contentUrl":"https:\/\/www.ets-giroud.fr\/wp-content\/uploads\/2023\/02\/LOGO-GIROUD-SS-FOND-Photoroom-2.png","width":1691,"height":1038,"caption":"ETS GIROUD"},"image":{"@id":"https:\/\/www.ets-giroud.fr\/#\/schema\/logo\/image\/"}}]}},"_links":{"self":[{"href":"https:\/\/www.ets-giroud.fr\/index.php\/wp-json\/wp\/v2\/product\/6841","targetHints":{"allow":["GET"]}}],"collection":[{"href":"https:\/\/www.ets-giroud.fr\/index.php\/wp-json\/wp\/v2\/product"}],"about":[{"href":"https:\/\/www.ets-giroud.fr\/index.php\/wp-json\/wp\/v2\/types\/product"}],"replies":[{"embeddable":true,"href":"https:\/\/www.ets-giroud.fr\/index.php\/wp-json\/wp\/v2\/comments?post=6841"}],"wp:featuredmedia":[{"embeddable":true,"href":"https:\/\/www.ets-giroud.fr\/index.php\/wp-json\/wp\/v2\/media\/6845"}],"wp:attachment":[{"href":"https:\/\/www.ets-giroud.fr\/index.php\/wp-json\/wp\/v2\/media?parent=6841"}],"wp:term":[{"taxonomy":"product_brand","embeddable":true,"href":"https:\/\/www.ets-giroud.fr\/index.php\/wp-json\/wp\/v2\/product_brand?post=6841"},{"taxonomy":"product_cat","embeddable":true,"href":"https:\/\/www.ets-giroud.fr\/index.php\/wp-json\/wp\/v2\/product_cat?post=6841"},{"taxonomy":"product_tag","embeddable":true,"href":"https:\/\/www.ets-giroud.fr\/index.php\/wp-json\/wp\/v2\/product_tag?post=6841"}],"curies":[{"name":"wp","href":"https:\/\/api.w.org\/{rel}","templated":true}]}}